{"id":2451,"date":"2018-12-10T20:51:12","date_gmt":"2018-12-10T20:51:12","guid":{"rendered":"http:\/\/www.ert.com.co\/?page_id=2451"},"modified":"2025-05-14T16:09:45","modified_gmt":"2025-05-14T21:09:45","slug":"habeas-data","status":"publish","type":"page","link":"https:\/\/www.ert.com.co\/index.php\/habeas-data\/","title":{"rendered":"HABEAS DATA"},"content":{"rendered":"\t\t<div data-elementor-type=\"wp-post\" data-elementor-id=\"2451\" class=\"elementor elementor-2451\">\n\t\t\t\t\t\t<section class=\"elementor-section elementor-top-section elementor-element elementor-element-20240895 elementor-section-boxed elementor-section-height-default elementor-section-height-default\" data-id=\"20240895\" data-element_type=\"section\">\n\t\t\t\t\t\t<div class=\"elementor-container elementor-column-gap-default\">\n\t\t\t\t\t<div class=\"elementor-column elementor-col-100 elementor-top-column elementor-element elementor-element-4e8efd3c\" data-id=\"4e8efd3c\" data-element_type=\"column\">\n\t\t\t<div class=\"elementor-widget-wrap elementor-element-populated\">\n\t\t\t\t\t\t<div class=\"elementor-element elementor-element-3bc2a743 elementor-widget elementor-widget-image\" data-id=\"3bc2a743\" data-element_type=\"widget\" data-widget_type=\"image.default\">\n\t\t\t\t<div class=\"elementor-widget-container\">\n\t\t\t\t\t\t\t\t\t\t\t\t\t\t\t<img fetchpriority=\"high\" decoding=\"async\" width=\"1920\" height=\"600\" src=\"https:\/\/www.ert.com.co\/wp-content\/uploads\/2018\/12\/data.jpg\" class=\"attachment-full size-full wp-image-2918\" alt=\"\" srcset=\"https:\/\/www.ert.com.co\/wp-content\/uploads\/2018\/12\/data.jpg 1920w, https:\/\/www.ert.com.co\/wp-content\/uploads\/2018\/12\/data-300x94.jpg 300w, https:\/\/www.ert.com.co\/wp-content\/uploads\/2018\/12\/data-768x240.jpg 768w, https:\/\/www.ert.com.co\/wp-content\/uploads\/2018\/12\/data-1024x320.jpg 1024w, https:\/\/www.ert.com.co\/wp-content\/uploads\/2018\/12\/data-600x188.jpg 600w\" sizes=\"(max-width: 1920px) 100vw, 1920px\" \/>\t\t\t\t\t\t\t\t\t\t\t\t\t\t\t<\/div>\n\t\t\t\t<\/div>\n\t\t\t\t\t<\/div>\n\t\t<\/div>\n\t\t\t\t\t<\/div>\n\t\t<\/section>\n\t\t\t\t<section class=\"elementor-section elementor-top-section elementor-element elementor-element-774ad267 elementor-section-boxed elementor-section-height-default elementor-section-height-default\" data-id=\"774ad267\" data-element_type=\"section\">\n\t\t\t\t\t\t<div class=\"elementor-container elementor-column-gap-default\">\n\t\t\t\t\t<div class=\"elementor-column elementor-col-33 elementor-top-column elementor-element elementor-element-18fa344b\" data-id=\"18fa344b\" data-element_type=\"column\">\n\t\t\t<div class=\"elementor-widget-wrap elementor-element-populated\">\n\t\t\t\t\t\t<div class=\"elementor-element elementor-element-2c8d37dd elementor-widget elementor-widget-text-editor\" data-id=\"2c8d37dd\" data-element_type=\"widget\" data-widget_type=\"text-editor.default\">\n\t\t\t\t<div class=\"elementor-widget-container\">\n\t\t\t\t\t\t\t\t\t<h3 style=\"text-align: center;\">Autorizaci\u00f3n<\/h3>\t\t\t\t\t\t\t\t<\/div>\n\t\t\t\t<\/div>\n\t\t\t\t<div class=\"elementor-element elementor-element-68b6c100 elementor-widget elementor-widget-text-editor\" data-id=\"68b6c100\" data-element_type=\"widget\" data-widget_type=\"text-editor.default\">\n\t\t\t\t<div class=\"elementor-widget-container\">\n\t\t\t\t\t\t\t\t\t<p style=\"text-align: center;\">Autorizo a ERT para usar mis datos personales con la finalidad de:<br \/>I) Comunicar eficientemente informaci\u00f3n propia de ERT, as\u00ed como de nuestras filiales y\/o aliados comerciales, sobre productos, servicios, ofertas. II) Informar sobre nuevos productos o servicios que est\u00e9n relacionados con el o los servicios adquiridos. III) Evaluar la calidad del o los servicios. IV) Informar sobre cambios de nuestros productos o servicios. V) Participar en programas de lealtad con beneficios. VI) Realizar estudios de mercado sobre h\u00e1bitos de consumo. VII) Transferir y transmitir datos personales a terceros con v\u00ednculos comerciales con ERT. VIII) Las dem\u00e1s finalidades estrechamente asociadas y necesarias para cumplir los fines de mercadeo.<\/p>\t\t\t\t\t\t\t\t<\/div>\n\t\t\t\t<\/div>\n\t\t\t\t\t<\/div>\n\t\t<\/div>\n\t\t\t\t<div class=\"elementor-column elementor-col-33 elementor-top-column elementor-element elementor-element-3dd9dd7b\" data-id=\"3dd9dd7b\" data-element_type=\"column\">\n\t\t\t<div class=\"elementor-widget-wrap elementor-element-populated\">\n\t\t\t\t\t\t<div class=\"elementor-element elementor-element-969cb11 elementor-widget elementor-widget-text-editor\" data-id=\"969cb11\" data-element_type=\"widget\" data-widget_type=\"text-editor.default\">\n\t\t\t\t<div class=\"elementor-widget-container\">\n\t\t\t\t\t\t\t\t\t<h3 style=\"text-align: center;\">Revocatoria<\/h3>\t\t\t\t\t\t\t\t<\/div>\n\t\t\t\t<\/div>\n\t\t\t\t<div class=\"elementor-element elementor-element-3a72b096 elementor-widget elementor-widget-text-editor\" data-id=\"3a72b096\" data-element_type=\"widget\" data-widget_type=\"text-editor.default\">\n\t\t\t\t<div class=\"elementor-widget-container\">\n\t\t\t\t\t\t\t\t\t<p style=\"text-align: center;\">Revoco y\/o no autorizo a ERT para usar mis datos personales con la finalidad de: I) Comunicar eficientemente informaci\u00f3n propia de ERT, as\u00ed como de nuestras filiales y\/o aliados comerciales, sobre productos, servicios, ofertas, II) Informar sobre nuevos productos o servicios que est\u00e9n relacionados con el o los servicios adquiridos. III) Evaluar la calidad del o los servicios. IV) Informar sobre cambios de nuestros productos o servicios. V) Participar en programas de lealtad con beneficios. VI)Realizar estudios de mercado sobre h\u00e1bitos de consumo. VII) Transferir y transmitir datos personales a terceros con v\u00ednculos comerciales con ERT. VIII) Las dem\u00e1s finalidades estrechamente asociadas y necesarias para cumplir los fines de mercadeo.<\/p>\t\t\t\t\t\t\t\t<\/div>\n\t\t\t\t<\/div>\n\t\t\t\t\t<\/div>\n\t\t<\/div>\n\t\t\t\t<div class=\"elementor-column elementor-col-33 elementor-top-column elementor-element elementor-element-16101440\" data-id=\"16101440\" data-element_type=\"column\">\n\t\t\t<div class=\"elementor-widget-wrap elementor-element-populated\">\n\t\t\t\t\t\t<div class=\"elementor-element elementor-element-40891f03 elementor-widget elementor-widget-text-editor\" data-id=\"40891f03\" data-element_type=\"widget\" data-widget_type=\"text-editor.default\">\n\t\t\t\t<div class=\"elementor-widget-container\">\n\t\t\t\t\t\t\t\t\t<h3 style=\"text-align: center;\">Supresi\u00f3n<\/h3>\t\t\t\t\t\t\t\t<\/div>\n\t\t\t\t<\/div>\n\t\t\t\t<div class=\"elementor-element elementor-element-1de24068 elementor-widget elementor-widget-text-editor\" data-id=\"1de24068\" data-element_type=\"widget\" data-widget_type=\"text-editor.default\">\n\t\t\t\t<div class=\"elementor-widget-container\">\n\t\t\t\t\t\t\t\t\tSolicito la SUPRESI\u00d3N de mis datos personales de las bases que no est\u00e9n relacionadas con la ejecuci\u00f3n del contrato de prestaci\u00f3n de servicios de comunicaciones.\t\t\t\t\t\t\t\t<\/div>\n\t\t\t\t<\/div>\n\t\t\t\t\t<\/div>\n\t\t<\/div>\n\t\t\t\t\t<\/div>\n\t\t<\/section>\n\t\t\t\t<section class=\"elementor-section elementor-top-section elementor-element elementor-element-11cf5b03 elementor-section-boxed elementor-section-height-default elementor-section-height-default\" data-id=\"11cf5b03\" data-element_type=\"section\">\n\t\t\t\t\t\t<div class=\"elementor-container elementor-column-gap-default\">\n\t\t\t\t\t<div class=\"elementor-column elementor-col-100 elementor-top-column elementor-element elementor-element-5f1ca45b\" data-id=\"5f1ca45b\" data-element_type=\"column\">\n\t\t\t<div class=\"elementor-widget-wrap elementor-element-populated\">\n\t\t\t\t\t\t<div class=\"elementor-element elementor-element-33a78388 elementor-widget-divider--view-line elementor-widget elementor-widget-divider\" data-id=\"33a78388\" data-element_type=\"widget\" data-widget_type=\"divider.default\">\n\t\t\t\t<div class=\"elementor-widget-container\">\n\t\t\t\t\t\t\t<div class=\"elementor-divider\">\n\t\t\t<span class=\"elementor-divider-separator\">\n\t\t\t\t\t\t<\/span>\n\t\t<\/div>\n\t\t\t\t\t\t<\/div>\n\t\t\t\t<\/div>\n\t\t\t\t\t<\/div>\n\t\t<\/div>\n\t\t\t\t\t<\/div>\n\t\t<\/section>\n\t\t\t\t<section class=\"elementor-section elementor-top-section elementor-element elementor-element-1600ebae elementor-section-boxed elementor-section-height-default elementor-section-height-default\" data-id=\"1600ebae\" data-element_type=\"section\">\n\t\t\t\t\t\t<div class=\"elementor-container elementor-column-gap-default\">\n\t\t\t\t\t<div class=\"elementor-column elementor-col-100 elementor-top-column elementor-element elementor-element-558e7d5c\" data-id=\"558e7d5c\" data-element_type=\"column\">\n\t\t\t<div class=\"elementor-widget-wrap elementor-element-populated\">\n\t\t\t\t\t\t<div class=\"elementor-element elementor-element-114e83c elementor-align-center elementor-widget elementor-widget-button\" data-id=\"114e83c\" data-element_type=\"widget\" data-widget_type=\"button.default\">\n\t\t\t\t<div class=\"elementor-widget-container\">\n\t\t\t\t\t\t\t\t\t<div class=\"elementor-button-wrapper\">\n\t\t\t\t\t<a class=\"elementor-button elementor-button-link elementor-size-sm\" href=\"https:\/\/www.ert.com.co\/Publicaciones\/politica%20de%20proteccion%20y%20tratamiento%20de%20datos.pdf\">\n\t\t\t\t\t\t<span class=\"elementor-button-content-wrapper\">\n\t\t\t\t\t\t\t\t\t<span class=\"elementor-button-text\">Politica de tratamiendo de datos. VER DOCUMENTO<\/span>\n\t\t\t\t\t<\/span>\n\t\t\t\t\t<\/a>\n\t\t\t\t<\/div>\n\t\t\t\t\t\t\t\t<\/div>\n\t\t\t\t<\/div>\n\t\t\t\t\t<\/div>\n\t\t<\/div>\n\t\t\t\t\t<\/div>\n\t\t<\/section>\n\t\t\t\t<section class=\"elementor-section elementor-top-section elementor-element elementor-element-9bda4cf elementor-section-boxed elementor-section-height-default elementor-section-height-default\" data-id=\"9bda4cf\" data-element_type=\"section\">\n\t\t\t\t\t\t<div class=\"elementor-container elementor-column-gap-default\">\n\t\t\t\t\t<div class=\"elementor-column elementor-col-100 elementor-top-column elementor-element elementor-element-6d574e50\" data-id=\"6d574e50\" data-element_type=\"column\">\n\t\t\t<div class=\"elementor-widget-wrap elementor-element-populated\">\n\t\t\t\t\t\t<div class=\"elementor-element elementor-element-23112125 elementor-widget-divider--view-line elementor-widget elementor-widget-divider\" data-id=\"23112125\" data-element_type=\"widget\" data-widget_type=\"divider.default\">\n\t\t\t\t<div class=\"elementor-widget-container\">\n\t\t\t\t\t\t\t<div class=\"elementor-divider\">\n\t\t\t<span class=\"elementor-divider-separator\">\n\t\t\t\t\t\t<\/span>\n\t\t<\/div>\n\t\t\t\t\t\t<\/div>\n\t\t\t\t<\/div>\n\t\t\t\t\t<\/div>\n\t\t<\/div>\n\t\t\t\t\t<\/div>\n\t\t<\/section>\n\t\t\t\t<section class=\"elementor-section elementor-top-section elementor-element elementor-element-6cf1f86 elementor-section-boxed elementor-section-height-default elementor-section-height-default\" data-id=\"6cf1f86\" data-element_type=\"section\">\n\t\t\t\t\t\t<div class=\"elementor-container elementor-column-gap-default\">\n\t\t\t\t\t<div class=\"elementor-column elementor-col-100 elementor-top-column elementor-element elementor-element-4c14675\" data-id=\"4c14675\" data-element_type=\"column\">\n\t\t\t<div class=\"elementor-widget-wrap elementor-element-populated\">\n\t\t\t\t\t\t<div class=\"elementor-element elementor-element-83babe7 elementor-widget elementor-widget-void-section-cf7\" data-id=\"83babe7\" data-element_type=\"widget\" data-widget_type=\"void-section-cf7.default\">\n\t\t\t\t<div class=\"elementor-widget-container\">\n\t\t\t\t\t<div class=\"void-cf7-form-widget-wrapper elementor-shortcode void-cf7-0\" data-void-cf7-contact-form-id=\"2916\">\n<div class=\"wpcf7 no-js\" id=\"wpcf7-f2916-o1\" lang=\"es-ES\" dir=\"ltr\" data-wpcf7-id=\"2916\">\n<div class=\"screen-reader-response\"><p role=\"status\" aria-live=\"polite\" aria-atomic=\"true\"><\/p> <ul><\/ul><\/div>\n<form action=\"\/index.php\/wp-json\/wp\/v2\/pages\/2451#wpcf7-f2916-o1\" method=\"post\" class=\"wpcf7-form init\" aria-label=\"Formulario de contacto\" novalidate=\"novalidate\" data-status=\"init\">\n<fieldset class=\"hidden-fields-container\"><input type=\"hidden\" name=\"_wpcf7\" value=\"2916\" \/><input type=\"hidden\" name=\"_wpcf7_version\" value=\"6.1.5\" \/><input type=\"hidden\" name=\"_wpcf7_locale\" value=\"es_ES\" \/><input type=\"hidden\" name=\"_wpcf7_unit_tag\" value=\"wpcf7-f2916-o1\" \/><input type=\"hidden\" name=\"_wpcf7_container_post\" value=\"0\" \/><input type=\"hidden\" name=\"_wpcf7_posted_data_hash\" value=\"\" \/>\n<\/fieldset>\n<p><label> Elige una opci\u00f3n:<br \/>\n<span class=\"wpcf7-form-control-wrap\" data-name=\"opcion-habeas-data\"><select class=\"wpcf7-form-control wpcf7-select wpcf7-validates-as-required\" aria-required=\"true\" aria-invalid=\"false\" name=\"opcion-habeas-data\"><option value=\"\">&#8212;Por favor, elige una opci\u00f3n&#8212;<\/option><option value=\"Autorizaci\u00f3n\">Autorizaci\u00f3n<\/option><option value=\"Revocatoria\">Revocatoria<\/option><option value=\"Supresi\u00f3n\">Supresi\u00f3n<\/option><\/select><\/span><br \/>\n<\/label>\n<\/p>\n<p><label> Tus nombres (requerido)<br \/>\n<span class=\"wpcf7-form-control-wrap\" data-name=\"su-nombre\"><input size=\"40\" maxlength=\"400\" class=\"wpcf7-form-control wpcf7-text wpcf7-validates-as-required\" aria-required=\"true\" aria-invalid=\"false\" value=\"\" type=\"text\" name=\"su-nombre\" \/><\/span> <\/label>\n<\/p>\n<p><label> Tus Apellidos (requerido)<br \/>\n<span class=\"wpcf7-form-control-wrap\" data-name=\"su-apellido\"><input size=\"40\" maxlength=\"400\" class=\"wpcf7-form-control wpcf7-text wpcf7-validates-as-required\" aria-required=\"true\" aria-invalid=\"false\" value=\"\" type=\"text\" name=\"su-apellido\" \/><\/span> <\/label>\n<\/p>\n<p><label> Elige un tipo de documento:<br \/>\n<span class=\"wpcf7-form-control-wrap\" data-name=\"tipo_documento\"><select class=\"wpcf7-form-control wpcf7-select wpcf7-validates-as-required\" aria-required=\"true\" aria-invalid=\"false\" name=\"tipo_documento\"><option value=\"\">&#8212;Por favor, elige una opci\u00f3n&#8212;<\/option><option value=\"C\u00e9dula de Ciudadan\u00eda\">C\u00e9dula de Ciudadan\u00eda<\/option><option value=\"NIT\">NIT<\/option><option value=\"Pasaporte\">Pasaporte<\/option><\/select><\/span><br \/>\n<\/label>\n<\/p>\n<p><label> Numero de Documento (requerido)<br \/>\n<span class=\"wpcf7-form-control-wrap\" data-name=\"su-numero\"><input size=\"40\" maxlength=\"400\" class=\"wpcf7-form-control wpcf7-text wpcf7-validates-as-required\" aria-required=\"true\" aria-invalid=\"false\" value=\"\" type=\"text\" name=\"su-numero\" \/><\/span> <\/label>\n<\/p>\n<p><label> Numero de Telefono (requerido)<br \/>\n<span class=\"wpcf7-form-control-wrap\" data-name=\"su-telefono\"><input size=\"40\" maxlength=\"400\" class=\"wpcf7-form-control wpcf7-text wpcf7-validates-as-required\" aria-required=\"true\" aria-invalid=\"false\" value=\"\" type=\"text\" name=\"su-telefono\" \/><\/span> <\/label>\n<\/p>\n<p><label> Tu correo electr\u00f3nico (requerido)<br \/>\n<span class=\"wpcf7-form-control-wrap\" data-name=\"su-email\"><input size=\"40\" maxlength=\"400\" class=\"wpcf7-form-control wpcf7-email wpcf7-validates-as-required wpcf7-text wpcf7-validates-as-email\" aria-required=\"true\" aria-invalid=\"false\" value=\"\" type=\"email\" name=\"su-email\" \/><\/span> <\/label>\n<\/p>\n<p><input class=\"wpcf7-form-control wpcf7-submit has-spinner\" type=\"submit\" value=\"Enviar\" \/>\n<\/p><div class=\"wpcf7-response-output\" aria-hidden=\"true\"><\/div>\n<\/form>\n<\/div>\n<\/div> \t\t\t<script>\r\n \t\t\t        var theform = document.querySelector('.void-cf7-0');\r\n\t\t\t\t\t\ttheform.addEventListener( 'wpcf7mailsent', function( event ) {\r\n\t\t\t\t\t    location = 'https:\/\/www.ert.com.co\/index.php\/habeas-data\/';\r\n\t\t\t\t\t}, false );\r\n\t\t\t<\/script>\r\n\r\n\t\t\t\t\t\t<\/div>\n\t\t\t\t<\/div>\n\t\t\t\t\t<\/div>\n\t\t<\/div>\n\t\t\t\t\t<\/div>\n\t\t<\/section>\n\t\t\t\t<\/div>\n\t\t","protected":false},"excerpt":{"rendered":"<p>Autorizaci\u00f3n Autorizo a ERT para usar mis datos personales con la finalidad de:I) Comunicar eficientemente informaci\u00f3n propia de ERT, as\u00ed como de nuestras filiales y\/o aliados comerciales, sobre productos, servicios, [&hellip;]<\/p>\n","protected":false},"author":1,"featured_media":0,"parent":0,"menu_order":0,"comment_status":"closed","ping_status":"closed","template":"elementor_canvas","meta":{"_EventAllDay":false,"_EventTimezone":"","_EventStartDate":"","_EventEndDate":"","_EventStartDateUTC":"","_EventEndDateUTC":"","_EventShowMap":false,"_EventShowMapLink":false,"_EventURL":"","_EventCost":"","_EventCostDescription":"","_EventCurrencySymbol":"","_EventCurrencyCode":"","_EventCurrencyPosition":"","_EventDateTimeSeparator":"","_EventTimeRangeSeparator":"","_EventOrganizerID":[],"_EventVenueID":[],"_OrganizerEmail":"","_OrganizerPhone":"","_OrganizerWebsite":"","_VenueAddress":"","_VenueCity":"","_VenueCountry":"","_VenueProvince":"","_VenueState":"","_VenueZip":"","_VenuePhone":"","_VenueURL":"","_VenueStateProvince":"","_VenueLat":"","_VenueLng":"","_VenueShowMap":false,"_VenueShowMapLink":false,"footnotes":""},"class_list":["post-2451","page","type-page","status-publish","hentry","entry"],"yoast_head":"<!-- This site is optimized with the Yoast SEO plugin v27.3 - https:\/\/yoast.com\/product\/yoast-seo-wordpress\/ -->\n<title>HABEAS DATA - ERT ESP<\/title>\n<meta name=\"robots\" content=\"index, follow, max-snippet:-1, max-image-preview:large, max-video-preview:-1\" \/>\n<link rel=\"canonical\" href=\"https:\/\/www.ert.com.co\/index.php\/habeas-data\/\" \/>\n<meta property=\"og:locale\" content=\"es_ES\" \/>\n<meta property=\"og:type\" content=\"article\" \/>\n<meta property=\"og:title\" content=\"HABEAS DATA - ERT ESP\" \/>\n<meta property=\"og:description\" content=\"Autorizaci\u00f3n Autorizo a ERT para usar mis datos personales con la finalidad de:I) Comunicar eficientemente informaci\u00f3n propia de ERT, as\u00ed como de nuestras filiales y\/o aliados comerciales, sobre productos, servicios, [&hellip;]\" \/>\n<meta property=\"og:url\" content=\"https:\/\/www.ert.com.co\/index.php\/habeas-data\/\" \/>\n<meta property=\"og:site_name\" content=\"ERT ESP\" \/>\n<meta property=\"article:modified_time\" content=\"2025-05-14T21:09:45+00:00\" \/>\n<meta property=\"og:image\" content=\"https:\/\/www.ert.com.co\/wp-content\/uploads\/2018\/12\/data.jpg\" \/>\n\t<meta property=\"og:image:width\" content=\"1920\" \/>\n\t<meta property=\"og:image:height\" content=\"600\" \/>\n\t<meta property=\"og:image:type\" content=\"image\/jpeg\" \/>\n<meta name=\"twitter:card\" content=\"summary_large_image\" \/>\n<meta name=\"twitter:label1\" content=\"Tiempo de lectura\" \/>\n\t<meta name=\"twitter:data1\" content=\"2 minutos\" \/>\n<script type=\"application\/ld+json\" class=\"yoast-schema-graph\">{\"@context\":\"https:\\\/\\\/schema.org\",\"@graph\":[{\"@type\":\"WebPage\",\"@id\":\"https:\\\/\\\/www.ert.com.co\\\/index.php\\\/habeas-data\\\/\",\"url\":\"https:\\\/\\\/www.ert.com.co\\\/index.php\\\/habeas-data\\\/\",\"name\":\"HABEAS DATA - ERT ESP\",\"isPartOf\":{\"@id\":\"https:\\\/\\\/www.ert.com.co\\\/#website\"},\"primaryImageOfPage\":{\"@id\":\"https:\\\/\\\/www.ert.com.co\\\/index.php\\\/habeas-data\\\/#primaryimage\"},\"image\":{\"@id\":\"https:\\\/\\\/www.ert.com.co\\\/index.php\\\/habeas-data\\\/#primaryimage\"},\"thumbnailUrl\":\"https:\\\/\\\/www.ert.com.co\\\/wp-content\\\/uploads\\\/2018\\\/12\\\/data.jpg\",\"datePublished\":\"2018-12-10T20:51:12+00:00\",\"dateModified\":\"2025-05-14T21:09:45+00:00\",\"breadcrumb\":{\"@id\":\"https:\\\/\\\/www.ert.com.co\\\/index.php\\\/habeas-data\\\/#breadcrumb\"},\"inLanguage\":\"es\",\"potentialAction\":[{\"@type\":\"ReadAction\",\"target\":[\"https:\\\/\\\/www.ert.com.co\\\/index.php\\\/habeas-data\\\/\"]}]},{\"@type\":\"ImageObject\",\"inLanguage\":\"es\",\"@id\":\"https:\\\/\\\/www.ert.com.co\\\/index.php\\\/habeas-data\\\/#primaryimage\",\"url\":\"https:\\\/\\\/www.ert.com.co\\\/wp-content\\\/uploads\\\/2018\\\/12\\\/data.jpg\",\"contentUrl\":\"https:\\\/\\\/www.ert.com.co\\\/wp-content\\\/uploads\\\/2018\\\/12\\\/data.jpg\",\"width\":1920,\"height\":600},{\"@type\":\"BreadcrumbList\",\"@id\":\"https:\\\/\\\/www.ert.com.co\\\/index.php\\\/habeas-data\\\/#breadcrumb\",\"itemListElement\":[{\"@type\":\"ListItem\",\"position\":1,\"name\":\"Portada\",\"item\":\"https:\\\/\\\/www.ert.com.co\\\/\"},{\"@type\":\"ListItem\",\"position\":2,\"name\":\"HABEAS DATA\"}]},{\"@type\":\"WebSite\",\"@id\":\"https:\\\/\\\/www.ert.com.co\\\/#website\",\"url\":\"https:\\\/\\\/www.ert.com.co\\\/\",\"name\":\"ERT ESP\",\"description\":\"Te conecta a lo que quieres\",\"potentialAction\":[{\"@type\":\"SearchAction\",\"target\":{\"@type\":\"EntryPoint\",\"urlTemplate\":\"https:\\\/\\\/www.ert.com.co\\\/?s={search_term_string}\"},\"query-input\":{\"@type\":\"PropertyValueSpecification\",\"valueRequired\":true,\"valueName\":\"search_term_string\"}}],\"inLanguage\":\"es\"}]}<\/script>\n<!-- \/ Yoast SEO plugin. -->","yoast_head_json":{"title":"HABEAS DATA - ERT ESP","robots":{"index":"index","follow":"follow","max-snippet":"max-snippet:-1","max-image-preview":"max-image-preview:large","max-video-preview":"max-video-preview:-1"},"canonical":"https:\/\/www.ert.com.co\/index.php\/habeas-data\/","og_locale":"es_ES","og_type":"article","og_title":"HABEAS DATA - ERT ESP","og_description":"Autorizaci\u00f3n Autorizo a ERT para usar mis datos personales con la finalidad de:I) Comunicar eficientemente informaci\u00f3n propia de ERT, as\u00ed como de nuestras filiales y\/o aliados comerciales, sobre productos, servicios, [&hellip;]","og_url":"https:\/\/www.ert.com.co\/index.php\/habeas-data\/","og_site_name":"ERT ESP","article_modified_time":"2025-05-14T21:09:45+00:00","og_image":[{"width":1920,"height":600,"url":"https:\/\/www.ert.com.co\/wp-content\/uploads\/2018\/12\/data.jpg","type":"image\/jpeg"}],"twitter_card":"summary_large_image","twitter_misc":{"Tiempo de lectura":"2 minutos"},"schema":{"@context":"https:\/\/schema.org","@graph":[{"@type":"WebPage","@id":"https:\/\/www.ert.com.co\/index.php\/habeas-data\/","url":"https:\/\/www.ert.com.co\/index.php\/habeas-data\/","name":"HABEAS DATA - ERT ESP","isPartOf":{"@id":"https:\/\/www.ert.com.co\/#website"},"primaryImageOfPage":{"@id":"https:\/\/www.ert.com.co\/index.php\/habeas-data\/#primaryimage"},"image":{"@id":"https:\/\/www.ert.com.co\/index.php\/habeas-data\/#primaryimage"},"thumbnailUrl":"https:\/\/www.ert.com.co\/wp-content\/uploads\/2018\/12\/data.jpg","datePublished":"2018-12-10T20:51:12+00:00","dateModified":"2025-05-14T21:09:45+00:00","breadcrumb":{"@id":"https:\/\/www.ert.com.co\/index.php\/habeas-data\/#breadcrumb"},"inLanguage":"es","potentialAction":[{"@type":"ReadAction","target":["https:\/\/www.ert.com.co\/index.php\/habeas-data\/"]}]},{"@type":"ImageObject","inLanguage":"es","@id":"https:\/\/www.ert.com.co\/index.php\/habeas-data\/#primaryimage","url":"https:\/\/www.ert.com.co\/wp-content\/uploads\/2018\/12\/data.jpg","contentUrl":"https:\/\/www.ert.com.co\/wp-content\/uploads\/2018\/12\/data.jpg","width":1920,"height":600},{"@type":"BreadcrumbList","@id":"https:\/\/www.ert.com.co\/index.php\/habeas-data\/#breadcrumb","itemListElement":[{"@type":"ListItem","position":1,"name":"Portada","item":"https:\/\/www.ert.com.co\/"},{"@type":"ListItem","position":2,"name":"HABEAS DATA"}]},{"@type":"WebSite","@id":"https:\/\/www.ert.com.co\/#website","url":"https:\/\/www.ert.com.co\/","name":"ERT ESP","description":"Te conecta a lo que quieres","potentialAction":[{"@type":"SearchAction","target":{"@type":"EntryPoint","urlTemplate":"https:\/\/www.ert.com.co\/?s={search_term_string}"},"query-input":{"@type":"PropertyValueSpecification","valueRequired":true,"valueName":"search_term_string"}}],"inLanguage":"es"}]}},"_links":{"self":[{"href":"https:\/\/www.ert.com.co\/index.php\/wp-json\/wp\/v2\/pages\/2451","targetHints":{"allow":["GET"]}}],"collection":[{"href":"https:\/\/www.ert.com.co\/index.php\/wp-json\/wp\/v2\/pages"}],"about":[{"href":"https:\/\/www.ert.com.co\/index.php\/wp-json\/wp\/v2\/types\/page"}],"author":[{"embeddable":true,"href":"https:\/\/www.ert.com.co\/index.php\/wp-json\/wp\/v2\/users\/1"}],"replies":[{"embeddable":true,"href":"https:\/\/www.ert.com.co\/index.php\/wp-json\/wp\/v2\/comments?post=2451"}],"version-history":[{"count":6,"href":"https:\/\/www.ert.com.co\/index.php\/wp-json\/wp\/v2\/pages\/2451\/revisions"}],"predecessor-version":[{"id":6465,"href":"https:\/\/www.ert.com.co\/index.php\/wp-json\/wp\/v2\/pages\/2451\/revisions\/6465"}],"wp:attachment":[{"href":"https:\/\/www.ert.com.co\/index.php\/wp-json\/wp\/v2\/media?parent=2451"}],"curies":[{"name":"wp","href":"https:\/\/api.w.org\/{rel}","templated":true}]}}