{"id":2513,"date":"2018-12-10T21:13:45","date_gmt":"2018-12-10T21:13:45","guid":{"rendered":"http:\/\/www.ert.com.co\/?page_id=2513"},"modified":"2025-05-22T16:57:12","modified_gmt":"2025-05-22T21:57:12","slug":"oferta-basica-de-interconexion","status":"publish","type":"page","link":"https:\/\/www.ert.com.co\/index.php\/oferta-basica-de-interconexion\/","title":{"rendered":"OFERTA B\u00c1SICA DE INTERCONEXION"},"content":{"rendered":"\t\t<div data-elementor-type=\"wp-post\" data-elementor-id=\"2513\" class=\"elementor elementor-2513\">\n\t\t\t\t\t\t<section class=\"elementor-section elementor-top-section elementor-element elementor-element-1776e54e elementor-section-boxed elementor-section-height-default elementor-section-height-default\" data-id=\"1776e54e\" data-element_type=\"section\">\n\t\t\t\t\t\t<div class=\"elementor-container elementor-column-gap-default\">\n\t\t\t\t\t<div class=\"elementor-column elementor-col-100 elementor-top-column elementor-element elementor-element-39957957\" data-id=\"39957957\" data-element_type=\"column\">\n\t\t\t<div class=\"elementor-widget-wrap elementor-element-populated\">\n\t\t\t\t\t\t<div class=\"elementor-element elementor-element-6eb3e64c elementor-widget elementor-widget-heading\" data-id=\"6eb3e64c\" data-element_type=\"widget\" data-widget_type=\"heading.default\">\n\t\t\t\t<div class=\"elementor-widget-container\">\n\t\t\t\t\t<h1 class=\"elementor-heading-title elementor-size-large\">OFERTA B\u00c1SICA DE INTERCONEXI\u00d3N<\/h1>\t\t\t\t<\/div>\n\t\t\t\t<\/div>\n\t\t\t\t\t<\/div>\n\t\t<\/div>\n\t\t\t\t\t<\/div>\n\t\t<\/section>\n\t\t\t\t<section class=\"elementor-section elementor-top-section elementor-element elementor-element-1c432b69 elementor-section-boxed elementor-section-height-default elementor-section-height-default\" data-id=\"1c432b69\" data-element_type=\"section\">\n\t\t\t\t\t\t<div class=\"elementor-container elementor-column-gap-default\">\n\t\t\t\t\t<div class=\"elementor-column elementor-col-33 elementor-top-column elementor-element elementor-element-9dc509d\" data-id=\"9dc509d\" data-element_type=\"column\">\n\t\t\t<div class=\"elementor-widget-wrap elementor-element-populated\">\n\t\t\t\t\t\t<div class=\"elementor-element elementor-element-2bb97eae elementor-widget elementor-widget-image\" data-id=\"2bb97eae\" data-element_type=\"widget\" data-widget_type=\"image.default\">\n\t\t\t\t<div class=\"elementor-widget-container\">\n\t\t\t\t\t\t\t\t\t\t\t\t\t\t\t\t<a href=\"http:\/\/www.ert.com.co\/Publicaciones\/APROBACION%20OBI%202023.pdf\">\n\t\t\t\t\t\t\t<img decoding=\"async\" width=\"150\" height=\"150\" src=\"https:\/\/www.ert.com.co\/wp-content\/uploads\/2018\/12\/iconos-03-150x150.png\" class=\"attachment-thumbnail size-thumbnail wp-image-2495\" alt=\"\" srcset=\"https:\/\/www.ert.com.co\/wp-content\/uploads\/2018\/12\/iconos-03-150x150.png 150w, https:\/\/www.ert.com.co\/wp-content\/uploads\/2018\/12\/iconos-03-300x300.png 300w, https:\/\/www.ert.com.co\/wp-content\/uploads\/2018\/12\/iconos-03-100x100.png 100w, https:\/\/www.ert.com.co\/wp-content\/uploads\/2018\/12\/iconos-03.png 313w\" sizes=\"(max-width: 150px) 100vw, 150px\" \/>\t\t\t\t\t\t\t\t<\/a>\n\t\t\t\t\t\t\t\t\t\t\t\t\t\t\t<\/div>\n\t\t\t\t<\/div>\n\t\t\t\t<div class=\"elementor-element elementor-element-8bb6945 elementor-widget elementor-widget-text-editor\" data-id=\"8bb6945\" data-element_type=\"widget\" data-widget_type=\"text-editor.default\">\n\t\t\t\t<div class=\"elementor-widget-container\">\n\t\t\t\t\t\t\t\t\t<h3>OBI ERT RESOLUCION\u00a0 7216<\/h3>\t\t\t\t\t\t\t\t<\/div>\n\t\t\t\t<\/div>\n\t\t\t\t<div class=\"elementor-element elementor-element-c3689d3 elementor-widget elementor-widget-image\" data-id=\"c3689d3\" data-element_type=\"widget\" data-widget_type=\"image.default\">\n\t\t\t\t<div class=\"elementor-widget-container\">\n\t\t\t\t\t\t\t\t\t\t\t\t\t\t\t\t<a href=\"http:\/\/www.ert.com.co\/Publicaciones\/Resolucion%204894.pdf\">\n\t\t\t\t\t\t\t<img decoding=\"async\" width=\"150\" height=\"150\" src=\"https:\/\/www.ert.com.co\/wp-content\/uploads\/2018\/12\/iconos-03-150x150.png\" class=\"attachment-thumbnail size-thumbnail wp-image-2495\" alt=\"\" srcset=\"https:\/\/www.ert.com.co\/wp-content\/uploads\/2018\/12\/iconos-03-150x150.png 150w, https:\/\/www.ert.com.co\/wp-content\/uploads\/2018\/12\/iconos-03-300x300.png 300w, https:\/\/www.ert.com.co\/wp-content\/uploads\/2018\/12\/iconos-03-100x100.png 100w, https:\/\/www.ert.com.co\/wp-content\/uploads\/2018\/12\/iconos-03.png 313w\" sizes=\"(max-width: 150px) 100vw, 150px\" \/>\t\t\t\t\t\t\t\t<\/a>\n\t\t\t\t\t\t\t\t\t\t\t\t\t\t\t<\/div>\n\t\t\t\t<\/div>\n\t\t\t\t<div class=\"elementor-element elementor-element-1ecf44de elementor-widget elementor-widget-text-editor\" data-id=\"1ecf44de\" data-element_type=\"widget\" data-widget_type=\"text-editor.default\">\n\t\t\t\t<div class=\"elementor-widget-container\">\n\t\t\t\t\t\t\t\t\t<h3>RESOLUCION CRC 4894&nbsp;<\/h3>\t\t\t\t\t\t\t\t<\/div>\n\t\t\t\t<\/div>\n\t\t\t\t\t<\/div>\n\t\t<\/div>\n\t\t\t\t<div class=\"elementor-column elementor-col-33 elementor-top-column elementor-element elementor-element-461112c7\" data-id=\"461112c7\" data-element_type=\"column\">\n\t\t\t<div class=\"elementor-widget-wrap elementor-element-populated\">\n\t\t\t\t\t\t<div class=\"elementor-element elementor-element-70d42f3b elementor-widget elementor-widget-image\" data-id=\"70d42f3b\" data-element_type=\"widget\" data-widget_type=\"image.default\">\n\t\t\t\t<div class=\"elementor-widget-container\">\n\t\t\t\t\t\t\t\t\t\t\t\t\t\t\t\t<a href=\"http:\/\/www.ert.com.co\/Publicaciones\/RESOLUCION%20CRC%20No.%202622%20ERT%20OBI%20(Aprobacion%20OBI).pdf\">\n\t\t\t\t\t\t\t<img decoding=\"async\" width=\"150\" height=\"150\" src=\"https:\/\/www.ert.com.co\/wp-content\/uploads\/2018\/12\/iconos-03-150x150.png\" class=\"attachment-thumbnail size-thumbnail wp-image-2495\" alt=\"\" srcset=\"https:\/\/www.ert.com.co\/wp-content\/uploads\/2018\/12\/iconos-03-150x150.png 150w, https:\/\/www.ert.com.co\/wp-content\/uploads\/2018\/12\/iconos-03-300x300.png 300w, https:\/\/www.ert.com.co\/wp-content\/uploads\/2018\/12\/iconos-03-100x100.png 100w, https:\/\/www.ert.com.co\/wp-content\/uploads\/2018\/12\/iconos-03.png 313w\" sizes=\"(max-width: 150px) 100vw, 150px\" \/>\t\t\t\t\t\t\t\t<\/a>\n\t\t\t\t\t\t\t\t\t\t\t\t\t\t\t<\/div>\n\t\t\t\t<\/div>\n\t\t\t\t<div class=\"elementor-element elementor-element-48d1b552 elementor-widget elementor-widget-text-editor\" data-id=\"48d1b552\" data-element_type=\"widget\" data-widget_type=\"text-editor.default\">\n\t\t\t\t<div class=\"elementor-widget-container\">\n\t\t\t\t\t\t\t\t\t<h3>RESOLUCION CRC No. 2622 ERT OBI<\/h3>\t\t\t\t\t\t\t\t<\/div>\n\t\t\t\t<\/div>\n\t\t\t\t<div class=\"elementor-element elementor-element-0d3c1f9 elementor-widget elementor-widget-image\" data-id=\"0d3c1f9\" data-element_type=\"widget\" data-widget_type=\"image.default\">\n\t\t\t\t<div class=\"elementor-widget-container\">\n\t\t\t\t\t\t\t\t\t\t\t\t\t\t\t\t<a href=\"http:\/\/www.ert.com.co\/Publicaciones\/Carta%20Res%205826%20de%202019.pdf\">\n\t\t\t\t\t\t\t<img decoding=\"async\" width=\"150\" height=\"150\" src=\"https:\/\/www.ert.com.co\/wp-content\/uploads\/2018\/12\/iconos-03-150x150.png\" class=\"attachment-thumbnail size-thumbnail wp-image-2495\" alt=\"\" srcset=\"https:\/\/www.ert.com.co\/wp-content\/uploads\/2018\/12\/iconos-03-150x150.png 150w, https:\/\/www.ert.com.co\/wp-content\/uploads\/2018\/12\/iconos-03-300x300.png 300w, https:\/\/www.ert.com.co\/wp-content\/uploads\/2018\/12\/iconos-03-100x100.png 100w, https:\/\/www.ert.com.co\/wp-content\/uploads\/2018\/12\/iconos-03.png 313w\" sizes=\"(max-width: 150px) 100vw, 150px\" \/>\t\t\t\t\t\t\t\t<\/a>\n\t\t\t\t\t\t\t\t\t\t\t\t\t\t\t<\/div>\n\t\t\t\t<\/div>\n\t\t\t\t<div class=\"elementor-element elementor-element-3c4857c elementor-widget elementor-widget-text-editor\" data-id=\"3c4857c\" data-element_type=\"widget\" data-widget_type=\"text-editor.default\">\n\t\t\t\t<div class=\"elementor-widget-container\">\n\t\t\t\t\t\t\t\t\t<h3>RESOLUCION\u00a0 5826 DE 2019<\/h3>\t\t\t\t\t\t\t\t<\/div>\n\t\t\t\t<\/div>\n\t\t\t\t\t<\/div>\n\t\t<\/div>\n\t\t\t\t<div class=\"elementor-column elementor-col-33 elementor-top-column elementor-element elementor-element-1423e2a1\" data-id=\"1423e2a1\" data-element_type=\"column\">\n\t\t\t<div class=\"elementor-widget-wrap elementor-element-populated\">\n\t\t\t\t\t\t<div class=\"elementor-element elementor-element-1072a44d elementor-widget elementor-widget-image\" data-id=\"1072a44d\" data-element_type=\"widget\" data-widget_type=\"image.default\">\n\t\t\t\t<div class=\"elementor-widget-container\">\n\t\t\t\t\t\t\t\t\t\t\t\t\t\t\t\t<a href=\"http:\/\/www.ert.com.co\/Publicaciones\/FormatoOBIv5.1%20ERT%20Aprobacion%20Res%20CRC%207216%20de%202023.xlsx\">\n\t\t\t\t\t\t\t<img decoding=\"async\" width=\"150\" height=\"150\" src=\"https:\/\/www.ert.com.co\/wp-content\/uploads\/2018\/12\/iconos-02-150x150.png\" class=\"attachment-thumbnail size-thumbnail wp-image-2464\" alt=\"\" srcset=\"https:\/\/www.ert.com.co\/wp-content\/uploads\/2018\/12\/iconos-02-150x150.png 150w, https:\/\/www.ert.com.co\/wp-content\/uploads\/2018\/12\/iconos-02-300x300.png 300w, https:\/\/www.ert.com.co\/wp-content\/uploads\/2018\/12\/iconos-02-100x100.png 100w, https:\/\/www.ert.com.co\/wp-content\/uploads\/2018\/12\/iconos-02.png 313w\" sizes=\"(max-width: 150px) 100vw, 150px\" \/>\t\t\t\t\t\t\t\t<\/a>\n\t\t\t\t\t\t\t\t\t\t\t\t\t\t\t<\/div>\n\t\t\t\t<\/div>\n\t\t\t\t<div class=\"elementor-element elementor-element-6a50115b elementor-widget elementor-widget-text-editor\" data-id=\"6a50115b\" data-element_type=\"widget\" data-widget_type=\"text-editor.default\">\n\t\t\t\t<div class=\"elementor-widget-container\">\n\t\t\t\t\t\t\t\t\t<h3>OBI_ERT Aprobada mediante Resoluci\u00f3n CRC 7216 &#8211; 2023<\/h3>\t\t\t\t\t\t\t\t<\/div>\n\t\t\t\t<\/div>\n\t\t\t\t\t<\/div>\n\t\t<\/div>\n\t\t\t\t\t<\/div>\n\t\t<\/section>\n\t\t\t\t<\/div>\n\t\t","protected":false},"excerpt":{"rendered":"<p>OFERTA B\u00c1SICA DE INTERCONEXI\u00d3N OBI ERT RESOLUCION\u00a0 7216 RESOLUCION CRC 4894&nbsp; RESOLUCION CRC No. 2622 ERT OBI RESOLUCION\u00a0 5826 DE 2019 OBI_ERT Aprobada mediante Resoluci\u00f3n CRC 7216 &#8211; 2023<\/p>\n","protected":false},"author":1,"featured_media":0,"parent":0,"menu_order":0,"comment_status":"closed","ping_status":"closed","template":"elementor_header_footer","meta":{"_EventAllDay":false,"_EventTimezone":"","_EventStartDate":"","_EventEndDate":"","_EventStartDateUTC":"","_EventEndDateUTC":"","_EventShowMap":false,"_EventShowMapLink":false,"_EventURL":"","_EventCost":"","_EventCostDescription":"","_EventCurrencySymbol":"","_EventCurrencyCode":"","_EventCurrencyPosition":"","_EventDateTimeSeparator":"","_EventTimeRangeSeparator":"","_EventOrganizerID":[],"_EventVenueID":[],"_OrganizerEmail":"","_OrganizerPhone":"","_OrganizerWebsite":"","_VenueAddress":"","_VenueCity":"","_VenueCountry":"","_VenueProvince":"","_VenueState":"","_VenueZip":"","_VenuePhone":"","_VenueURL":"","_VenueStateProvince":"","_VenueLat":"","_VenueLng":"","_VenueShowMap":false,"_VenueShowMapLink":false,"footnotes":""},"class_list":["post-2513","page","type-page","status-publish","hentry","entry"],"yoast_head":"<!-- This site is optimized with the Yoast SEO plugin v27.4 - https:\/\/yoast.com\/product\/yoast-seo-wordpress\/ -->\n<title>OFERTA B\u00c1SICA DE INTERCONEXION - ERT ESP<\/title>\n<meta name=\"robots\" content=\"index, follow, max-snippet:-1, max-image-preview:large, max-video-preview:-1\" \/>\n<link rel=\"canonical\" href=\"https:\/\/www.ert.com.co\/index.php\/oferta-basica-de-interconexion\/\" \/>\n<meta property=\"og:locale\" content=\"es_ES\" \/>\n<meta property=\"og:type\" content=\"article\" \/>\n<meta property=\"og:title\" content=\"OFERTA B\u00c1SICA DE INTERCONEXION - ERT ESP\" \/>\n<meta property=\"og:description\" content=\"OFERTA B\u00c1SICA DE INTERCONEXI\u00d3N OBI ERT RESOLUCION\u00a0 7216 RESOLUCION CRC 4894&nbsp; RESOLUCION CRC No. 2622 ERT OBI RESOLUCION\u00a0 5826 DE 2019 OBI_ERT Aprobada mediante Resoluci\u00f3n CRC 7216 &#8211; 2023\" \/>\n<meta property=\"og:url\" content=\"https:\/\/www.ert.com.co\/index.php\/oferta-basica-de-interconexion\/\" \/>\n<meta property=\"og:site_name\" content=\"ERT ESP\" \/>\n<meta property=\"article:modified_time\" content=\"2025-05-22T21:57:12+00:00\" \/>\n<meta property=\"og:image\" content=\"https:\/\/www.ert.com.co\/wp-content\/uploads\/2018\/12\/iconos-03.png\" \/>\n\t<meta property=\"og:image:width\" content=\"313\" \/>\n\t<meta property=\"og:image:height\" content=\"313\" \/>\n\t<meta property=\"og:image:type\" content=\"image\/png\" \/>\n<meta name=\"twitter:card\" content=\"summary_large_image\" \/>\n<meta name=\"twitter:label1\" content=\"Tiempo de lectura\" \/>\n\t<meta name=\"twitter:data1\" content=\"2 minutos\" \/>\n<script type=\"application\/ld+json\" class=\"yoast-schema-graph\">{\"@context\":\"https:\\\/\\\/schema.org\",\"@graph\":[{\"@type\":\"WebPage\",\"@id\":\"https:\\\/\\\/www.ert.com.co\\\/index.php\\\/oferta-basica-de-interconexion\\\/\",\"url\":\"https:\\\/\\\/www.ert.com.co\\\/index.php\\\/oferta-basica-de-interconexion\\\/\",\"name\":\"OFERTA B\u00c1SICA DE INTERCONEXION - ERT ESP\",\"isPartOf\":{\"@id\":\"https:\\\/\\\/www.ert.com.co\\\/#website\"},\"primaryImageOfPage\":{\"@id\":\"https:\\\/\\\/www.ert.com.co\\\/index.php\\\/oferta-basica-de-interconexion\\\/#primaryimage\"},\"image\":{\"@id\":\"https:\\\/\\\/www.ert.com.co\\\/index.php\\\/oferta-basica-de-interconexion\\\/#primaryimage\"},\"thumbnailUrl\":\"https:\\\/\\\/www.ert.com.co\\\/wp-content\\\/uploads\\\/2018\\\/12\\\/iconos-03-150x150.png\",\"datePublished\":\"2018-12-10T21:13:45+00:00\",\"dateModified\":\"2025-05-22T21:57:12+00:00\",\"breadcrumb\":{\"@id\":\"https:\\\/\\\/www.ert.com.co\\\/index.php\\\/oferta-basica-de-interconexion\\\/#breadcrumb\"},\"inLanguage\":\"es\",\"potentialAction\":[{\"@type\":\"ReadAction\",\"target\":[\"https:\\\/\\\/www.ert.com.co\\\/index.php\\\/oferta-basica-de-interconexion\\\/\"]}]},{\"@type\":\"ImageObject\",\"inLanguage\":\"es\",\"@id\":\"https:\\\/\\\/www.ert.com.co\\\/index.php\\\/oferta-basica-de-interconexion\\\/#primaryimage\",\"url\":\"https:\\\/\\\/www.ert.com.co\\\/wp-content\\\/uploads\\\/2018\\\/12\\\/iconos-03.png\",\"contentUrl\":\"https:\\\/\\\/www.ert.com.co\\\/wp-content\\\/uploads\\\/2018\\\/12\\\/iconos-03.png\",\"width\":313,\"height\":313},{\"@type\":\"BreadcrumbList\",\"@id\":\"https:\\\/\\\/www.ert.com.co\\\/index.php\\\/oferta-basica-de-interconexion\\\/#breadcrumb\",\"itemListElement\":[{\"@type\":\"ListItem\",\"position\":1,\"name\":\"Portada\",\"item\":\"https:\\\/\\\/www.ert.com.co\\\/\"},{\"@type\":\"ListItem\",\"position\":2,\"name\":\"OFERTA B\u00c1SICA DE INTERCONEXION\"}]},{\"@type\":\"WebSite\",\"@id\":\"https:\\\/\\\/www.ert.com.co\\\/#website\",\"url\":\"https:\\\/\\\/www.ert.com.co\\\/\",\"name\":\"ERT ESP\",\"description\":\"Te conecta a lo que quieres\",\"potentialAction\":[{\"@type\":\"SearchAction\",\"target\":{\"@type\":\"EntryPoint\",\"urlTemplate\":\"https:\\\/\\\/www.ert.com.co\\\/?s={search_term_string}\"},\"query-input\":{\"@type\":\"PropertyValueSpecification\",\"valueRequired\":true,\"valueName\":\"search_term_string\"}}],\"inLanguage\":\"es\"}]}<\/script>\n<!-- \/ Yoast SEO plugin. -->","yoast_head_json":{"title":"OFERTA B\u00c1SICA DE INTERCONEXION - ERT ESP","robots":{"index":"index","follow":"follow","max-snippet":"max-snippet:-1","max-image-preview":"max-image-preview:large","max-video-preview":"max-video-preview:-1"},"canonical":"https:\/\/www.ert.com.co\/index.php\/oferta-basica-de-interconexion\/","og_locale":"es_ES","og_type":"article","og_title":"OFERTA B\u00c1SICA DE INTERCONEXION - ERT ESP","og_description":"OFERTA B\u00c1SICA DE INTERCONEXI\u00d3N OBI ERT RESOLUCION\u00a0 7216 RESOLUCION CRC 4894&nbsp; RESOLUCION CRC No. 2622 ERT OBI RESOLUCION\u00a0 5826 DE 2019 OBI_ERT Aprobada mediante Resoluci\u00f3n CRC 7216 &#8211; 2023","og_url":"https:\/\/www.ert.com.co\/index.php\/oferta-basica-de-interconexion\/","og_site_name":"ERT ESP","article_modified_time":"2025-05-22T21:57:12+00:00","og_image":[{"width":313,"height":313,"url":"https:\/\/www.ert.com.co\/wp-content\/uploads\/2018\/12\/iconos-03.png","type":"image\/png"}],"twitter_card":"summary_large_image","twitter_misc":{"Tiempo de lectura":"2 minutos"},"schema":{"@context":"https:\/\/schema.org","@graph":[{"@type":"WebPage","@id":"https:\/\/www.ert.com.co\/index.php\/oferta-basica-de-interconexion\/","url":"https:\/\/www.ert.com.co\/index.php\/oferta-basica-de-interconexion\/","name":"OFERTA B\u00c1SICA DE INTERCONEXION - ERT ESP","isPartOf":{"@id":"https:\/\/www.ert.com.co\/#website"},"primaryImageOfPage":{"@id":"https:\/\/www.ert.com.co\/index.php\/oferta-basica-de-interconexion\/#primaryimage"},"image":{"@id":"https:\/\/www.ert.com.co\/index.php\/oferta-basica-de-interconexion\/#primaryimage"},"thumbnailUrl":"https:\/\/www.ert.com.co\/wp-content\/uploads\/2018\/12\/iconos-03-150x150.png","datePublished":"2018-12-10T21:13:45+00:00","dateModified":"2025-05-22T21:57:12+00:00","breadcrumb":{"@id":"https:\/\/www.ert.com.co\/index.php\/oferta-basica-de-interconexion\/#breadcrumb"},"inLanguage":"es","potentialAction":[{"@type":"ReadAction","target":["https:\/\/www.ert.com.co\/index.php\/oferta-basica-de-interconexion\/"]}]},{"@type":"ImageObject","inLanguage":"es","@id":"https:\/\/www.ert.com.co\/index.php\/oferta-basica-de-interconexion\/#primaryimage","url":"https:\/\/www.ert.com.co\/wp-content\/uploads\/2018\/12\/iconos-03.png","contentUrl":"https:\/\/www.ert.com.co\/wp-content\/uploads\/2018\/12\/iconos-03.png","width":313,"height":313},{"@type":"BreadcrumbList","@id":"https:\/\/www.ert.com.co\/index.php\/oferta-basica-de-interconexion\/#breadcrumb","itemListElement":[{"@type":"ListItem","position":1,"name":"Portada","item":"https:\/\/www.ert.com.co\/"},{"@type":"ListItem","position":2,"name":"OFERTA B\u00c1SICA DE INTERCONEXION"}]},{"@type":"WebSite","@id":"https:\/\/www.ert.com.co\/#website","url":"https:\/\/www.ert.com.co\/","name":"ERT ESP","description":"Te conecta a lo que quieres","potentialAction":[{"@type":"SearchAction","target":{"@type":"EntryPoint","urlTemplate":"https:\/\/www.ert.com.co\/?s={search_term_string}"},"query-input":{"@type":"PropertyValueSpecification","valueRequired":true,"valueName":"search_term_string"}}],"inLanguage":"es"}]}},"_links":{"self":[{"href":"https:\/\/www.ert.com.co\/index.php\/wp-json\/wp\/v2\/pages\/2513","targetHints":{"allow":["GET"]}}],"collection":[{"href":"https:\/\/www.ert.com.co\/index.php\/wp-json\/wp\/v2\/pages"}],"about":[{"href":"https:\/\/www.ert.com.co\/index.php\/wp-json\/wp\/v2\/types\/page"}],"author":[{"embeddable":true,"href":"https:\/\/www.ert.com.co\/index.php\/wp-json\/wp\/v2\/users\/1"}],"replies":[{"embeddable":true,"href":"https:\/\/www.ert.com.co\/index.php\/wp-json\/wp\/v2\/comments?post=2513"}],"version-history":[{"count":12,"href":"https:\/\/www.ert.com.co\/index.php\/wp-json\/wp\/v2\/pages\/2513\/revisions"}],"predecessor-version":[{"id":6483,"href":"https:\/\/www.ert.com.co\/index.php\/wp-json\/wp\/v2\/pages\/2513\/revisions\/6483"}],"wp:attachment":[{"href":"https:\/\/www.ert.com.co\/index.php\/wp-json\/wp\/v2\/media?parent=2513"}],"curies":[{"name":"wp","href":"https:\/\/api.w.org\/{rel}","templated":true}]}}