{"id":2580,"date":"2018-12-10T21:34:48","date_gmt":"2018-12-10T21:34:48","guid":{"rendered":"http:\/\/www.ert.com.co\/?page_id=2580"},"modified":"2022-01-28T14:03:54","modified_gmt":"2022-01-28T19:03:54","slug":"servicios-suplementarios-2","status":"publish","type":"page","link":"https:\/\/www.ert.com.co\/index.php\/servicios-suplementarios-2\/","title":{"rendered":"SERVICIOS SUPLEMENTARIOS"},"content":{"rendered":"\t\t<div data-elementor-type=\"wp-post\" data-elementor-id=\"2580\" class=\"elementor elementor-2580\">\n\t\t\t\t\t\t<section class=\"elementor-section elementor-top-section elementor-element elementor-element-1bbbf44f elementor-section-boxed elementor-section-height-default elementor-section-height-default\" data-id=\"1bbbf44f\" data-element_type=\"section\">\n\t\t\t\t\t\t<div class=\"elementor-container elementor-column-gap-default\">\n\t\t\t\t\t<div class=\"elementor-column elementor-col-100 elementor-top-column elementor-element elementor-element-6f48fbf\" data-id=\"6f48fbf\" data-element_type=\"column\">\n\t\t\t<div class=\"elementor-widget-wrap elementor-element-populated\">\n\t\t\t\t\t\t<div class=\"elementor-element elementor-element-2c2c5572 elementor-widget elementor-widget-image\" data-id=\"2c2c5572\" data-element_type=\"widget\" data-widget_type=\"image.default\">\n\t\t\t\t<div class=\"elementor-widget-container\">\n\t\t\t\t\t\t\t\t\t\t\t\t\t\t\t<img fetchpriority=\"high\" decoding=\"async\" width=\"1024\" height=\"320\" src=\"https:\/\/www.ert.com.co\/wp-content\/uploads\/2018\/12\/informacion-usuario-1024x320.jpg\" class=\"attachment-large size-large wp-image-2515\" alt=\"\" srcset=\"https:\/\/www.ert.com.co\/wp-content\/uploads\/2018\/12\/informacion-usuario-1024x320.jpg 1024w, https:\/\/www.ert.com.co\/wp-content\/uploads\/2018\/12\/informacion-usuario-300x94.jpg 300w, https:\/\/www.ert.com.co\/wp-content\/uploads\/2018\/12\/informacion-usuario-768x240.jpg 768w, https:\/\/www.ert.com.co\/wp-content\/uploads\/2018\/12\/informacion-usuario-600x188.jpg 600w, https:\/\/www.ert.com.co\/wp-content\/uploads\/2018\/12\/informacion-usuario.jpg 1920w\" sizes=\"(max-width: 1024px) 100vw, 1024px\" \/>\t\t\t\t\t\t\t\t\t\t\t\t\t\t\t<\/div>\n\t\t\t\t<\/div>\n\t\t\t\t\t<\/div>\n\t\t<\/div>\n\t\t\t\t\t<\/div>\n\t\t<\/section>\n\t\t\t\t<section class=\"elementor-section elementor-top-section elementor-element elementor-element-71b1439 elementor-section-boxed elementor-section-height-default elementor-section-height-default\" data-id=\"71b1439\" data-element_type=\"section\">\n\t\t\t\t\t\t<div class=\"elementor-container elementor-column-gap-default\">\n\t\t\t\t\t<div class=\"elementor-column elementor-col-100 elementor-top-column elementor-element elementor-element-3a0b1b10\" data-id=\"3a0b1b10\" data-element_type=\"column\">\n\t\t\t<div class=\"elementor-widget-wrap elementor-element-populated\">\n\t\t\t\t\t\t<div class=\"elementor-element elementor-element-6a13ef2 elementor-widget elementor-widget-spacer\" data-id=\"6a13ef2\" data-element_type=\"widget\" data-widget_type=\"spacer.default\">\n\t\t\t\t<div class=\"elementor-widget-container\">\n\t\t\t\t\t\t\t<div class=\"elementor-spacer\">\n\t\t\t<div class=\"elementor-spacer-inner\"><\/div>\n\t\t<\/div>\n\t\t\t\t\t\t<\/div>\n\t\t\t\t<\/div>\n\t\t\t\t<div class=\"elementor-element elementor-element-e8d51be elementor-widget elementor-widget-text-editor\" data-id=\"e8d51be\" data-element_type=\"widget\" data-widget_type=\"text-editor.default\">\n\t\t\t\t<div class=\"elementor-widget-container\">\n\t\t\t\t\t\t\t\t\t<h3 style=\"text-align: center;\"><span style=\"color: #ffffff;\">*La activaci\u00f3n de los servicios suplementarios es totalmente gratuita para nuestros usuarios<br><\/span><\/h3>\n<h3 style=\"text-align: center;\"><span style=\"color: #ffffff;\">*Para el consumo de las llamadas generadas con destino a l\u00edneas fijas o m\u00f3viles, en el momento de la activaci\u00f3n de los servicios de \u201ctrasferencia de llamadas\u201d, \u201ctrasferencia por no contestaci\u00f3n\u201d y \u201ctrasferencia por l\u00ednea ocupada\u201d, ser\u00e1n cobradas seg\u00fan condiciones y restricciones de acuerdo al plan contratado.<\/span><\/h3>\n<h3 style=\"text-align: center;\"><span style=\"color: #ffffff;\">&nbsp;<\/span><\/h3>\t\t\t\t\t\t\t\t<\/div>\n\t\t\t\t<\/div>\n\t\t\t\t<div class=\"elementor-element elementor-element-6adad947 elementor-widget elementor-widget-text-editor\" data-id=\"6adad947\" data-element_type=\"widget\" data-widget_type=\"text-editor.default\">\n\t\t\t\t<div class=\"elementor-widget-container\">\n\t\t\t\t\t\t\t\t\t<div style=\"display: flex; flex-wrap: nowrap; justify-content: space-between; margin-bottom: 30px; align-items: flex-start; color: #777777; font-family: Arial, Helvetica, sans-serif; font-size: 13px; font-style: normal; font-variant-ligatures: normal; font-variant-caps: normal; font-weight: 400;\"><div style=\"width: calc(50% - 15px);\"><div style=\"zoom: 1;\" data-index=\"0\"><div><div><h4 style=\"line-height: 24px; margin-bottom: 0px; color: #444444; font-family: Arial, Helvetica, sans-serif; font-weight: normal; font-style: normal; font-size: 16px;\"><strong><span style=\"color: #0171a8;\">MARCACI\u00d3N ABREVIADA<\/span><\/strong><\/h4><div><p>Olvida con frecuencia los n\u00fameros telef\u00f3nicos de las personas que mas llama?, no se complique. Con solo 2 d\u00edgitos, Marcaci\u00f3n Abreviada le permite programar su tel\u00e9fono hasta con 10 n\u00fameros telef\u00f3nicos para hacer su comunicaci\u00f3n mas sencilla ahorr\u00e1ndole tiempo.<\/p><table style=\"max-width: 100%; background-color: transparent; margin-bottom: 20px; margin-top: 20px;\" border=\"1\" width=\"80%\"><tbody><tr><th scope=\"col\">Desea Activarlo?<\/th><th scope=\"col\">Desea Desactivarlo?<\/th><\/tr><tr><td>1. Levante el tel\u00e9fono<br \/>2. Marque *51*NA*NT#<br \/>3. Cuelgue<br \/>Para Utilizarlo Marque **NA<\/td><td>1. Levante el telefono<br \/>2. Marque #51*NA#<br \/>3. Cuelgue<\/td><\/tr><\/tbody><\/table><\/div><\/div><\/div><\/div><\/div><div style=\"width: calc(50% - 15px);\"><div style=\"zoom: 1;\" data-index=\"1\"><div><div><h4 style=\"line-height: 24px; margin-bottom: 0px; color: #444444; font-family: Arial, Helvetica, sans-serif; font-weight: normal; font-style: normal; font-size: 16px;\"><strong><span style=\"color: #0171a8;\">COMUNICACI\u00d3N INMEDIATA<\/span><\/strong><\/h4><div><div>Le gustar\u00eda comunicarse de inmediato con solo levantar el tel\u00e9fono?, ahora puede hacerlo. Este servicio le permite programar su tel\u00e9fono que al levantar la bocina y transcurridos 5 segundos obtenga comunicaci\u00f3n directa con telef\u00f3nico previamente seleccionado por usted.<\/div><div>\u00a0<\/div><div style=\"position: relative; height: auto; overflow: hidden; transition: height 0.35s ease 0s;\"><div style=\"padding: 9px 15px; border-top: 1px solid #e5e5e5;\"><div><div><table style=\"max-width: 100%; background-color: transparent; margin-bottom: 20px; margin-top: 20px;\" border=\"1\" width=\"80%\"><tbody><tr><th scope=\"col\">Desea Activarlo?<\/th><th scope=\"col\">Desea Desactivarlo?<\/th><\/tr><tr><td>1. Levante el telefono<br \/>2. Marque *52*NTS#<br \/>3. Cuelgue<br \/>NTS: Numero Telefonico Seleccionado<\/td><td>1. Levante el telefono<br \/>2. Marque #52#<br \/>3. Cuelgue<\/td><\/tr><\/tbody><\/table><\/div><\/div><\/div><\/div><\/div><\/div><\/div><\/div><\/div><\/div><div style=\"display: flex; flex-wrap: nowrap; justify-content: space-between; color: #777777; font-family: Arial, Helvetica, sans-serif; font-size: 13px; font-style: normal; font-variant-ligatures: normal; font-variant-caps: normal; font-weight: 400;\">\u00a0<\/div><div style=\"display: flex; flex-wrap: nowrap; justify-content: space-between; margin-bottom: 30px; align-items: flex-start; color: #777777; font-family: Arial, Helvetica, sans-serif; font-size: 13px; font-style: normal; font-variant-ligatures: normal; font-variant-caps: normal; font-weight: 400;\"><div style=\"width: calc(50% - 15px);\"><div style=\"zoom: 1;\" data-index=\"2\"><div><div><h4 style=\"line-height: 24px; margin-bottom: 0px; color: #444444; font-family: Arial, Helvetica, sans-serif; font-weight: normal; font-style: normal; font-size: 16px;\"><strong><span style=\"color: #0171a8;\">AGENDA TELEF\u00d3NICA O DESPERTADOR<\/span><\/strong><\/h4><div><div>Recuerde siempre sus compromisos a trav\u00e9s de un mensaje pre grabado.<\/div><div>\u00a0<\/div><div style=\"position: relative; height: auto; overflow: hidden; transition: height 0.35s ease 0s;\"><div style=\"padding: 9px 15px; border-top: 1px solid #e5e5e5;\"><div><div><table style=\"max-width: 100%; background-color: transparent; margin-bottom: 20px; margin-top: 20px;\" border=\"1\" width=\"80%\"><tbody><tr><th scope=\"col\">Activacion Esporadica<\/th><th scope=\"col\">Desea Activarlo?<\/th><\/tr><tr><td>1. Levante el telefono<br \/>2. Marque *55*HHMM#<br \/>3. Cuelgue<\/td><td>1. Levante el telefono<br \/>2. Marque #55*HHMM#<br \/>3. Cuelgue<\/td><\/tr><tr><th scope=\"col\">Activacion Periodica<\/th><th scope=\"col\">\u00bfDesea Desactivarlo?<\/th><\/tr><tr><td>1. Levante el telefono<br \/>2. Marque *56*HHMM*ND#<br \/>3. Cuelgue<\/td><td>1. Levante el telefono<br \/>2. Marque #56*HHMM#<br \/>3. Cuelgue<\/td><\/tr><\/tbody><\/table><p><strong>HHMM:<\/strong>\u00a0Horas-Minutos (ejemplo: 3 p.m \u2013 15:00 PM (Hora Militar))<\/p><p><strong>ND:<\/strong>\u00a0N\u00famero de d\u00edas a programarse el servicio<\/p><\/div><\/div><\/div><\/div><\/div><\/div><\/div><\/div><\/div><div style=\"width: calc(50% - 15px);\"><div style=\"zoom: 1;\" data-index=\"3\"><div><div><h4 style=\"line-height: 24px; margin-bottom: 0px; color: #444444; font-family: Arial, Helvetica, sans-serif; font-weight: normal; font-style: normal; font-size: 16px;\"><strong><span style=\"color: #0171a8;\">LLAMADA EN ESPERA<\/span><\/strong><\/h4><div><div><div>Se quejan sus clientes o amigos porque cuando lo llaman su tel\u00e9fono siempre esta ocupado?. Tranquilo con llamada en espera escuchara un tono indic\u00e1ndole que alguien mas quiere comunicarse con usted. Para atenderla, solo oprima suavemente el bot\u00f3n de colgar y listo ya puede recibirla sin perder la llamada inicial.<\/div><div style=\"position: relative; height: auto; overflow: hidden; transition: height 0.35s ease 0s;\"><div style=\"padding: 9px 15px; border-top: 1px solid #e5e5e5;\"><div><div><table style=\"max-width: 100%; background-color: transparent; margin-bottom: 20px; margin-top: 20px;\" border=\"1\" width=\"80%\"><tbody><tr><th scope=\"col\">Desea Activarlo?<\/th><th scope=\"col\">Desea Desactivarlo?<\/th><\/tr><tr><td>1. Levante el telefono<br \/>2. Marque *43#<br \/>3. Cuelgue<\/td><td>1. Levante el telefono<br \/>2. Marque #43#<br \/>3. Cuelgue<\/td><\/tr><\/tbody><\/table><\/div><\/div><\/div><\/div><\/div><\/div><\/div><\/div><\/div><\/div><\/div><div style=\"display: flex; flex-wrap: nowrap; justify-content: space-between; color: #777777; font-family: Arial, Helvetica, sans-serif; font-size: 13px; font-style: normal; font-variant-ligatures: normal; font-variant-caps: normal; font-weight: 400;\">\u00a0<\/div><div style=\"display: flex; flex-wrap: nowrap; justify-content: space-between; margin-bottom: 30px; align-items: flex-start; color: #777777; font-family: Arial, Helvetica, sans-serif; font-size: 13px; font-style: normal; font-variant-ligatures: normal; font-variant-caps: normal; font-weight: 400;\"><div style=\"width: calc(50% - 15px);\"><div style=\"zoom: 1;\" data-index=\"4\"><div><div><h4 style=\"line-height: 24px; margin-bottom: 0px; color: #444444; font-family: Arial, Helvetica, sans-serif; font-weight: normal; font-style: normal; font-size: 16px;\"><strong><span style=\"color: #0171a8;\">TRANSFERENCIA DE LLAMADA<\/span><\/strong><\/h4><div><div><div>Esta esperando una llamada pero tiene que irse a otro lugar? este servicio transfiere de inmediato sus llamadas al numero telefonico del sitio donde usted vaya a estar.<\/div><div style=\"position: relative; height: auto; overflow: hidden; transition: height 0.35s ease 0s;\"><div style=\"padding: 9px 15px; border-top: 1px solid #e5e5e5;\"><div><div><table style=\"max-width: 100%; background-color: transparent; margin-bottom: 20px; margin-top: 20px;\" border=\"1\" width=\"80%\"><tbody><tr><th scope=\"col\">Desea Activarlo?<\/th><th scope=\"col\">Desea Desactivarlo?<\/th><\/tr><tr><td>1. Levante el telefono<br \/>2. Marque *21*NT#<br \/>3. Cuelgue<\/td><td>1. Levante el telefono<br \/>2. Marque #21#<br \/>3. Cuelgue<\/td><\/tr><\/tbody><\/table><h4 style=\"line-height: 24px; margin-bottom: 0px; color: #444444; font-family: Arial, Helvetica, sans-serif; font-weight: normal; font-style: normal; font-size: 16px;\"><strong><span style=\"color: #0171a8;\">TRANSFERENCIA POR NO CONTESTACION<\/span><\/strong><\/h4><p>Timbra su telefono pero no puede contestarlo?, despreocupese. Con este servicio programe su telefono para que las llamadas que no pueda responder sean transferidas a otra persona en otra linea despues de un numero determinado de repiques.<\/p><table style=\"max-width: 100%; background-color: transparent; margin-bottom: 20px; margin-top: 20px;\" border=\"1\" width=\"80%\"><tbody><tr><th scope=\"col\">Desea Activarlo?<\/th><th scope=\"col\">Desea Desactivarlo?<\/th><\/tr><tr><td>1. Levante el telefono<br \/>2. Marque *06*NT#<br \/>3. Cuelgue<\/td><td>1. Levante el telefono<br \/>2. Marque #06#<br \/>3. Cuelgue<\/td><\/tr><\/tbody><\/table><strong><span style=\"color: #0171a8;\">TRANSFERENCIA POR LINEA OCUPADA<\/span><\/strong><p>Tiene varias lineas telefonicas y justo lo llaman por la que esta ocupada?, no pierda la llamada, este servicio transfiere inmediatamente a otro numero telefonico pero programado por usted.<\/p><table style=\"max-width: 100%; background-color: transparent; margin-bottom: 20px; margin-top: 20px;\" border=\"1\" width=\"80%\"><tbody><tr><th scope=\"col\">Desea Activarlo?<\/th><th scope=\"col\">Desea Desactivarlo?<\/th><\/tr><tr><td>1. Levante el telefono<br \/>2. Marque *09*NT#<br \/>3. Cuelgue<\/td><td>1. Levante el telefono<br \/>2. Marque #09#<br \/>3. Cuelgue<\/td><\/tr><\/tbody><\/table><\/div><\/div><\/div><\/div><\/div><\/div><\/div><\/div><\/div><\/div><div style=\"width: calc(50% - 15px);\"><div style=\"zoom: 1;\" data-index=\"5\"><div><div><h4 style=\"line-height: 24px; margin-bottom: 0px; color: #444444; font-family: Arial, Helvetica, sans-serif; font-weight: normal; font-style: normal; font-size: 16px;\"><strong><span style=\"color: #0171a8;\">FAVOR NO INTERRUMPIR<\/span><\/strong><\/h4><div><div><div><div>Transfiera sus llamadas a un contestador autom\u00e1tico con un mensaje pre grabado, informando de manera amable que por el momento usted no lo puede atender.<\/div><div style=\"position: relative; height: auto; overflow: hidden; transition: height 0.35s ease 0s;\"><div style=\"padding: 9px 15px; border-top: 1px solid #e5e5e5;\"><div><div><table style=\"max-width: 100%; background-color: transparent; margin-bottom: 20px; margin-top: 20px;\" border=\"1\" width=\"80%\"><tbody><tr><th scope=\"col\">Desea Activarlo?<\/th><th scope=\"col\">Desea Desactivarlo?<\/th><\/tr><tr><td>1. Levante el telefono<br \/>2. Marque *26#<br \/>3. Cuelgue<\/td><td>1. Levante el telefono<br \/>2. Marque #26#<br \/>3. Cuelgue<\/td><\/tr><\/tbody><\/table><\/div><\/div><\/div><\/div><\/div><\/div><\/div><\/div><\/div><\/div><\/div><\/div><div style=\"display: flex; flex-wrap: nowrap; justify-content: space-between; align-items: flex-start; color: #777777; font-family: Arial, Helvetica, sans-serif; font-size: 13px; font-style: normal; font-variant-ligatures: normal; font-variant-caps: normal; font-weight: 400;\"><div style=\"width: calc(50% - 15px);\"><div style=\"zoom: 1;\" data-index=\"6\"><div><div><h4 style=\"line-height: 24px; margin-bottom: 0px; color: #444444; font-family: Arial, Helvetica, sans-serif; font-weight: normal; font-style: normal; font-size: 16px;\"><strong><span style=\"color: #0171a8;\">BLOQUEO SECRETO<\/span><\/strong><\/h4><div><div><div>Le preocupan esas costosas llamadas de larga distancia y a celulares que hacen en su ausencia y elevan su factura telefonica? Codigo Secreto o Bloqueo le permite tener una clave para bloquear el telefono y controlar su uso. Solicite este servicio en las lineas del Call Center.<\/div><div style=\"position: relative; height: auto; overflow: hidden; transition: height 0.35s ease 0s;\"><div style=\"padding: 9px 15px; border-top: 1px solid #e5e5e5;\"><div><div><table style=\"max-width: 100%; background-color: transparent; margin-bottom: 20px; margin-top: 20px;\" border=\"1\" width=\"80%\"><tbody><tr><th scope=\"col\">Pasos<\/th><th scope=\"col\">Codigo<\/th><\/tr><tr><td>1. Marque los Digitos<br \/>2. Marque su codigo Secreto Actual<br \/>3. Marque la tecla asterisco<br \/>4. Marque su codigo secreto nuevo<br \/>5. Marque la tecla asterisco<\/td><td>1. * 64 *<br \/>2. **** (Codigo Actual)<br \/>3. *<br \/>4. **** (Codigo Nuevo)<br \/>5. *<\/td><\/tr><\/tbody><\/table><\/div><\/div><\/div><\/div><\/div><\/div><\/div><\/div><\/div><\/div><\/div>\t\t\t\t\t\t\t\t<\/div>\n\t\t\t\t<\/div>\n\t\t\t\t\t<\/div>\n\t\t<\/div>\n\t\t\t\t\t<\/div>\n\t\t<\/section>\n\t\t\t\t<\/div>\n\t\t","protected":false},"excerpt":{"rendered":"<p>*La activaci\u00f3n de los servicios suplementarios es totalmente gratuita para nuestros usuarios *Para el consumo de las llamadas generadas con destino a l\u00edneas fijas o m\u00f3viles, en el momento de [&hellip;]<\/p>\n","protected":false},"author":1,"featured_media":0,"parent":0,"menu_order":0,"comment_status":"closed","ping_status":"closed","template":"elementor_canvas","meta":{"_EventAllDay":false,"_EventTimezone":"","_EventStartDate":"","_EventEndDate":"","_EventStartDateUTC":"","_EventEndDateUTC":"","_EventShowMap":false,"_EventShowMapLink":false,"_EventURL":"","_EventCost":"","_EventCostDescription":"","_EventCurrencySymbol":"","_EventCurrencyCode":"","_EventCurrencyPosition":"","_EventDateTimeSeparator":"","_EventTimeRangeSeparator":"","_EventOrganizerID":[],"_EventVenueID":[],"_OrganizerEmail":"","_OrganizerPhone":"","_OrganizerWebsite":"","_VenueAddress":"","_VenueCity":"","_VenueCountry":"","_VenueProvince":"","_VenueState":"","_VenueZip":"","_VenuePhone":"","_VenueURL":"","_VenueStateProvince":"","_VenueLat":"","_VenueLng":"","_VenueShowMap":false,"_VenueShowMapLink":false,"footnotes":""},"class_list":["post-2580","page","type-page","status-publish","hentry","entry"],"yoast_head":"<!-- This site is optimized with the Yoast SEO plugin v27.4 - https:\/\/yoast.com\/product\/yoast-seo-wordpress\/ -->\n<title>SERVICIOS SUPLEMENTARIOS - ERT ESP<\/title>\n<meta name=\"robots\" content=\"index, follow, max-snippet:-1, max-image-preview:large, max-video-preview:-1\" \/>\n<link rel=\"canonical\" href=\"https:\/\/www.ert.com.co\/index.php\/servicios-suplementarios-2\/\" \/>\n<meta property=\"og:locale\" content=\"es_ES\" \/>\n<meta property=\"og:type\" content=\"article\" \/>\n<meta property=\"og:title\" content=\"SERVICIOS SUPLEMENTARIOS - ERT ESP\" \/>\n<meta property=\"og:description\" content=\"*La activaci\u00f3n de los servicios suplementarios es totalmente gratuita para nuestros usuarios *Para el consumo de las llamadas generadas con destino a l\u00edneas fijas o m\u00f3viles, en el momento de [&hellip;]\" \/>\n<meta property=\"og:url\" content=\"https:\/\/www.ert.com.co\/index.php\/servicios-suplementarios-2\/\" \/>\n<meta property=\"og:site_name\" content=\"ERT ESP\" \/>\n<meta property=\"article:modified_time\" content=\"2022-01-28T19:03:54+00:00\" \/>\n<meta property=\"og:image\" content=\"https:\/\/www.ert.com.co\/wp-content\/uploads\/2018\/12\/informacion-usuario-1024x320.jpg\" \/>\n<meta name=\"twitter:card\" content=\"summary_large_image\" \/>\n<meta name=\"twitter:label1\" content=\"Tiempo de lectura\" \/>\n\t<meta name=\"twitter:data1\" content=\"3 minutos\" \/>\n<script type=\"application\/ld+json\" class=\"yoast-schema-graph\">{\"@context\":\"https:\\\/\\\/schema.org\",\"@graph\":[{\"@type\":\"WebPage\",\"@id\":\"https:\\\/\\\/www.ert.com.co\\\/index.php\\\/servicios-suplementarios-2\\\/\",\"url\":\"https:\\\/\\\/www.ert.com.co\\\/index.php\\\/servicios-suplementarios-2\\\/\",\"name\":\"SERVICIOS SUPLEMENTARIOS - ERT ESP\",\"isPartOf\":{\"@id\":\"https:\\\/\\\/www.ert.com.co\\\/#website\"},\"primaryImageOfPage\":{\"@id\":\"https:\\\/\\\/www.ert.com.co\\\/index.php\\\/servicios-suplementarios-2\\\/#primaryimage\"},\"image\":{\"@id\":\"https:\\\/\\\/www.ert.com.co\\\/index.php\\\/servicios-suplementarios-2\\\/#primaryimage\"},\"thumbnailUrl\":\"https:\\\/\\\/www.ert.com.co\\\/wp-content\\\/uploads\\\/2018\\\/12\\\/informacion-usuario-1024x320.jpg\",\"datePublished\":\"2018-12-10T21:34:48+00:00\",\"dateModified\":\"2022-01-28T19:03:54+00:00\",\"breadcrumb\":{\"@id\":\"https:\\\/\\\/www.ert.com.co\\\/index.php\\\/servicios-suplementarios-2\\\/#breadcrumb\"},\"inLanguage\":\"es\",\"potentialAction\":[{\"@type\":\"ReadAction\",\"target\":[\"https:\\\/\\\/www.ert.com.co\\\/index.php\\\/servicios-suplementarios-2\\\/\"]}]},{\"@type\":\"ImageObject\",\"inLanguage\":\"es\",\"@id\":\"https:\\\/\\\/www.ert.com.co\\\/index.php\\\/servicios-suplementarios-2\\\/#primaryimage\",\"url\":\"https:\\\/\\\/www.ert.com.co\\\/wp-content\\\/uploads\\\/2018\\\/12\\\/informacion-usuario.jpg\",\"contentUrl\":\"https:\\\/\\\/www.ert.com.co\\\/wp-content\\\/uploads\\\/2018\\\/12\\\/informacion-usuario.jpg\",\"width\":1920,\"height\":600},{\"@type\":\"BreadcrumbList\",\"@id\":\"https:\\\/\\\/www.ert.com.co\\\/index.php\\\/servicios-suplementarios-2\\\/#breadcrumb\",\"itemListElement\":[{\"@type\":\"ListItem\",\"position\":1,\"name\":\"Portada\",\"item\":\"https:\\\/\\\/www.ert.com.co\\\/\"},{\"@type\":\"ListItem\",\"position\":2,\"name\":\"SERVICIOS SUPLEMENTARIOS\"}]},{\"@type\":\"WebSite\",\"@id\":\"https:\\\/\\\/www.ert.com.co\\\/#website\",\"url\":\"https:\\\/\\\/www.ert.com.co\\\/\",\"name\":\"ERT ESP\",\"description\":\"Te conecta a lo que quieres\",\"potentialAction\":[{\"@type\":\"SearchAction\",\"target\":{\"@type\":\"EntryPoint\",\"urlTemplate\":\"https:\\\/\\\/www.ert.com.co\\\/?s={search_term_string}\"},\"query-input\":{\"@type\":\"PropertyValueSpecification\",\"valueRequired\":true,\"valueName\":\"search_term_string\"}}],\"inLanguage\":\"es\"}]}<\/script>\n<!-- \/ Yoast SEO plugin. -->","yoast_head_json":{"title":"SERVICIOS SUPLEMENTARIOS - ERT ESP","robots":{"index":"index","follow":"follow","max-snippet":"max-snippet:-1","max-image-preview":"max-image-preview:large","max-video-preview":"max-video-preview:-1"},"canonical":"https:\/\/www.ert.com.co\/index.php\/servicios-suplementarios-2\/","og_locale":"es_ES","og_type":"article","og_title":"SERVICIOS SUPLEMENTARIOS - ERT ESP","og_description":"*La activaci\u00f3n de los servicios suplementarios es totalmente gratuita para nuestros usuarios *Para el consumo de las llamadas generadas con destino a l\u00edneas fijas o m\u00f3viles, en el momento de [&hellip;]","og_url":"https:\/\/www.ert.com.co\/index.php\/servicios-suplementarios-2\/","og_site_name":"ERT ESP","article_modified_time":"2022-01-28T19:03:54+00:00","og_image":[{"url":"https:\/\/www.ert.com.co\/wp-content\/uploads\/2018\/12\/informacion-usuario-1024x320.jpg","type":"","width":"","height":""}],"twitter_card":"summary_large_image","twitter_misc":{"Tiempo de lectura":"3 minutos"},"schema":{"@context":"https:\/\/schema.org","@graph":[{"@type":"WebPage","@id":"https:\/\/www.ert.com.co\/index.php\/servicios-suplementarios-2\/","url":"https:\/\/www.ert.com.co\/index.php\/servicios-suplementarios-2\/","name":"SERVICIOS SUPLEMENTARIOS - ERT ESP","isPartOf":{"@id":"https:\/\/www.ert.com.co\/#website"},"primaryImageOfPage":{"@id":"https:\/\/www.ert.com.co\/index.php\/servicios-suplementarios-2\/#primaryimage"},"image":{"@id":"https:\/\/www.ert.com.co\/index.php\/servicios-suplementarios-2\/#primaryimage"},"thumbnailUrl":"https:\/\/www.ert.com.co\/wp-content\/uploads\/2018\/12\/informacion-usuario-1024x320.jpg","datePublished":"2018-12-10T21:34:48+00:00","dateModified":"2022-01-28T19:03:54+00:00","breadcrumb":{"@id":"https:\/\/www.ert.com.co\/index.php\/servicios-suplementarios-2\/#breadcrumb"},"inLanguage":"es","potentialAction":[{"@type":"ReadAction","target":["https:\/\/www.ert.com.co\/index.php\/servicios-suplementarios-2\/"]}]},{"@type":"ImageObject","inLanguage":"es","@id":"https:\/\/www.ert.com.co\/index.php\/servicios-suplementarios-2\/#primaryimage","url":"https:\/\/www.ert.com.co\/wp-content\/uploads\/2018\/12\/informacion-usuario.jpg","contentUrl":"https:\/\/www.ert.com.co\/wp-content\/uploads\/2018\/12\/informacion-usuario.jpg","width":1920,"height":600},{"@type":"BreadcrumbList","@id":"https:\/\/www.ert.com.co\/index.php\/servicios-suplementarios-2\/#breadcrumb","itemListElement":[{"@type":"ListItem","position":1,"name":"Portada","item":"https:\/\/www.ert.com.co\/"},{"@type":"ListItem","position":2,"name":"SERVICIOS SUPLEMENTARIOS"}]},{"@type":"WebSite","@id":"https:\/\/www.ert.com.co\/#website","url":"https:\/\/www.ert.com.co\/","name":"ERT ESP","description":"Te conecta a lo que quieres","potentialAction":[{"@type":"SearchAction","target":{"@type":"EntryPoint","urlTemplate":"https:\/\/www.ert.com.co\/?s={search_term_string}"},"query-input":{"@type":"PropertyValueSpecification","valueRequired":true,"valueName":"search_term_string"}}],"inLanguage":"es"}]}},"_links":{"self":[{"href":"https:\/\/www.ert.com.co\/index.php\/wp-json\/wp\/v2\/pages\/2580","targetHints":{"allow":["GET"]}}],"collection":[{"href":"https:\/\/www.ert.com.co\/index.php\/wp-json\/wp\/v2\/pages"}],"about":[{"href":"https:\/\/www.ert.com.co\/index.php\/wp-json\/wp\/v2\/types\/page"}],"author":[{"embeddable":true,"href":"https:\/\/www.ert.com.co\/index.php\/wp-json\/wp\/v2\/users\/1"}],"replies":[{"embeddable":true,"href":"https:\/\/www.ert.com.co\/index.php\/wp-json\/wp\/v2\/comments?post=2580"}],"version-history":[{"count":0,"href":"https:\/\/www.ert.com.co\/index.php\/wp-json\/wp\/v2\/pages\/2580\/revisions"}],"wp:attachment":[{"href":"https:\/\/www.ert.com.co\/index.php\/wp-json\/wp\/v2\/media?parent=2580"}],"curies":[{"name":"wp","href":"https:\/\/api.w.org\/{rel}","templated":true}]}}