{"id":3117,"date":"2019-02-01T19:45:43","date_gmt":"2019-02-01T19:45:43","guid":{"rendered":"http:\/\/www.ert.com.co\/?page_id=3117"},"modified":"2019-08-09T14:51:39","modified_gmt":"2019-08-09T14:51:39","slug":"mapa-del-sitio","status":"publish","type":"page","link":"https:\/\/www.ert.com.co\/index.php\/mapa-del-sitio\/","title":{"rendered":"Mapa del Sitio"},"content":{"rendered":"\t\t<div data-elementor-type=\"wp-post\" data-elementor-id=\"3117\" class=\"elementor elementor-3117 elementor-bc-flex-widget\">\n\t\t\t\t\t\t<section class=\"elementor-section elementor-top-section elementor-element elementor-element-d49f5fe elementor-section-boxed elementor-section-height-default elementor-section-height-default\" data-id=\"d49f5fe\" data-element_type=\"section\">\n\t\t\t\t\t\t<div class=\"elementor-container elementor-column-gap-default\">\n\t\t\t\t\t<div class=\"elementor-column elementor-col-100 elementor-top-column elementor-element elementor-element-9e9b93f\" data-id=\"9e9b93f\" data-element_type=\"column\">\n\t\t\t<div class=\"elementor-widget-wrap elementor-element-populated\">\n\t\t\t\t\t\t<div class=\"elementor-element elementor-element-597b982 elementor-widget elementor-widget-heading\" data-id=\"597b982\" data-element_type=\"widget\" data-widget_type=\"heading.default\">\n\t\t\t\t<div class=\"elementor-widget-container\">\n\t\t\t\t\t<h1 class=\"elementor-heading-title elementor-size-default\">MAPA DEL SITIO<\/h1>\t\t\t\t<\/div>\n\t\t\t\t<\/div>\n\t\t\t\t\t<\/div>\n\t\t<\/div>\n\t\t\t\t\t<\/div>\n\t\t<\/section>\n\t\t\t\t<section class=\"elementor-section elementor-top-section elementor-element elementor-element-efe067b elementor-section-boxed elementor-section-height-default elementor-section-height-default\" data-id=\"efe067b\" data-element_type=\"section\">\n\t\t\t\t\t\t<div class=\"elementor-container elementor-column-gap-default\">\n\t\t\t\t\t<div class=\"elementor-column elementor-col-100 elementor-top-column elementor-element elementor-element-54720cc\" data-id=\"54720cc\" data-element_type=\"column\">\n\t\t\t<div class=\"elementor-widget-wrap elementor-element-populated\">\n\t\t\t\t\t\t<div class=\"elementor-element elementor-element-d4c4c2d elementor-view-default elementor-position-top elementor-mobile-position-top elementor-widget elementor-widget-icon-box\" data-id=\"d4c4c2d\" data-element_type=\"widget\" data-widget_type=\"icon-box.default\">\n\t\t\t\t<div class=\"elementor-widget-container\">\n\t\t\t\t\t\t\t<div class=\"elementor-icon-box-wrapper\">\n\n\t\t\t\t\t\t<div class=\"elementor-icon-box-icon\">\n\t\t\t\t<a href=\"http:\/\/www.ert.com.co\/\" class=\"elementor-icon\" tabindex=\"-1\" aria-label=\"www.ert.com.co\">\n\t\t\t\t<i class=\"fa fa-map-signs\" aria-hidden=\"true\"><\/i>\t\t\t\t<\/a>\n\t\t\t<\/div>\n\t\t\t\n\t\t\t\t\t\t<div class=\"elementor-icon-box-content\">\n\n\t\t\t\t\t\t\t\t\t<h3 class=\"elementor-icon-box-title\">\n\t\t\t\t\t\t<a href=\"http:\/\/www.ert.com.co\/\" >\n\t\t\t\t\t\t\twww.ert.com.co\t\t\t\t\t\t<\/a>\n\t\t\t\t\t<\/h3>\n\t\t\t\t\n\t\t\t\t\n\t\t\t<\/div>\n\t\t\t\n\t\t<\/div>\n\t\t\t\t\t\t<\/div>\n\t\t\t\t<\/div>\n\t\t\t\t<div class=\"elementor-element elementor-element-97fcfa5 elementor-widget elementor-widget-text-editor\" data-id=\"97fcfa5\" data-element_type=\"widget\" data-widget_type=\"text-editor.default\">\n\t\t\t\t<div class=\"elementor-widget-container\">\n\t\t\t\t\t\t\t\t\t<ul><li><span style=\"color: #000000;\"><a style=\"color: #000000;\" href=\"http:\/\/www.ert.com.co\/\">Inicio<\/a><\/span><\/li><li><span style=\"color: #000000;\"><a style=\"color: #000000;\" href=\"http:\/\/www.ert.com.co\/index.php\/quienes-somos\/\">Quienes Somos<\/a><\/span><\/li><li><h2><span style=\"color: #000000;\">Servicios<\/span><\/h2><ul><li><span style=\"color: #000000;\"><a style=\"color: #000000;\" href=\"http:\/\/www.ert.com.co\/index.php\/hogar\/\">Hogar<\/a><\/span><\/li><li><span style=\"color: #000000;\"><a style=\"color: #000000;\" href=\"http:\/\/www.ert.com.co\/index.php\/hogar\/\">Empresa<\/a><\/span><\/li><li><span style=\"color: #000000;\"><a style=\"color: #000000;\" href=\"http:\/\/www.ert.com.co\/index.php\/hogar\/\">Gobierno<\/a><\/span><\/li><\/ul><\/li><li><span style=\"color: #000000;\"><a style=\"color: #000000;\" href=\"http:\/\/www.ert.com.co\/index.php\/tienda\/\">Tienda<\/a><\/span><\/li><li><h2><span style=\"color: #000000;\">Informaci\u00f3n Importante para el Usuario<\/span><\/h2><ul><li><span style=\"color: #000000;\"><a style=\"color: #000000;\" href=\"http:\/\/www.ert.com.co\/index.php\/pqrs\/\">PQRS<\/a><\/span><\/li><li><span style=\"color: #000000;\"><a style=\"color: #000000;\" href=\"http:\/\/www.ert.com.co\/index.php\/informacion-para-el-usuario\/\">Informaci\u00f3n para el Usuario<\/a><\/span><\/li><li><span style=\"color: #000000;\"><a style=\"color: #000000;\" href=\"http:\/\/contratovirtual.ert.com.co\/rweb\/\">Mi Factura<\/a><\/span><\/li><li><span style=\"color: #000000;\"><a style=\"color: #000000;\" href=\"http:\/\/www.ert.com.co\/index.php\/test-de-velocidad\/\">Test de Velocidad<\/a><\/span><\/li><\/ul><\/li><li><h2><span style=\"color: #000000;\">Atenci\u00f3n al Ciudadano<\/span><\/h2><ul><li><span style=\"color: #000000;\"><a style=\"color: #000000;\" href=\"http:\/\/www.ert.com.co\/index.php\/preguntas-y-respuestas\/\">Preguntas y respuestas<\/a><\/span><\/li><li><span style=\"color: #000000;\"><a style=\"color: #000000;\" href=\"http:\/\/www.ert.com.co\/index.php\/oficinas-fisicas\/\">Oficinas F\u00edsicas<\/a><\/span><\/li><li><span style=\"color: #000000;\"><a style=\"color: #000000;\" href=\"http:\/\/www.ert.com.co\/index.php\/ley\/\">Transparencia<\/a><\/span><\/li><li><span style=\"color: #000000;\"><a style=\"color: #000000;\" href=\"http:\/\/directorio.ert.com.co\/directorio\/\">Consulta Funcionarios<\/a><\/span><\/li><\/ul><\/li><li><span style=\"color: #000000;\"><a style=\"color: #000000;\" href=\"http:\/\/www.ert.com.co\/index.php\/contacto\/\">Contacto<\/a><\/span><\/li><li><span style=\"color: #000000;\"><a style=\"color: #000000;\" href=\"http:\/\/www.ert.com.co\/index.php\/ert\/\">ERT+<\/a><\/span><\/li><li><span style=\"color: #000000;\"><a style=\"color: #000000;\" href=\"http:\/\/www.ert.com.co\/index.php\/ert-kids\/\">ERT Kids<\/a><\/span><\/li><li><span style=\"color: #000000;\"><a style=\"color: #000000;\" href=\"http:\/\/contratovirtual.ert.com.co\/pqrcun\/\">Peticiones Quejas y Reclamos<\/a><\/span><\/li><li><span style=\"color: #000000;\"><a style=\"color: #000000;\" href=\"https:\/\/www.zonapagos.com\/t_ert\/pagos.asp\">Pague su Factura<\/a><\/span><\/li><li><span style=\"color: #000000;\"><a style=\"color: #000000;\" href=\"http:\/\/contratovirtual.ert.com.co\/rweb\/\">Consulte su Factura<\/a><\/span><\/li><li><span style=\"color: #000000;\"><a style=\"color: #000000;\" href=\"http:\/\/www.ert.com.co\/index.php\/test-de-velocidad\/\">Test de Velocidad<\/a><\/span><\/li><li><h2><span style=\"color: #000000;\">SERVICIO AL CIUDADANO<\/span><\/h2><ul><li><span style=\"color: #000000;\"><a style=\"color: #000000;\" href=\"http:\/\/www.ert.com.co\/index.php\/ley\/\">Atenci\u00f3n al ciudadano<\/a><\/span><\/li><li><span style=\"color: #000000;\"><a style=\"color: #000000;\" href=\"http:\/\/www.ert.com.co\/index.php\/control-interno\/\">Control interno<\/a><\/span><\/li><li><span style=\"color: #000000;\"><a style=\"color: #000000;\" href=\"http:\/\/www.ert.com.co\/index.php\/denuncias-de-corrupcion\/\">Denuncias de corrupci\u00f3n<\/a><\/span><\/li><li><span style=\"color: #000000;\"><a style=\"color: #000000;\" href=\"http:\/\/directorio.ert.com.co\/\">Directorio Telef\u00f3nico<\/a><\/span><\/li><li><span style=\"color: #000000;\"><a style=\"color: #000000;\" href=\"http:\/\/www.ert.com.co\/index.php\/indicadores-de-la-calidad-servicio\/\">Indicadores de Calidad<\/a><\/span><\/li><li><span style=\"color: #000000;\"><a style=\"color: #000000;\" href=\"http:\/\/www.ert.com.co\/index.php\/informacion-para-el-usuario\/\">Informaci\u00f3n Importante para los usuarios<\/a><\/span><\/li><li><span style=\"color: #000000;\"><a style=\"color: #000000;\" href=\"http:\/\/www.ert.com.co\/index.php\/notificaciones\/\">Notificaciones<\/a><\/span><\/li><li><span style=\"color: #000000;\"><a style=\"color: #000000;\" href=\"http:\/\/www.ert.com.co\/index.php\/normatividad\/\">Normativa<\/a><\/span><\/li><li><span style=\"color: #000000;\"><a style=\"color: #000000;\" href=\"http:\/\/www.ert.com.co\/index.php\/oferta-basica-de-interconexion\/\">Oferta b\u00e1sica de interconexi\u00f3n<\/a><\/span><\/li><li><span style=\"color: #000000;\"><a style=\"color: #000000;\" href=\"http:\/\/www.ert.com.co\/index.php\/oficinas-fisicas\/\">Oficina F\u00edsicas<\/a><\/span><\/li><li><span style=\"color: #000000;\"><a style=\"color: #000000;\" href=\"http:\/\/www.ert.com.co\/index.php\/oficinas-fisicas\/\">Punto de Pago<\/a><\/span><\/li><li><span style=\"color: #000000;\"><a style=\"color: #000000;\" href=\"http:\/\/www.ert.com.co\/index.php\/quienes-somos\/\">Quienes Somos<\/a><\/span><\/li><li><span style=\"color: #000000;\"><a style=\"color: #000000;\" href=\"https:\/\/www.colombiacompra.gov.co\/\">Secop<\/a><\/span><\/li><li><span style=\"color: #000000;\"><a style=\"color: #000000;\" href=\"http:\/\/www.ert.com.co\/Publicaciones\/Politica%20de%20Privacidad.pdf\">Pol\u00edtica de Privacidad<\/a><\/span><\/li><li><span style=\"color: #000000;\"><a style=\"color: #000000;\" href=\"http:\/\/www.ert.com.co\/index.php\/habeas-data\/\">Habeas Data<\/a><\/span><\/li><\/ul><\/li><li><h2><span style=\"color: #000000;\">De Interes<\/span><\/h2><ul><li><a href=\"http:\/\/www.ert.com.co\/index.php\/events\/\">Calendario<\/a><\/li><li><a href=\"http:\/\/www.ert.com.co\/index.php\/contratacion\/\">Contrataci\u00f3n<\/a><\/li><li><a href=\"http:\/\/www.ert.com.co\/index.php\/datos-abiertos\/\">Datos Abiertos<\/a><\/li><li><a href=\"http:\/\/www.ert.com.co\/index.php\/glosario\/\">Glosario<\/a><\/li><li><a href=\"http:\/\/www.ert.com.co\/index.php\/ert-kids\/\">Informaci\u00f3n para Ni\u00f1os<\/a><\/li><li><a href=\"http:\/\/www.ert.com.co\/Publicaciones\/Internet Sano.pdf\" data-wplink-url-error=\"true\">Te Protejo<\/a><\/li><li><a href=\"http:\/\/www.ert.com.co\/index.php\/explotacion-infantil\/\">ERT Lucha Contra la Expltaci\u00f3n Infantil<\/a><\/li><li><a href=\"http:\/\/www.ert.com.co\/index.php\/oferta-de-empleo\/\">Ofertas de Empleo<\/a><\/li><li><a href=\"http:\/\/www.ert.com.co\/index.php\/preguntas-y-respuestas\/\">Preguntas y Respuestas<\/a><\/li><li><a href=\"http:\/\/www.ert.com.co\/index.php\/mapa-del-sitio\/\">Mapa del Sitio<\/a><\/li><\/ul><\/li><li><h2>Servicios<\/h2><ul><li>Telefono IP<\/li><li><a href=\"http:\/\/www.ert.com.co\/index.php\/hogar\/\">Contac Center<\/a><\/li><li><a href=\"http:\/\/www.ert.com.co\/index.php\/hogar\/\">Gobierno<\/a><\/li><li><a href=\"http:\/\/www.ert.com.co\/index.php\/empresa\/\">Empresa<\/a><\/li><li><a href=\"http:\/\/www.ert.com.co\/index.php\/hogar\/\">Hogar<\/a><\/li><\/ul><\/li><li><h2>Asistencia y Soporte<\/h2><\/li><li><a href=\"http:\/\/www.ert.com.co\/index.php\/contacto\/\">Contactenos<\/a><\/li><\/ul>\t\t\t\t\t\t\t\t<\/div>\n\t\t\t\t<\/div>\n\t\t\t\t\t<\/div>\n\t\t<\/div>\n\t\t\t\t\t<\/div>\n\t\t<\/section>\n\t\t\t\t<\/div>\n\t\t","protected":false},"excerpt":{"rendered":"<p>MAPA DEL SITIO www.ert.com.co Inicio Quienes Somos Servicios Hogar Empresa Gobierno Tienda Informaci\u00f3n Importante para el Usuario PQRS Informaci\u00f3n para el Usuario Mi Factura Test de Velocidad Atenci\u00f3n al Ciudadano [&hellip;]<\/p>\n","protected":false},"author":1,"featured_media":0,"parent":0,"menu_order":0,"comment_status":"closed","ping_status":"closed","template":"elementor_header_footer","meta":{"_EventAllDay":false,"_EventTimezone":"","_EventStartDate":"","_EventEndDate":"","_EventStartDateUTC":"","_EventEndDateUTC":"","_EventShowMap":false,"_EventShowMapLink":false,"_EventURL":"","_EventCost":"","_EventCostDescription":"","_EventCurrencySymbol":"","_EventCurrencyCode":"","_EventCurrencyPosition":"","_EventDateTimeSeparator":"","_EventTimeRangeSeparator":"","_EventOrganizerID":[],"_EventVenueID":[],"_OrganizerEmail":"","_OrganizerPhone":"","_OrganizerWebsite":"","_VenueAddress":"","_VenueCity":"","_VenueCountry":"","_VenueProvince":"","_VenueState":"","_VenueZip":"","_VenuePhone":"","_VenueURL":"","_VenueStateProvince":"","_VenueLat":"","_VenueLng":"","_VenueShowMap":false,"_VenueShowMapLink":false,"footnotes":""},"class_list":["post-3117","page","type-page","status-publish","hentry","entry"],"yoast_head":"<!-- This site is optimized with the Yoast SEO plugin v27.3 - https:\/\/yoast.com\/product\/yoast-seo-wordpress\/ -->\n<title>Mapa del Sitio - ERT ESP<\/title>\n<meta name=\"robots\" content=\"index, follow, max-snippet:-1, max-image-preview:large, max-video-preview:-1\" \/>\n<link rel=\"canonical\" href=\"https:\/\/www.ert.com.co\/index.php\/mapa-del-sitio\/\" \/>\n<meta property=\"og:locale\" content=\"es_ES\" \/>\n<meta property=\"og:type\" content=\"article\" \/>\n<meta property=\"og:title\" content=\"Mapa del Sitio - ERT ESP\" \/>\n<meta property=\"og:description\" content=\"MAPA DEL SITIO www.ert.com.co Inicio Quienes Somos Servicios Hogar Empresa Gobierno Tienda Informaci\u00f3n Importante para el Usuario PQRS Informaci\u00f3n para el Usuario Mi Factura Test de Velocidad Atenci\u00f3n al Ciudadano [&hellip;]\" \/>\n<meta property=\"og:url\" content=\"https:\/\/www.ert.com.co\/index.php\/mapa-del-sitio\/\" \/>\n<meta property=\"og:site_name\" content=\"ERT ESP\" \/>\n<meta property=\"article:modified_time\" content=\"2019-08-09T14:51:39+00:00\" \/>\n<meta name=\"twitter:card\" content=\"summary_large_image\" \/>\n<script type=\"application\/ld+json\" class=\"yoast-schema-graph\">{\"@context\":\"https:\\\/\\\/schema.org\",\"@graph\":[{\"@type\":\"WebPage\",\"@id\":\"https:\\\/\\\/www.ert.com.co\\\/index.php\\\/mapa-del-sitio\\\/\",\"url\":\"https:\\\/\\\/www.ert.com.co\\\/index.php\\\/mapa-del-sitio\\\/\",\"name\":\"Mapa del Sitio - ERT ESP\",\"isPartOf\":{\"@id\":\"https:\\\/\\\/www.ert.com.co\\\/#website\"},\"datePublished\":\"2019-02-01T19:45:43+00:00\",\"dateModified\":\"2019-08-09T14:51:39+00:00\",\"breadcrumb\":{\"@id\":\"https:\\\/\\\/www.ert.com.co\\\/index.php\\\/mapa-del-sitio\\\/#breadcrumb\"},\"inLanguage\":\"es\",\"potentialAction\":[{\"@type\":\"ReadAction\",\"target\":[\"https:\\\/\\\/www.ert.com.co\\\/index.php\\\/mapa-del-sitio\\\/\"]}]},{\"@type\":\"BreadcrumbList\",\"@id\":\"https:\\\/\\\/www.ert.com.co\\\/index.php\\\/mapa-del-sitio\\\/#breadcrumb\",\"itemListElement\":[{\"@type\":\"ListItem\",\"position\":1,\"name\":\"Portada\",\"item\":\"https:\\\/\\\/www.ert.com.co\\\/\"},{\"@type\":\"ListItem\",\"position\":2,\"name\":\"Mapa del Sitio\"}]},{\"@type\":\"WebSite\",\"@id\":\"https:\\\/\\\/www.ert.com.co\\\/#website\",\"url\":\"https:\\\/\\\/www.ert.com.co\\\/\",\"name\":\"ERT ESP\",\"description\":\"Te conecta a lo que quieres\",\"potentialAction\":[{\"@type\":\"SearchAction\",\"target\":{\"@type\":\"EntryPoint\",\"urlTemplate\":\"https:\\\/\\\/www.ert.com.co\\\/?s={search_term_string}\"},\"query-input\":{\"@type\":\"PropertyValueSpecification\",\"valueRequired\":true,\"valueName\":\"search_term_string\"}}],\"inLanguage\":\"es\"}]}<\/script>\n<!-- \/ Yoast SEO plugin. -->","yoast_head_json":{"title":"Mapa del Sitio - ERT ESP","robots":{"index":"index","follow":"follow","max-snippet":"max-snippet:-1","max-image-preview":"max-image-preview:large","max-video-preview":"max-video-preview:-1"},"canonical":"https:\/\/www.ert.com.co\/index.php\/mapa-del-sitio\/","og_locale":"es_ES","og_type":"article","og_title":"Mapa del Sitio - ERT ESP","og_description":"MAPA DEL SITIO www.ert.com.co Inicio Quienes Somos Servicios Hogar Empresa Gobierno Tienda Informaci\u00f3n Importante para el Usuario PQRS Informaci\u00f3n para el Usuario Mi Factura Test de Velocidad Atenci\u00f3n al Ciudadano [&hellip;]","og_url":"https:\/\/www.ert.com.co\/index.php\/mapa-del-sitio\/","og_site_name":"ERT ESP","article_modified_time":"2019-08-09T14:51:39+00:00","twitter_card":"summary_large_image","schema":{"@context":"https:\/\/schema.org","@graph":[{"@type":"WebPage","@id":"https:\/\/www.ert.com.co\/index.php\/mapa-del-sitio\/","url":"https:\/\/www.ert.com.co\/index.php\/mapa-del-sitio\/","name":"Mapa del Sitio - ERT ESP","isPartOf":{"@id":"https:\/\/www.ert.com.co\/#website"},"datePublished":"2019-02-01T19:45:43+00:00","dateModified":"2019-08-09T14:51:39+00:00","breadcrumb":{"@id":"https:\/\/www.ert.com.co\/index.php\/mapa-del-sitio\/#breadcrumb"},"inLanguage":"es","potentialAction":[{"@type":"ReadAction","target":["https:\/\/www.ert.com.co\/index.php\/mapa-del-sitio\/"]}]},{"@type":"BreadcrumbList","@id":"https:\/\/www.ert.com.co\/index.php\/mapa-del-sitio\/#breadcrumb","itemListElement":[{"@type":"ListItem","position":1,"name":"Portada","item":"https:\/\/www.ert.com.co\/"},{"@type":"ListItem","position":2,"name":"Mapa del Sitio"}]},{"@type":"WebSite","@id":"https:\/\/www.ert.com.co\/#website","url":"https:\/\/www.ert.com.co\/","name":"ERT ESP","description":"Te conecta a lo que quieres","potentialAction":[{"@type":"SearchAction","target":{"@type":"EntryPoint","urlTemplate":"https:\/\/www.ert.com.co\/?s={search_term_string}"},"query-input":{"@type":"PropertyValueSpecification","valueRequired":true,"valueName":"search_term_string"}}],"inLanguage":"es"}]}},"_links":{"self":[{"href":"https:\/\/www.ert.com.co\/index.php\/wp-json\/wp\/v2\/pages\/3117","targetHints":{"allow":["GET"]}}],"collection":[{"href":"https:\/\/www.ert.com.co\/index.php\/wp-json\/wp\/v2\/pages"}],"about":[{"href":"https:\/\/www.ert.com.co\/index.php\/wp-json\/wp\/v2\/types\/page"}],"author":[{"embeddable":true,"href":"https:\/\/www.ert.com.co\/index.php\/wp-json\/wp\/v2\/users\/1"}],"replies":[{"embeddable":true,"href":"https:\/\/www.ert.com.co\/index.php\/wp-json\/wp\/v2\/comments?post=3117"}],"version-history":[{"count":0,"href":"https:\/\/www.ert.com.co\/index.php\/wp-json\/wp\/v2\/pages\/3117\/revisions"}],"wp:attachment":[{"href":"https:\/\/www.ert.com.co\/index.php\/wp-json\/wp\/v2\/media?parent=3117"}],"curies":[{"name":"wp","href":"https:\/\/api.w.org\/{rel}","templated":true}]}}