{"id":3369,"date":"2019-08-02T14:32:53","date_gmt":"2019-08-02T14:32:53","guid":{"rendered":"http:\/\/www.ert.com.co\/?page_id=3369"},"modified":"2020-09-23T10:29:59","modified_gmt":"2020-09-23T15:29:59","slug":"notificaciones-judiciales","status":"publish","type":"page","link":"https:\/\/www.ert.com.co\/index.php\/notificaciones-judiciales\/","title":{"rendered":"Notificaciones Judiciales"},"content":{"rendered":"\t\t<div data-elementor-type=\"wp-post\" data-elementor-id=\"3369\" class=\"elementor elementor-3369\">\n\t\t\t\t\t\t<section class=\"elementor-section elementor-top-section elementor-element elementor-element-b3757a0 elementor-section-boxed elementor-section-height-default elementor-section-height-default\" data-id=\"b3757a0\" data-element_type=\"section\">\n\t\t\t\t\t\t<div class=\"elementor-container elementor-column-gap-default\">\n\t\t\t\t\t<div class=\"elementor-column elementor-col-100 elementor-top-column elementor-element elementor-element-e6807b0\" data-id=\"e6807b0\" data-element_type=\"column\">\n\t\t\t<div class=\"elementor-widget-wrap elementor-element-populated\">\n\t\t\t\t\t\t<div class=\"elementor-element elementor-element-4af2443 elementor-widget elementor-widget-heading\" data-id=\"4af2443\" data-element_type=\"widget\" data-widget_type=\"heading.default\">\n\t\t\t\t<div class=\"elementor-widget-container\">\n\t\t\t\t\t<h1 class=\"elementor-heading-title elementor-size-default\">Las Notificaciones Judiciales se Realizan V\u00eda Electr\u00f3nica<\/h1>\t\t\t\t<\/div>\n\t\t\t\t<\/div>\n\t\t\t\t<div class=\"elementor-element elementor-element-30a23ae elementor-widget elementor-widget-image\" data-id=\"30a23ae\" data-element_type=\"widget\" data-widget_type=\"image.default\">\n\t\t\t\t<div class=\"elementor-widget-container\">\n\t\t\t\t\t\t\t\t\t\t\t\t\t\t\t<img decoding=\"async\" src=\"https:\/\/www.ert.com.co\/wp-content\/uploads\/elementor\/thumbs\/Notificaciones-Judiciales.-pqn8907bjhuxw8zbxvhlbg23bn960mor35ilbbm2e8.jpg\" title=\"Notificaciones Judiciales.\" alt=\"Notificaciones Judiciales.\" loading=\"lazy\" \/>\t\t\t\t\t\t\t\t\t\t\t\t\t\t\t<\/div>\n\t\t\t\t<\/div>\n\t\t\t\t\t<\/div>\n\t\t<\/div>\n\t\t\t\t\t<\/div>\n\t\t<\/section>\n\t\t\t\t<section class=\"elementor-section elementor-top-section elementor-element elementor-element-3de7742 elementor-section-boxed elementor-section-height-default elementor-section-height-default\" data-id=\"3de7742\" data-element_type=\"section\">\n\t\t\t\t\t\t<div class=\"elementor-container elementor-column-gap-default\">\n\t\t\t\t\t<div class=\"elementor-column elementor-col-66 elementor-top-column elementor-element elementor-element-d6ef773\" data-id=\"d6ef773\" data-element_type=\"column\">\n\t\t\t<div class=\"elementor-widget-wrap elementor-element-populated\">\n\t\t\t\t\t\t<div class=\"elementor-element elementor-element-a60c0ad elementor-widget elementor-widget-text-editor\" data-id=\"a60c0ad\" data-element_type=\"widget\" data-widget_type=\"text-editor.default\">\n\t\t\t\t<div class=\"elementor-widget-container\">\n\t\t\t\t\t\t\t\t\t<p>De conformidad con lo establecido por el art\u00edculo 197 de la Ley 1437 de 18 de enero de 2011, \u00abpor la cual se expide el C\u00f3digo de Procedimiento Administrativo y de lo Contencioso Administrativo\u00bb, se informa que la Empresa de Recursos Tecnologicos recibir\u00e1 las notificaciones judiciales al correo electr\u00f3nico:<\/p><h4><span style=\"color: #0000ff;\"><strong><span style=\"text-decoration: underline;\">ertcali@ert.com.co<\/span><\/strong><\/span><\/h4><p><strong>Este buz\u00f3n de correo electr\u00f3nico es EXCLUSIVO para notificaciones judiciales<\/strong><\/p><p>Mayor informaci\u00f3n: (57+2) 6202020- PBX<\/p>\t\t\t\t\t\t\t\t<\/div>\n\t\t\t\t<\/div>\n\t\t\t\t\t<\/div>\n\t\t<\/div>\n\t\t\t\t<div class=\"elementor-column elementor-col-33 elementor-top-column elementor-element elementor-element-fb45340\" data-id=\"fb45340\" data-element_type=\"column\">\n\t\t\t<div class=\"elementor-widget-wrap\">\n\t\t\t\t\t\t\t<\/div>\n\t\t<\/div>\n\t\t\t\t\t<\/div>\n\t\t<\/section>\n\t\t\t\t<\/div>\n\t\t","protected":false},"excerpt":{"rendered":"<p>Las Notificaciones Judiciales se Realizan V\u00eda Electr\u00f3nica De conformidad con lo establecido por el art\u00edculo 197 de la Ley 1437 de 18 de enero de 2011, \u00abpor la cual se [&hellip;]<\/p>\n","protected":false},"author":1,"featured_media":0,"parent":0,"menu_order":0,"comment_status":"closed","ping_status":"closed","template":"elementor_header_footer","meta":{"_EventAllDay":false,"_EventTimezone":"","_EventStartDate":"","_EventEndDate":"","_EventStartDateUTC":"","_EventEndDateUTC":"","_EventShowMap":false,"_EventShowMapLink":false,"_EventURL":"","_EventCost":"","_EventCostDescription":"","_EventCurrencySymbol":"","_EventCurrencyCode":"","_EventCurrencyPosition":"","_EventDateTimeSeparator":"","_EventTimeRangeSeparator":"","_EventOrganizerID":[],"_EventVenueID":[],"_OrganizerEmail":"","_OrganizerPhone":"","_OrganizerWebsite":"","_VenueAddress":"","_VenueCity":"","_VenueCountry":"","_VenueProvince":"","_VenueState":"","_VenueZip":"","_VenuePhone":"","_VenueURL":"","_VenueStateProvince":"","_VenueLat":"","_VenueLng":"","_VenueShowMap":false,"_VenueShowMapLink":false,"footnotes":""},"class_list":["post-3369","page","type-page","status-publish","hentry","entry"],"yoast_head":"<!-- This site is optimized with the Yoast SEO plugin v27.3 - https:\/\/yoast.com\/product\/yoast-seo-wordpress\/ -->\n<title>Notificaciones Judiciales - ERT ESP<\/title>\n<meta name=\"robots\" content=\"index, follow, max-snippet:-1, max-image-preview:large, max-video-preview:-1\" \/>\n<link rel=\"canonical\" href=\"https:\/\/www.ert.com.co\/index.php\/notificaciones-judiciales\/\" \/>\n<meta property=\"og:locale\" content=\"es_ES\" \/>\n<meta property=\"og:type\" content=\"article\" \/>\n<meta property=\"og:title\" content=\"Notificaciones Judiciales - ERT ESP\" \/>\n<meta property=\"og:description\" content=\"Las Notificaciones Judiciales se Realizan V\u00eda Electr\u00f3nica De conformidad con lo establecido por el art\u00edculo 197 de la Ley 1437 de 18 de enero de 2011, \u00abpor la cual se [&hellip;]\" \/>\n<meta property=\"og:url\" content=\"https:\/\/www.ert.com.co\/index.php\/notificaciones-judiciales\/\" \/>\n<meta property=\"og:site_name\" content=\"ERT ESP\" \/>\n<meta property=\"article:modified_time\" content=\"2020-09-23T15:29:59+00:00\" \/>\n<meta property=\"og:image\" content=\"https:\/\/www.ert.com.co\/wp-content\/uploads\/elementor\/thumbs\/Notificaciones-Judiciales.-obolwrkcppaaugrchp35rqst7fd9o4l6q0aaeg0gps.jpg\" \/>\n<meta name=\"twitter:card\" content=\"summary_large_image\" \/>\n<script type=\"application\/ld+json\" class=\"yoast-schema-graph\">{\"@context\":\"https:\\\/\\\/schema.org\",\"@graph\":[{\"@type\":\"WebPage\",\"@id\":\"https:\\\/\\\/www.ert.com.co\\\/index.php\\\/notificaciones-judiciales\\\/\",\"url\":\"https:\\\/\\\/www.ert.com.co\\\/index.php\\\/notificaciones-judiciales\\\/\",\"name\":\"Notificaciones Judiciales - ERT ESP\",\"isPartOf\":{\"@id\":\"https:\\\/\\\/www.ert.com.co\\\/#website\"},\"primaryImageOfPage\":{\"@id\":\"https:\\\/\\\/www.ert.com.co\\\/index.php\\\/notificaciones-judiciales\\\/#primaryimage\"},\"image\":{\"@id\":\"https:\\\/\\\/www.ert.com.co\\\/index.php\\\/notificaciones-judiciales\\\/#primaryimage\"},\"thumbnailUrl\":\"https:\\\/\\\/www.ert.com.co\\\/wp-content\\\/uploads\\\/elementor\\\/thumbs\\\/Notificaciones-Judiciales.-obolwrkcppaaugrchp35rqst7fd9o4l6q0aaeg0gps.jpg\",\"datePublished\":\"2019-08-02T14:32:53+00:00\",\"dateModified\":\"2020-09-23T15:29:59+00:00\",\"breadcrumb\":{\"@id\":\"https:\\\/\\\/www.ert.com.co\\\/index.php\\\/notificaciones-judiciales\\\/#breadcrumb\"},\"inLanguage\":\"es\",\"potentialAction\":[{\"@type\":\"ReadAction\",\"target\":[\"https:\\\/\\\/www.ert.com.co\\\/index.php\\\/notificaciones-judiciales\\\/\"]}]},{\"@type\":\"ImageObject\",\"inLanguage\":\"es\",\"@id\":\"https:\\\/\\\/www.ert.com.co\\\/index.php\\\/notificaciones-judiciales\\\/#primaryimage\",\"url\":\"https:\\\/\\\/www.ert.com.co\\\/wp-content\\\/uploads\\\/elementor\\\/thumbs\\\/Notificaciones-Judiciales.-obolwrkcppaaugrchp35rqst7fd9o4l6q0aaeg0gps.jpg\",\"contentUrl\":\"https:\\\/\\\/www.ert.com.co\\\/wp-content\\\/uploads\\\/elementor\\\/thumbs\\\/Notificaciones-Judiciales.-obolwrkcppaaugrchp35rqst7fd9o4l6q0aaeg0gps.jpg\"},{\"@type\":\"BreadcrumbList\",\"@id\":\"https:\\\/\\\/www.ert.com.co\\\/index.php\\\/notificaciones-judiciales\\\/#breadcrumb\",\"itemListElement\":[{\"@type\":\"ListItem\",\"position\":1,\"name\":\"Portada\",\"item\":\"https:\\\/\\\/www.ert.com.co\\\/\"},{\"@type\":\"ListItem\",\"position\":2,\"name\":\"Notificaciones Judiciales\"}]},{\"@type\":\"WebSite\",\"@id\":\"https:\\\/\\\/www.ert.com.co\\\/#website\",\"url\":\"https:\\\/\\\/www.ert.com.co\\\/\",\"name\":\"ERT ESP\",\"description\":\"Te conecta a lo que quieres\",\"potentialAction\":[{\"@type\":\"SearchAction\",\"target\":{\"@type\":\"EntryPoint\",\"urlTemplate\":\"https:\\\/\\\/www.ert.com.co\\\/?s={search_term_string}\"},\"query-input\":{\"@type\":\"PropertyValueSpecification\",\"valueRequired\":true,\"valueName\":\"search_term_string\"}}],\"inLanguage\":\"es\"}]}<\/script>\n<!-- \/ Yoast SEO plugin. -->","yoast_head_json":{"title":"Notificaciones Judiciales - ERT ESP","robots":{"index":"index","follow":"follow","max-snippet":"max-snippet:-1","max-image-preview":"max-image-preview:large","max-video-preview":"max-video-preview:-1"},"canonical":"https:\/\/www.ert.com.co\/index.php\/notificaciones-judiciales\/","og_locale":"es_ES","og_type":"article","og_title":"Notificaciones Judiciales - ERT ESP","og_description":"Las Notificaciones Judiciales se Realizan V\u00eda Electr\u00f3nica De conformidad con lo establecido por el art\u00edculo 197 de la Ley 1437 de 18 de enero de 2011, \u00abpor la cual se [&hellip;]","og_url":"https:\/\/www.ert.com.co\/index.php\/notificaciones-judiciales\/","og_site_name":"ERT ESP","article_modified_time":"2020-09-23T15:29:59+00:00","og_image":[{"url":"https:\/\/www.ert.com.co\/wp-content\/uploads\/elementor\/thumbs\/Notificaciones-Judiciales.-obolwrkcppaaugrchp35rqst7fd9o4l6q0aaeg0gps.jpg","type":"","width":"","height":""}],"twitter_card":"summary_large_image","schema":{"@context":"https:\/\/schema.org","@graph":[{"@type":"WebPage","@id":"https:\/\/www.ert.com.co\/index.php\/notificaciones-judiciales\/","url":"https:\/\/www.ert.com.co\/index.php\/notificaciones-judiciales\/","name":"Notificaciones Judiciales - ERT ESP","isPartOf":{"@id":"https:\/\/www.ert.com.co\/#website"},"primaryImageOfPage":{"@id":"https:\/\/www.ert.com.co\/index.php\/notificaciones-judiciales\/#primaryimage"},"image":{"@id":"https:\/\/www.ert.com.co\/index.php\/notificaciones-judiciales\/#primaryimage"},"thumbnailUrl":"https:\/\/www.ert.com.co\/wp-content\/uploads\/elementor\/thumbs\/Notificaciones-Judiciales.-obolwrkcppaaugrchp35rqst7fd9o4l6q0aaeg0gps.jpg","datePublished":"2019-08-02T14:32:53+00:00","dateModified":"2020-09-23T15:29:59+00:00","breadcrumb":{"@id":"https:\/\/www.ert.com.co\/index.php\/notificaciones-judiciales\/#breadcrumb"},"inLanguage":"es","potentialAction":[{"@type":"ReadAction","target":["https:\/\/www.ert.com.co\/index.php\/notificaciones-judiciales\/"]}]},{"@type":"ImageObject","inLanguage":"es","@id":"https:\/\/www.ert.com.co\/index.php\/notificaciones-judiciales\/#primaryimage","url":"https:\/\/www.ert.com.co\/wp-content\/uploads\/elementor\/thumbs\/Notificaciones-Judiciales.-obolwrkcppaaugrchp35rqst7fd9o4l6q0aaeg0gps.jpg","contentUrl":"https:\/\/www.ert.com.co\/wp-content\/uploads\/elementor\/thumbs\/Notificaciones-Judiciales.-obolwrkcppaaugrchp35rqst7fd9o4l6q0aaeg0gps.jpg"},{"@type":"BreadcrumbList","@id":"https:\/\/www.ert.com.co\/index.php\/notificaciones-judiciales\/#breadcrumb","itemListElement":[{"@type":"ListItem","position":1,"name":"Portada","item":"https:\/\/www.ert.com.co\/"},{"@type":"ListItem","position":2,"name":"Notificaciones Judiciales"}]},{"@type":"WebSite","@id":"https:\/\/www.ert.com.co\/#website","url":"https:\/\/www.ert.com.co\/","name":"ERT ESP","description":"Te conecta a lo que quieres","potentialAction":[{"@type":"SearchAction","target":{"@type":"EntryPoint","urlTemplate":"https:\/\/www.ert.com.co\/?s={search_term_string}"},"query-input":{"@type":"PropertyValueSpecification","valueRequired":true,"valueName":"search_term_string"}}],"inLanguage":"es"}]}},"_links":{"self":[{"href":"https:\/\/www.ert.com.co\/index.php\/wp-json\/wp\/v2\/pages\/3369","targetHints":{"allow":["GET"]}}],"collection":[{"href":"https:\/\/www.ert.com.co\/index.php\/wp-json\/wp\/v2\/pages"}],"about":[{"href":"https:\/\/www.ert.com.co\/index.php\/wp-json\/wp\/v2\/types\/page"}],"author":[{"embeddable":true,"href":"https:\/\/www.ert.com.co\/index.php\/wp-json\/wp\/v2\/users\/1"}],"replies":[{"embeddable":true,"href":"https:\/\/www.ert.com.co\/index.php\/wp-json\/wp\/v2\/comments?post=3369"}],"version-history":[{"count":0,"href":"https:\/\/www.ert.com.co\/index.php\/wp-json\/wp\/v2\/pages\/3369\/revisions"}],"wp:attachment":[{"href":"https:\/\/www.ert.com.co\/index.php\/wp-json\/wp\/v2\/media?parent=3369"}],"curies":[{"name":"wp","href":"https:\/\/api.w.org\/{rel}","templated":true}]}}