{"id":3433,"date":"2019-08-08T20:08:11","date_gmt":"2019-08-08T20:08:11","guid":{"rendered":"http:\/\/www.ert.com.co\/?page_id=3433"},"modified":"2019-12-16T14:20:39","modified_gmt":"2019-12-16T14:20:39","slug":"explotacion-infantil","status":"publish","type":"page","link":"https:\/\/www.ert.com.co\/index.php\/explotacion-infantil\/","title":{"rendered":"Explotacion Infantil"},"content":{"rendered":"\t\t<div data-elementor-type=\"wp-post\" data-elementor-id=\"3433\" class=\"elementor elementor-3433 elementor-bc-flex-widget\">\n\t\t\t\t\t\t<section class=\"elementor-section elementor-top-section elementor-element elementor-element-65d201f elementor-section-boxed elementor-section-height-default elementor-section-height-default\" data-id=\"65d201f\" data-element_type=\"section\">\n\t\t\t\t\t\t<div class=\"elementor-container elementor-column-gap-default\">\n\t\t\t\t\t<div class=\"elementor-column elementor-col-100 elementor-top-column elementor-element elementor-element-bf234ab\" data-id=\"bf234ab\" data-element_type=\"column\">\n\t\t\t<div class=\"elementor-widget-wrap elementor-element-populated\">\n\t\t\t\t\t\t<div class=\"elementor-element elementor-element-7479f35 elementor-widget elementor-widget-image\" data-id=\"7479f35\" data-element_type=\"widget\" data-widget_type=\"image.default\">\n\t\t\t\t<div class=\"elementor-widget-container\">\n\t\t\t\t\t\t\t\t\t\t\t\t\t\t\t<img decoding=\"async\" src=\"https:\/\/www.ert.com.co\/wp-content\/uploads\/elementor\/thumbs\/Children-smartphone-tablet-screens-pqn89078fnzhgne8qmwvokdsnqk86o16pgtvssjbvk.jpg\" title=\"Children-smartphone-tablet-screens\" alt=\"Children-smartphone-tablet-screens\" loading=\"lazy\" \/>\t\t\t\t\t\t\t\t\t\t\t\t\t\t\t<\/div>\n\t\t\t\t<\/div>\n\t\t\t\t\t<\/div>\n\t\t<\/div>\n\t\t\t\t\t<\/div>\n\t\t<\/section>\n\t\t\t\t<section class=\"elementor-section elementor-top-section elementor-element elementor-element-5762e06 elementor-section-boxed elementor-section-height-default elementor-section-height-default\" data-id=\"5762e06\" data-element_type=\"section\">\n\t\t\t\t\t\t<div class=\"elementor-container elementor-column-gap-default\">\n\t\t\t\t\t<div class=\"elementor-column elementor-col-100 elementor-top-column elementor-element elementor-element-025865a\" data-id=\"025865a\" data-element_type=\"column\">\n\t\t\t<div class=\"elementor-widget-wrap elementor-element-populated\">\n\t\t\t\t\t\t<section class=\"elementor-section elementor-inner-section elementor-element elementor-element-b10f5bc elementor-section-boxed elementor-section-height-default elementor-section-height-default\" data-id=\"b10f5bc\" data-element_type=\"section\">\n\t\t\t\t\t\t<div class=\"elementor-container elementor-column-gap-default\">\n\t\t\t\t\t<div class=\"elementor-column elementor-col-50 elementor-inner-column elementor-element elementor-element-134453e\" data-id=\"134453e\" data-element_type=\"column\">\n\t\t\t<div class=\"elementor-widget-wrap elementor-element-populated\">\n\t\t\t\t\t\t<div class=\"elementor-element elementor-element-b724ee7 elementor-widget elementor-widget-text-editor\" data-id=\"b724ee7\" data-element_type=\"widget\" data-widget_type=\"text-editor.default\">\n\t\t\t\t<div class=\"elementor-widget-container\">\n\t\t\t\t\t\t\t\t\t<h1><span style=\"color: #4054b2;\">ERT lucha contra la explotaci\u00f3n infantil en Internet<\/span><\/h1><p><span style=\"color: #000000;\">ERT lucha contra el maltrato infantil. Por esto se une a la ley 679 expedida por el Congreso de la Rep\u00fablica el 3 de agosto de 2001, para prevenir y contrarrestar la explotaci\u00f3n, la pornograf\u00eda y el turismo sexual con menores de edad: Por mandato de la Ley 679 de 2001, todas las personas deben prevenir, bloquear, combatir y denunciar la explotaci\u00f3n, alojamiento, uso, difusi\u00f3n de im\u00e1genes, textos, documentos, archivos audiovisuales, uso indebido de redes globales de informaci\u00f3n, o el establecimiento de v\u00ednculos telem\u00e1ticos de cualquier clase relacionados con material pornogr\u00e1fico o alusivo a actividades sexuales de menores de edad, por cuanto podr\u00eda generar responsabilidad de tipo penal\u00bb.\u00a0<\/span><\/p><p><span style=\"color: #000000;\">Esta ley se expidi\u00f3 con base en el art\u00edculo 44 de la Constituci\u00f3n Pol\u00edtica y su objetivo primordial es proteger a los ni\u00f1os de la explotaci\u00f3n y el abuso sexual y velar por que tengan un desarrollo sano e integral. Las empresas vinculadas a la C\u00e1mara Colombiana de Inform\u00e1tica y Telecomunicaciones CCIT y al NAP Colombia nos unimos a la campa\u00f1a organizada por el Gobierno Nacional contra la pornograf\u00eda infantil.<\/span><\/p><p class=\"style_box til_sub\"><span style=\"color: #000000;\"><strong>Normas LEY 679 DE 2001<\/strong> <strong>(agosto 3)<\/strong><\/span><\/p><p class=\"style_box txt-info\"><span style=\"color: #000000;\">Diario Oficial No. 44.509 del 4 de agosto de 2001por medio de la cual se expide un estatuto para prevenir y contrarrestar la explotaci\u00f3n, la pornograf\u00eda y el turismo sexual con menores, en desarrollo del art\u00edculo 44 de la Constituci\u00f3n.\u00a0<\/span><br \/><span style=\"color: #000000;\"><a style=\"color: #000000;\" href=\"http:\/\/atencionalcliente.movistar.co\/documentos\/Ley679.doc\" target=\"_blank\" rel=\"noopener\">Descargar Ley 679 de 2001 (103 Kb)<\/a><\/span><\/p><p class=\"style_box til_sub\"><strong><span style=\"color: #000000;\">DECRETO N\u00daMERO 067 DE 2003 (enero 15)<\/span><\/strong><\/p><p class=\"style_box txt-info\"><span style=\"color: #000000;\">Diario Oficial 45. 066 17-01-2003 Ministerio de Comunicaciones que el 24 de julio de 2002 se expidi\u00f3 el Decreto 1524 de 2002, el cual tiene por objeto reglamentar el art\u00edculo 5\u00b0 de la Ley 679 de 2001, con el fin de establecer las medidas t\u00e9cnicas y administrativas destinadas a prevenir el acceso de menores de edad a cualquier modalidad de informaci\u00f3n pornogr\u00e1fica contenida en Internet o en las distintas clases de redes inform\u00e1ticas a las cuales se tenga acceso mediante redes globales de informaci\u00f3n.\u00a0<\/span><\/p><p class=\"style_box til_sub\"><strong><span style=\"color: #000000;\">DECRETO N\u00daMERO 1524 DE 2002 (julio 24)<\/span><\/strong><\/p><p class=\"style_box txt-info\"><span style=\"color: #000000;\">Publicado el 31 de julio de 2002 MINISTERIO DE COMUNICACIONES por el cual reglamenta el art\u00edculo 5\u00b0 de la Ley 679 de 2001, que de conformidad con lo dispuesto por el art\u00edculo 44 de la Constituci\u00f3n Pol\u00edtica, los ni\u00f1os ser\u00e1n protegidos contra toda forma de abandono, violencia f\u00edsica o moral, secuestro, venta, abuso sexual, explotaci\u00f3n laboral o econ\u00f3mica y trabajos riesgosos.<\/span><\/p><p class=\"style_box txt-info\"><span style=\"color: #000000;\">Directiva 007 del 11 de febrero de 2004 &#8211; Protecci\u00f3n infantil<\/span><\/p><p class=\"style_box txt-info\">\u00a0<\/p><p><span style=\"color: #000000;\">\u00a0<\/span><\/p>\t\t\t\t\t\t\t\t<\/div>\n\t\t\t\t<\/div>\n\t\t\t\t<div class=\"elementor-element elementor-element-933ad2c elementor-widget elementor-widget-image\" data-id=\"933ad2c\" data-element_type=\"widget\" data-widget_type=\"image.default\">\n\t\t\t\t<div class=\"elementor-widget-container\">\n\t\t\t\t\t\t\t\t\t\t\t\t\t\t\t\t<a href=\"http:\/\/www.teprotejo.org\/index.php\/es\/\">\n\t\t\t\t\t\t\t<img fetchpriority=\"high\" decoding=\"async\" width=\"900\" height=\"262\" src=\"https:\/\/www.ert.com.co\/wp-content\/uploads\/2019\/08\/te-protejo.jpg\" class=\"attachment-large size-large wp-image-3445\" alt=\"\" srcset=\"https:\/\/www.ert.com.co\/wp-content\/uploads\/2019\/08\/te-protejo.jpg 900w, https:\/\/www.ert.com.co\/wp-content\/uploads\/2019\/08\/te-protejo-300x87.jpg 300w, https:\/\/www.ert.com.co\/wp-content\/uploads\/2019\/08\/te-protejo-768x224.jpg 768w, https:\/\/www.ert.com.co\/wp-content\/uploads\/2019\/08\/te-protejo-600x175.jpg 600w\" sizes=\"(max-width: 900px) 100vw, 900px\" \/>\t\t\t\t\t\t\t\t<\/a>\n\t\t\t\t\t\t\t\t\t\t\t\t\t\t\t<\/div>\n\t\t\t\t<\/div>\n\t\t\t\t<div class=\"elementor-element elementor-element-a229376 elementor-widget elementor-widget-image\" data-id=\"a229376\" data-element_type=\"widget\" data-widget_type=\"image.default\">\n\t\t\t\t<div class=\"elementor-widget-container\">\n\t\t\t\t\t\t\t\t\t\t\t\t<figure class=\"wp-caption\">\n\t\t\t\t\t\t\t\t\t\t\t<a href=\"http:\/\/www.ert.com.co\/Publicaciones\/COMUNICACION%20DVC%20A%20ISP%20Y%20PROVEEDORES%20DE%20ALOJAMIENTO%20REG%20192103360.pdf\">\n\t\t\t\t\t\t\t<img decoding=\"async\" width=\"313\" height=\"313\" src=\"https:\/\/www.ert.com.co\/wp-content\/uploads\/2018\/12\/iconos-05.png\" class=\"attachment-large size-large wp-image-2498\" alt=\"\" srcset=\"https:\/\/www.ert.com.co\/wp-content\/uploads\/2018\/12\/iconos-05.png 313w, https:\/\/www.ert.com.co\/wp-content\/uploads\/2018\/12\/iconos-05-150x150.png 150w, https:\/\/www.ert.com.co\/wp-content\/uploads\/2018\/12\/iconos-05-300x300.png 300w, https:\/\/www.ert.com.co\/wp-content\/uploads\/2018\/12\/iconos-05-100x100.png 100w\" sizes=\"(max-width: 313px) 100vw, 313px\" \/>\t\t\t\t\t\t\t\t<\/a>\n\t\t\t\t\t\t\t\t\t\t\t<figcaption class=\"widget-image-caption wp-caption-text\">COMUNICACION DVC A ISP Y PROVEEDORES DE ALOJAMIENTO<\/figcaption>\n\t\t\t\t\t\t\t\t\t\t<\/figure>\n\t\t\t\t\t\t\t\t\t<\/div>\n\t\t\t\t<\/div>\n\t\t\t\t\t<\/div>\n\t\t<\/div>\n\t\t\t\t<div class=\"elementor-column elementor-col-50 elementor-inner-column elementor-element elementor-element-9c59bc7\" data-id=\"9c59bc7\" data-element_type=\"column\">\n\t\t\t<div class=\"elementor-widget-wrap elementor-element-populated\">\n\t\t\t\t\t\t<div class=\"elementor-element elementor-element-c320ef8 elementor-widget elementor-widget-text-editor\" data-id=\"c320ef8\" data-element_type=\"widget\" data-widget_type=\"text-editor.default\">\n\t\t\t\t<div class=\"elementor-widget-container\">\n\t\t\t\t\t\t\t\t\t<h1 class=\"subra\"><span style=\"color: #4054b2;\">DENUNCIE<\/span><\/h1><p><span style=\"color: #000000;\">En los siguientes lugares de Internet podr\u00e1 realizar denuncias relacionadas con sitios y contenidos de pornograf\u00eda de menores de edad y p\u00e1ginas electr\u00f3nicas en las que se ofrezcan servicios sexuales con ni\u00f1os:<\/span><\/p><p><strong><span style=\"color: #000000;\">FISCAL\u00cdA GENERAL DE LA NACI\u00d3N<\/span><\/strong><br \/><span style=\"color: #000000;\">Tel\u00e9fono: 01 800 0912280\u00a0<\/span><br \/><span style=\"color: #000000;\">e-mail: contacto@fiscalia.gov.co\u00a0<\/span><br \/><span style=\"color: #000000;\">Pagina:\u00a0 http:\/\/www.fiscalia.gov.co\/<\/span><\/p><p><strong><span style=\"color: #000000;\">MINISTERIO DE TECNOLOG\u00cdAS DE LA <\/span><\/strong><strong><span style=\"color: #000000;\">INFORMACI\u00d3N Y LAS COMUNICACIONES<\/span><\/strong><br \/><span style=\"color: #000000;\">Tel\u00e9fono: 01 800 0912667\u00a0<\/span><br \/><span style=\"color: #000000;\">Pagina:\u00a0 http:\/\/www.enticconfio.gov.co<\/span><\/p><p><strong><span style=\"color: #000000;\">POLIC\u00cdA JUDICIAL &#8211; DIJIN <\/span><\/strong><strong><span style=\"color: #000000;\">GRUPO INVESTIGATIVO DELITOS INFORM\u00c1TICOS<\/span><\/strong><br \/><span style=\"color: #000000;\">Tel\u00e9fono: PBX: 426 6900 Ext. 6301-6302\u00a0<\/span><br \/><span style=\"color: #000000;\">Carrera 77A # 45-61 Barrio Modelia\u00a0<\/span><br \/><span style=\"color: #000000;\">https:\/\/www.policia.gov.co\/dijin<\/span><\/p><p><strong><span style=\"color: #000000;\">INSTITUTO COLOMBIANO DE BIENESTAR FAMILIAR<\/span><\/strong><br \/><span style=\"color: #000000;\">Tel\u00e9fono: 01 8000 918080\u00a0<\/span><br \/><span style=\"color: #000000;\">L\u00ednea 141\u00a0<\/span><br \/><span style=\"color: #000000;\">https:\/\/www.icbf.gov.co<\/span><\/p><p><span style=\"color: #000000;\"><strong>PERSONER\u00cdA<\/strong>\u00a0<\/span><br \/><span style=\"color: #000000;\">L\u00ednea 143\u00a0<\/span><br \/><span style=\"color: #000000;\">http:\/\/www.personeriabogota.gov.co\/atencion-al-ciudadano\/peticiones-y-qrsd<\/span><\/p><div><strong><span style=\"color: #000000;\">CENTRO CIBERNETICO POLICIAL\u00a0<\/span><\/strong><br \/><span style=\"color: #000000;\">https:\/\/caivirtual.policia.gov.co\/<\/span><\/div><div>\u00a0<\/div><div><p><span style=\"color: #000000;\"><strong>RECOMENDACIONES DE SEGURIDAD:<\/strong><\/span><\/p><p><span style=\"color: #000000;\">Empresa Regional de Telecomunicaciones recomienda implementar seguridad inform\u00e1tica en sus equipos con antivirus, no descargar software alternos que vengan con alguna aplicaci\u00f3n que deseen descargar, evitar ingresar a URLs no muy conocidas.<\/span><\/p><p><span style=\"color: #000000;\"><strong>\u00a0<\/strong><strong>CONTROL PARENTAL: <\/strong><\/span><\/p><p><span style=\"color: #000000;\">Adem\u00e1s, en las siguientes direcciones encontrar\u00e1n mecanismos de filtrado que puedan ser instalados en sus equipos con el objeto de cumplir con la legislaci\u00f3n vigente del tema contenido en el presente documento.<\/span><\/p><p><span style=\"color: #000000;\"><strong>\u00a0<\/strong><a style=\"color: #000000;\" href=\"http:\/\/www.sentrypc.com\/\">http:\/\/www.access-control-software.com\/support\/home-version.htm<\/a><\/span><br \/><span style=\"color: #000000;\"><a style=\"color: #000000;\" href=\"http:\/\/www.netnanny.com\/support\/index.html\">http:\/\/www.netnanny.com\/support\/index.html\u00a0<\/a><\/span><br \/><span style=\"color: #000000;\"><a style=\"color: #000000;\" href=\"http:\/\/www.netnanny.com\/support\/index.html\">http:\/\/planetweb.com\/ProductsServices\/SpectraWorks.aspx<\/a><\/span><\/p><p><span style=\"color: #000000;\">http:\/\/www1.k9webprotection.com\/index.php<\/span><\/p><p><span style=\"color: #000000;\"><a style=\"color: #000000;\" href=\"http:\/\/www.opendns.com\/\">http:\/\/www.opendns.com\/<\/a><\/span><\/p><p><span style=\"color: #000000;\"><a style=\"color: #000000;\" href=\"http:\/\/dansguardian.org\/\">http:\/\/dansguardian.org\/<\/a><\/span><\/p><p><span style=\"color: #000000;\"><a style=\"color: #000000;\" href=\"http:\/\/www.qustodio.com\/?utm_expid=69500132-0&amp;utm_referrer=http:\/\/alternativeto.net\/software\/qustodio\/\">http:\/\/www.qustodio.com\/<\/a><\/span><\/p><p><span style=\"color: #000000;\"><a style=\"color: #000000;\" href=\"http:\/\/www.n2h2.com\/products\/bess_home.php\">http:\/\/www.n2h2.com\/products\/bess_home.php<\/a><\/span><\/p><p><span style=\"color: #000000;\"><a style=\"color: #000000;\" href=\"http:\/\/www.netnanny.com\/support\/index.html\">http:\/\/www.netnanny.com\/support\/index.html<\/a><\/span><\/p><p><span style=\"color: #000000;\"><a style=\"color: #000000;\" href=\"http:\/\/view.planetweb.com\/cust\/ss_lvl1.html\">http:\/\/view.planetweb.com\/cust\/ss_lvl1.html<\/a><\/span><\/p><p><strong>\u00a0<\/strong><\/p><\/div>\t\t\t\t\t\t\t\t<\/div>\n\t\t\t\t<\/div>\n\t\t\t\t<div class=\"elementor-element elementor-element-fdec95e elementor-widget elementor-widget-image\" data-id=\"fdec95e\" data-element_type=\"widget\" data-widget_type=\"image.default\">\n\t\t\t\t<div class=\"elementor-widget-container\">\n\t\t\t\t\t\t\t\t\t\t\t\t\t\t\t<img decoding=\"async\" width=\"622\" height=\"1024\" src=\"https:\/\/www.ert.com.co\/wp-content\/uploads\/2019\/12\/Maling-Campa\u00f1a-de-prevenci\u00f3n-de-abuso-infantil-NOV-20-011-622x1024.jpg\" class=\"attachment-large size-large wp-image-3570\" alt=\"\" srcset=\"https:\/\/www.ert.com.co\/wp-content\/uploads\/2019\/12\/Maling-Campa\u00f1a-de-prevenci\u00f3n-de-abuso-infantil-NOV-20-011-622x1024.jpg 622w, https:\/\/www.ert.com.co\/wp-content\/uploads\/2019\/12\/Maling-Campa\u00f1a-de-prevenci\u00f3n-de-abuso-infantil-NOV-20-011-182x300.jpg 182w, https:\/\/www.ert.com.co\/wp-content\/uploads\/2019\/12\/Maling-Campa\u00f1a-de-prevenci\u00f3n-de-abuso-infantil-NOV-20-011-768x1263.jpg 768w, https:\/\/www.ert.com.co\/wp-content\/uploads\/2019\/12\/Maling-Campa\u00f1a-de-prevenci\u00f3n-de-abuso-infantil-NOV-20-011-600x987.jpg 600w\" sizes=\"(max-width: 622px) 100vw, 622px\" \/>\t\t\t\t\t\t\t\t\t\t\t\t\t\t\t<\/div>\n\t\t\t\t<\/div>\n\t\t\t\t\t<\/div>\n\t\t<\/div>\n\t\t\t\t\t<\/div>\n\t\t<\/section>\n\t\t\t\t\t<\/div>\n\t\t<\/div>\n\t\t\t\t\t<\/div>\n\t\t<\/section>\n\t\t\t\t<\/div>\n\t\t","protected":false},"excerpt":{"rendered":"<p>ERT lucha contra la explotaci\u00f3n infantil en Internet ERT lucha contra el maltrato infantil. Por esto se une a la ley 679 expedida por el Congreso de la Rep\u00fablica el [&hellip;]<\/p>\n","protected":false},"author":1,"featured_media":0,"parent":0,"menu_order":0,"comment_status":"closed","ping_status":"closed","template":"elementor_header_footer","meta":{"_EventAllDay":false,"_EventTimezone":"","_EventStartDate":"","_EventEndDate":"","_EventStartDateUTC":"","_EventEndDateUTC":"","_EventShowMap":false,"_EventShowMapLink":false,"_EventURL":"","_EventCost":"","_EventCostDescription":"","_EventCurrencySymbol":"","_EventCurrencyCode":"","_EventCurrencyPosition":"","_EventDateTimeSeparator":"","_EventTimeRangeSeparator":"","_EventOrganizerID":[],"_EventVenueID":[],"_OrganizerEmail":"","_OrganizerPhone":"","_OrganizerWebsite":"","_VenueAddress":"","_VenueCity":"","_VenueCountry":"","_VenueProvince":"","_VenueState":"","_VenueZip":"","_VenuePhone":"","_VenueURL":"","_VenueStateProvince":"","_VenueLat":"","_VenueLng":"","_VenueShowMap":false,"_VenueShowMapLink":false,"footnotes":""},"class_list":["post-3433","page","type-page","status-publish","hentry","entry"],"yoast_head":"<!-- This site is optimized with the Yoast SEO plugin v27.3 - https:\/\/yoast.com\/product\/yoast-seo-wordpress\/ -->\n<title>Explotacion Infantil - ERT ESP<\/title>\n<meta name=\"robots\" content=\"index, follow, max-snippet:-1, max-image-preview:large, max-video-preview:-1\" \/>\n<link rel=\"canonical\" href=\"https:\/\/www.ert.com.co\/index.php\/explotacion-infantil\/\" \/>\n<meta property=\"og:locale\" content=\"es_ES\" \/>\n<meta property=\"og:type\" content=\"article\" \/>\n<meta property=\"og:title\" content=\"Explotacion Infantil - ERT ESP\" \/>\n<meta property=\"og:description\" content=\"ERT lucha contra la explotaci\u00f3n infantil en Internet ERT lucha contra el maltrato infantil. Por esto se une a la ley 679 expedida por el Congreso de la Rep\u00fablica el [&hellip;]\" \/>\n<meta property=\"og:url\" content=\"https:\/\/www.ert.com.co\/index.php\/explotacion-infantil\/\" \/>\n<meta property=\"og:site_name\" content=\"ERT ESP\" \/>\n<meta property=\"article:modified_time\" content=\"2019-12-16T14:20:39+00:00\" \/>\n<meta property=\"og:image\" content=\"http:\/\/www.ert.com.co\/wp-content\/uploads\/elementor\/thumbs\/Children-smartphone-tablet-screens-obzftvwzjb67sdh0d2xj1n98vrhrj6bwxmboczyh9c.jpg\" \/>\n<meta name=\"twitter:card\" content=\"summary_large_image\" \/>\n<meta name=\"twitter:label1\" content=\"Tiempo de lectura\" \/>\n\t<meta name=\"twitter:data1\" content=\"3 minutos\" \/>\n<script type=\"application\/ld+json\" class=\"yoast-schema-graph\">{\"@context\":\"https:\\\/\\\/schema.org\",\"@graph\":[{\"@type\":\"WebPage\",\"@id\":\"https:\\\/\\\/www.ert.com.co\\\/index.php\\\/explotacion-infantil\\\/\",\"url\":\"https:\\\/\\\/www.ert.com.co\\\/index.php\\\/explotacion-infantil\\\/\",\"name\":\"Explotacion Infantil - ERT ESP\",\"isPartOf\":{\"@id\":\"https:\\\/\\\/www.ert.com.co\\\/#website\"},\"primaryImageOfPage\":{\"@id\":\"https:\\\/\\\/www.ert.com.co\\\/index.php\\\/explotacion-infantil\\\/#primaryimage\"},\"image\":{\"@id\":\"https:\\\/\\\/www.ert.com.co\\\/index.php\\\/explotacion-infantil\\\/#primaryimage\"},\"thumbnailUrl\":\"http:\\\/\\\/www.ert.com.co\\\/wp-content\\\/uploads\\\/elementor\\\/thumbs\\\/Children-smartphone-tablet-screens-obzftvwzjb67sdh0d2xj1n98vrhrj6bwxmboczyh9c.jpg\",\"datePublished\":\"2019-08-08T20:08:11+00:00\",\"dateModified\":\"2019-12-16T14:20:39+00:00\",\"breadcrumb\":{\"@id\":\"https:\\\/\\\/www.ert.com.co\\\/index.php\\\/explotacion-infantil\\\/#breadcrumb\"},\"inLanguage\":\"es\",\"potentialAction\":[{\"@type\":\"ReadAction\",\"target\":[\"https:\\\/\\\/www.ert.com.co\\\/index.php\\\/explotacion-infantil\\\/\"]}]},{\"@type\":\"ImageObject\",\"inLanguage\":\"es\",\"@id\":\"https:\\\/\\\/www.ert.com.co\\\/index.php\\\/explotacion-infantil\\\/#primaryimage\",\"url\":\"http:\\\/\\\/www.ert.com.co\\\/wp-content\\\/uploads\\\/elementor\\\/thumbs\\\/Children-smartphone-tablet-screens-obzftvwzjb67sdh0d2xj1n98vrhrj6bwxmboczyh9c.jpg\",\"contentUrl\":\"http:\\\/\\\/www.ert.com.co\\\/wp-content\\\/uploads\\\/elementor\\\/thumbs\\\/Children-smartphone-tablet-screens-obzftvwzjb67sdh0d2xj1n98vrhrj6bwxmboczyh9c.jpg\"},{\"@type\":\"BreadcrumbList\",\"@id\":\"https:\\\/\\\/www.ert.com.co\\\/index.php\\\/explotacion-infantil\\\/#breadcrumb\",\"itemListElement\":[{\"@type\":\"ListItem\",\"position\":1,\"name\":\"Portada\",\"item\":\"https:\\\/\\\/www.ert.com.co\\\/\"},{\"@type\":\"ListItem\",\"position\":2,\"name\":\"Explotacion Infantil\"}]},{\"@type\":\"WebSite\",\"@id\":\"https:\\\/\\\/www.ert.com.co\\\/#website\",\"url\":\"https:\\\/\\\/www.ert.com.co\\\/\",\"name\":\"ERT ESP\",\"description\":\"Te conecta a lo que quieres\",\"potentialAction\":[{\"@type\":\"SearchAction\",\"target\":{\"@type\":\"EntryPoint\",\"urlTemplate\":\"https:\\\/\\\/www.ert.com.co\\\/?s={search_term_string}\"},\"query-input\":{\"@type\":\"PropertyValueSpecification\",\"valueRequired\":true,\"valueName\":\"search_term_string\"}}],\"inLanguage\":\"es\"}]}<\/script>\n<!-- \/ Yoast SEO plugin. -->","yoast_head_json":{"title":"Explotacion Infantil - ERT ESP","robots":{"index":"index","follow":"follow","max-snippet":"max-snippet:-1","max-image-preview":"max-image-preview:large","max-video-preview":"max-video-preview:-1"},"canonical":"https:\/\/www.ert.com.co\/index.php\/explotacion-infantil\/","og_locale":"es_ES","og_type":"article","og_title":"Explotacion Infantil - ERT ESP","og_description":"ERT lucha contra la explotaci\u00f3n infantil en Internet ERT lucha contra el maltrato infantil. Por esto se une a la ley 679 expedida por el Congreso de la Rep\u00fablica el [&hellip;]","og_url":"https:\/\/www.ert.com.co\/index.php\/explotacion-infantil\/","og_site_name":"ERT ESP","article_modified_time":"2019-12-16T14:20:39+00:00","og_image":[{"url":"http:\/\/www.ert.com.co\/wp-content\/uploads\/elementor\/thumbs\/Children-smartphone-tablet-screens-obzftvwzjb67sdh0d2xj1n98vrhrj6bwxmboczyh9c.jpg","type":"","width":"","height":""}],"twitter_card":"summary_large_image","twitter_misc":{"Tiempo de lectura":"3 minutos"},"schema":{"@context":"https:\/\/schema.org","@graph":[{"@type":"WebPage","@id":"https:\/\/www.ert.com.co\/index.php\/explotacion-infantil\/","url":"https:\/\/www.ert.com.co\/index.php\/explotacion-infantil\/","name":"Explotacion Infantil - ERT ESP","isPartOf":{"@id":"https:\/\/www.ert.com.co\/#website"},"primaryImageOfPage":{"@id":"https:\/\/www.ert.com.co\/index.php\/explotacion-infantil\/#primaryimage"},"image":{"@id":"https:\/\/www.ert.com.co\/index.php\/explotacion-infantil\/#primaryimage"},"thumbnailUrl":"http:\/\/www.ert.com.co\/wp-content\/uploads\/elementor\/thumbs\/Children-smartphone-tablet-screens-obzftvwzjb67sdh0d2xj1n98vrhrj6bwxmboczyh9c.jpg","datePublished":"2019-08-08T20:08:11+00:00","dateModified":"2019-12-16T14:20:39+00:00","breadcrumb":{"@id":"https:\/\/www.ert.com.co\/index.php\/explotacion-infantil\/#breadcrumb"},"inLanguage":"es","potentialAction":[{"@type":"ReadAction","target":["https:\/\/www.ert.com.co\/index.php\/explotacion-infantil\/"]}]},{"@type":"ImageObject","inLanguage":"es","@id":"https:\/\/www.ert.com.co\/index.php\/explotacion-infantil\/#primaryimage","url":"http:\/\/www.ert.com.co\/wp-content\/uploads\/elementor\/thumbs\/Children-smartphone-tablet-screens-obzftvwzjb67sdh0d2xj1n98vrhrj6bwxmboczyh9c.jpg","contentUrl":"http:\/\/www.ert.com.co\/wp-content\/uploads\/elementor\/thumbs\/Children-smartphone-tablet-screens-obzftvwzjb67sdh0d2xj1n98vrhrj6bwxmboczyh9c.jpg"},{"@type":"BreadcrumbList","@id":"https:\/\/www.ert.com.co\/index.php\/explotacion-infantil\/#breadcrumb","itemListElement":[{"@type":"ListItem","position":1,"name":"Portada","item":"https:\/\/www.ert.com.co\/"},{"@type":"ListItem","position":2,"name":"Explotacion Infantil"}]},{"@type":"WebSite","@id":"https:\/\/www.ert.com.co\/#website","url":"https:\/\/www.ert.com.co\/","name":"ERT ESP","description":"Te conecta a lo que quieres","potentialAction":[{"@type":"SearchAction","target":{"@type":"EntryPoint","urlTemplate":"https:\/\/www.ert.com.co\/?s={search_term_string}"},"query-input":{"@type":"PropertyValueSpecification","valueRequired":true,"valueName":"search_term_string"}}],"inLanguage":"es"}]}},"_links":{"self":[{"href":"https:\/\/www.ert.com.co\/index.php\/wp-json\/wp\/v2\/pages\/3433","targetHints":{"allow":["GET"]}}],"collection":[{"href":"https:\/\/www.ert.com.co\/index.php\/wp-json\/wp\/v2\/pages"}],"about":[{"href":"https:\/\/www.ert.com.co\/index.php\/wp-json\/wp\/v2\/types\/page"}],"author":[{"embeddable":true,"href":"https:\/\/www.ert.com.co\/index.php\/wp-json\/wp\/v2\/users\/1"}],"replies":[{"embeddable":true,"href":"https:\/\/www.ert.com.co\/index.php\/wp-json\/wp\/v2\/comments?post=3433"}],"version-history":[{"count":0,"href":"https:\/\/www.ert.com.co\/index.php\/wp-json\/wp\/v2\/pages\/3433\/revisions"}],"wp:attachment":[{"href":"https:\/\/www.ert.com.co\/index.php\/wp-json\/wp\/v2\/media?parent=3433"}],"curies":[{"name":"wp","href":"https:\/\/api.w.org\/{rel}","templated":true}]}}