{"id":3473,"date":"2019-08-15T16:10:57","date_gmt":"2019-08-15T16:10:57","guid":{"rendered":"http:\/\/www.ert.com.co\/?page_id=3473"},"modified":"2019-08-15T16:52:53","modified_gmt":"2019-08-15T16:52:53","slug":"criterio-diferencial-de-accesibilidad","status":"publish","type":"page","link":"https:\/\/www.ert.com.co\/index.php\/criterio-diferencial-de-accesibilidad\/","title":{"rendered":"Criterio Diferencial de Accesibilidad"},"content":{"rendered":"\t\t<div data-elementor-type=\"wp-post\" data-elementor-id=\"3473\" class=\"elementor elementor-3473 elementor-bc-flex-widget\">\n\t\t\t\t\t\t<section class=\"elementor-section elementor-top-section elementor-element elementor-element-4fabdf3 elementor-section-boxed elementor-section-height-default elementor-section-height-default\" data-id=\"4fabdf3\" data-element_type=\"section\">\n\t\t\t\t\t\t<div class=\"elementor-container elementor-column-gap-default\">\n\t\t\t\t\t<div class=\"elementor-column elementor-col-100 elementor-top-column elementor-element elementor-element-66f9ebd\" data-id=\"66f9ebd\" data-element_type=\"column\">\n\t\t\t<div class=\"elementor-widget-wrap elementor-element-populated\">\n\t\t\t\t\t\t<div class=\"elementor-element elementor-element-752f94b elementor-widget elementor-widget-heading\" data-id=\"752f94b\" data-element_type=\"widget\" data-widget_type=\"heading.default\">\n\t\t\t\t<div class=\"elementor-widget-container\">\n\t\t\t\t\t<h1 class=\"elementor-heading-title elementor-size-default\">CRITERIO DIFERENCIAL DE ACCESIBILIDAD <\/h1>\t\t\t\t<\/div>\n\t\t\t\t<\/div>\n\t\t\t\t\t<\/div>\n\t\t<\/div>\n\t\t\t\t\t<\/div>\n\t\t<\/section>\n\t\t\t\t<section class=\"elementor-section elementor-top-section elementor-element elementor-element-6bb7bed elementor-section-boxed elementor-section-height-default elementor-section-height-default\" data-id=\"6bb7bed\" data-element_type=\"section\">\n\t\t\t\t\t\t<div class=\"elementor-container elementor-column-gap-default\">\n\t\t\t\t\t<div class=\"elementor-column elementor-col-50 elementor-top-column elementor-element elementor-element-03c4baf\" data-id=\"03c4baf\" data-element_type=\"column\">\n\t\t\t<div class=\"elementor-widget-wrap elementor-element-populated\">\n\t\t\t\t\t\t<div class=\"elementor-element elementor-element-8ff5e8f elementor-widget elementor-widget-text-editor\" data-id=\"8ff5e8f\" data-element_type=\"widget\" data-widget_type=\"text-editor.default\">\n\t\t\t\t<div class=\"elementor-widget-container\">\n\t\t\t\t\t\t\t\t\t<p>En concordancia con las funciones del Grupo de Discapacidad y en cumplimiento al art. 8\u00ba Criterio Diferencial de Accesibilidad de la Ley 1712 de 2014 \u201cTransparencia y Acceso a la Informaci\u00f3n P\u00fablica\u201d y de los siguientes art\u00edculos del Decreto Reglamentario 103 de 2015:<\/p><p><em><strong>Art. 12. Formato alternativo (\u2026)\u00a0<\/strong>se entender\u00e1 por formato alternativo, la forma, tama\u00f1o o modo en la que se presenta la informaci\u00f3n p\u00fablica o se permite su visualizaci\u00f3n o consulta para los grupos \u00e9tnicos y culturales del pa\u00eds, y para las personas en situaci\u00f3n de discapacidad, en aplicaci\u00f3n del criterio diferencial de accesibilidad.\u00a0<\/em><\/p><p>\u00a0Con relaci\u00f3n a este \u00edtem es importante anotar que la entidad cuenta con un formato accesible para las personas con Discapacidad visual; esto es en braille para dar aplicaci\u00f3n del criterio diferencial de accesibilidad. Adicional mente los funcionarios de atenci\u00f3n al ciudadano, est\u00e1n capacitados para atender de manera directa a todos los ciudadanos pertenecientes a los grupos \u00e9tnicos y culturales del pa\u00eds.<\/p><p><em><strong>Art. 13. Accesibilidad en medios electr\u00f3nicos para \u00a0la poblaci\u00f3n en situaci\u00f3n de discapacidad<\/strong>. Todos los medios de comunicaci\u00f3n electr\u00f3nica dispuestos para divulgar la informaci\u00f3n \u00a0deber\u00e1n cumplir con las directrices de accesibilidad que dicte el MinTIC a trav\u00e9s de los lineamientos que se determinen en la Estrategia de Gobierno en l\u00ednea.<\/em><\/p><p>\u00a0<\/p>\t\t\t\t\t\t\t\t<\/div>\n\t\t\t\t<\/div>\n\t\t\t\t\t<\/div>\n\t\t<\/div>\n\t\t\t\t<div class=\"elementor-column elementor-col-50 elementor-top-column elementor-element elementor-element-0474471\" data-id=\"0474471\" data-element_type=\"column\">\n\t\t\t<div class=\"elementor-widget-wrap elementor-element-populated\">\n\t\t\t\t\t\t<div class=\"elementor-element elementor-element-76bcfdd elementor-widget elementor-widget-image\" data-id=\"76bcfdd\" data-element_type=\"widget\" data-widget_type=\"image.default\">\n\t\t\t\t<div class=\"elementor-widget-container\">\n\t\t\t\t\t\t\t\t\t\t\t\t\t\t\t<img fetchpriority=\"high\" decoding=\"async\" width=\"645\" height=\"363\" src=\"https:\/\/www.ert.com.co\/wp-content\/uploads\/2019\/08\/accesibilidad-discapacidad.jpg\" class=\"attachment-full size-full wp-image-3477\" alt=\"\" srcset=\"https:\/\/www.ert.com.co\/wp-content\/uploads\/2019\/08\/accesibilidad-discapacidad.jpg 645w, https:\/\/www.ert.com.co\/wp-content\/uploads\/2019\/08\/accesibilidad-discapacidad-300x169.jpg 300w, https:\/\/www.ert.com.co\/wp-content\/uploads\/2019\/08\/accesibilidad-discapacidad-600x338.jpg 600w\" sizes=\"(max-width: 645px) 100vw, 645px\" \/>\t\t\t\t\t\t\t\t\t\t\t\t\t\t\t<\/div>\n\t\t\t\t<\/div>\n\t\t\t\t<div class=\"elementor-element elementor-element-263e09f elementor-widget elementor-widget-text-editor\" data-id=\"263e09f\" data-element_type=\"widget\" data-widget_type=\"text-editor.default\">\n\t\t\t\t<div class=\"elementor-widget-container\">\n\t\t\t\t\t\t\t\t\t<p>El Ministerio cuenta con el software CONVERTIC, el cual brinda al lector de pantalla JAWS y el magnificador MAGIC con descarga y actualizaciones gratuitas a nivel nacional durante 4 a\u00f1os. Es importante establecer que este software es de uso exclusivo para Colombia. Magic Vision es un software que permite aumentar hasta 16 veces el tama\u00f1o de las letras y cambiar los contrastes de la pantalla, para las personas con baja visi\u00f3n.\u00a0<span style=\"color: #0000ff;\"><strong><a style=\"color: #0000ff;\" href=\"http:\/\/micrositios.mintic.gov.co\/convertic\/\" target=\"_blank\" rel=\"noopener\">Descargue aqu\u00ed CONVERTIC \u00a0<\/a><\/strong><\/span><\/p><p>El software lector de pantalla Jaws transforma la informaci\u00f3n de los sistemas operativos y las aplicaciones en audio, permitiendo a las personas en condici\u00f3n de discapacidad visual utilizar los programas instalados.\u00a0<\/p><p>Cabe aclarar que estos software deben ser instalados en cada uno los equipos finales de cada usuario para que tengan el beneficio de poder disfrutar adecuadamente de los servicios ofrecidos.<\/p><p><em><strong>Art. 14. Accesibilidad a espacios f\u00edsicos para poblaci\u00f3n en situaci\u00f3n en discapacidad.<\/strong><\/em>\u00a0<em>Los sujetos obligados deben cumplir con los criterios y requisitos generales de accesibilidad y se\u00f1alizaci\u00f3n de todos los espacios f\u00edsicos destinados para la atenci\u00f3n de solicitudes de informaci\u00f3n p\u00fablica y\/o divulgaci\u00f3n de la misma, conforme a los lineamientos de la Norma T\u00e9cnica Colombiana 6047, \u201cAccesibilidad al medio f\u00edsico. Espacios de servicio al ciudadano en la Administraci\u00f3n P\u00fablica. Requisitos\u201d, o la que modifique o sustituya atendiendo al principio de ajustes razonables establecidos en dicha norma.<\/em><\/p>\t\t\t\t\t\t\t\t<\/div>\n\t\t\t\t<\/div>\n\t\t\t\t\t<\/div>\n\t\t<\/div>\n\t\t\t\t\t<\/div>\n\t\t<\/section>\n\t\t\t\t<\/div>\n\t\t","protected":false},"excerpt":{"rendered":"<p>CRITERIO DIFERENCIAL DE ACCESIBILIDAD En concordancia con las funciones del Grupo de Discapacidad y en cumplimiento al art. 8\u00ba Criterio Diferencial de Accesibilidad de la Ley 1712 de 2014 \u201cTransparencia [&hellip;]<\/p>\n","protected":false},"author":1,"featured_media":0,"parent":0,"menu_order":0,"comment_status":"closed","ping_status":"closed","template":"elementor_header_footer","meta":{"_EventAllDay":false,"_EventTimezone":"","_EventStartDate":"","_EventEndDate":"","_EventStartDateUTC":"","_EventEndDateUTC":"","_EventShowMap":false,"_EventShowMapLink":false,"_EventURL":"","_EventCost":"","_EventCostDescription":"","_EventCurrencySymbol":"","_EventCurrencyCode":"","_EventCurrencyPosition":"","_EventDateTimeSeparator":"","_EventTimeRangeSeparator":"","_EventOrganizerID":[],"_EventVenueID":[],"_OrganizerEmail":"","_OrganizerPhone":"","_OrganizerWebsite":"","_VenueAddress":"","_VenueCity":"","_VenueCountry":"","_VenueProvince":"","_VenueState":"","_VenueZip":"","_VenuePhone":"","_VenueURL":"","_VenueStateProvince":"","_VenueLat":"","_VenueLng":"","_VenueShowMap":false,"_VenueShowMapLink":false,"footnotes":""},"class_list":["post-3473","page","type-page","status-publish","hentry","entry"],"yoast_head":"<!-- This site is optimized with the Yoast SEO plugin v27.6 - https:\/\/yoast.com\/product\/yoast-seo-wordpress\/ -->\n<title>Criterio Diferencial de Accesibilidad - ERT ESP<\/title>\n<meta name=\"robots\" content=\"index, follow, max-snippet:-1, max-image-preview:large, max-video-preview:-1\" \/>\n<link rel=\"canonical\" href=\"https:\/\/www.ert.com.co\/index.php\/criterio-diferencial-de-accesibilidad\/\" \/>\n<meta property=\"og:locale\" content=\"es_ES\" \/>\n<meta property=\"og:type\" content=\"article\" \/>\n<meta property=\"og:title\" content=\"Criterio Diferencial de Accesibilidad - ERT ESP\" \/>\n<meta property=\"og:description\" content=\"CRITERIO DIFERENCIAL DE ACCESIBILIDAD En concordancia con las funciones del Grupo de Discapacidad y en cumplimiento al art. 8\u00ba Criterio Diferencial de Accesibilidad de la Ley 1712 de 2014 \u201cTransparencia [&hellip;]\" \/>\n<meta property=\"og:url\" content=\"https:\/\/www.ert.com.co\/index.php\/criterio-diferencial-de-accesibilidad\/\" \/>\n<meta property=\"og:site_name\" content=\"ERT ESP\" \/>\n<meta property=\"article:modified_time\" content=\"2019-08-15T16:52:53+00:00\" \/>\n<meta property=\"og:image\" content=\"http:\/\/www.ert.com.co\/wp-content\/uploads\/2019\/08\/accesibilidad-discapacidad.jpg\" \/>\n<meta name=\"twitter:card\" content=\"summary_large_image\" \/>\n<meta name=\"twitter:label1\" content=\"Tiempo de lectura\" \/>\n\t<meta name=\"twitter:data1\" content=\"2 minutos\" \/>\n<script type=\"application\/ld+json\" class=\"yoast-schema-graph\">{\"@context\":\"https:\\\/\\\/schema.org\",\"@graph\":[{\"@type\":\"WebPage\",\"@id\":\"https:\\\/\\\/www.ert.com.co\\\/index.php\\\/criterio-diferencial-de-accesibilidad\\\/\",\"url\":\"https:\\\/\\\/www.ert.com.co\\\/index.php\\\/criterio-diferencial-de-accesibilidad\\\/\",\"name\":\"Criterio Diferencial de Accesibilidad - ERT ESP\",\"isPartOf\":{\"@id\":\"https:\\\/\\\/www.ert.com.co\\\/#website\"},\"primaryImageOfPage\":{\"@id\":\"https:\\\/\\\/www.ert.com.co\\\/index.php\\\/criterio-diferencial-de-accesibilidad\\\/#primaryimage\"},\"image\":{\"@id\":\"https:\\\/\\\/www.ert.com.co\\\/index.php\\\/criterio-diferencial-de-accesibilidad\\\/#primaryimage\"},\"thumbnailUrl\":\"http:\\\/\\\/www.ert.com.co\\\/wp-content\\\/uploads\\\/2019\\\/08\\\/accesibilidad-discapacidad.jpg\",\"datePublished\":\"2019-08-15T16:10:57+00:00\",\"dateModified\":\"2019-08-15T16:52:53+00:00\",\"breadcrumb\":{\"@id\":\"https:\\\/\\\/www.ert.com.co\\\/index.php\\\/criterio-diferencial-de-accesibilidad\\\/#breadcrumb\"},\"inLanguage\":\"es\",\"potentialAction\":[{\"@type\":\"ReadAction\",\"target\":[\"https:\\\/\\\/www.ert.com.co\\\/index.php\\\/criterio-diferencial-de-accesibilidad\\\/\"]}]},{\"@type\":\"ImageObject\",\"inLanguage\":\"es\",\"@id\":\"https:\\\/\\\/www.ert.com.co\\\/index.php\\\/criterio-diferencial-de-accesibilidad\\\/#primaryimage\",\"url\":\"http:\\\/\\\/www.ert.com.co\\\/wp-content\\\/uploads\\\/2019\\\/08\\\/accesibilidad-discapacidad.jpg\",\"contentUrl\":\"http:\\\/\\\/www.ert.com.co\\\/wp-content\\\/uploads\\\/2019\\\/08\\\/accesibilidad-discapacidad.jpg\"},{\"@type\":\"BreadcrumbList\",\"@id\":\"https:\\\/\\\/www.ert.com.co\\\/index.php\\\/criterio-diferencial-de-accesibilidad\\\/#breadcrumb\",\"itemListElement\":[{\"@type\":\"ListItem\",\"position\":1,\"name\":\"Portada\",\"item\":\"https:\\\/\\\/www.ert.com.co\\\/\"},{\"@type\":\"ListItem\",\"position\":2,\"name\":\"Criterio Diferencial de Accesibilidad\"}]},{\"@type\":\"WebSite\",\"@id\":\"https:\\\/\\\/www.ert.com.co\\\/#website\",\"url\":\"https:\\\/\\\/www.ert.com.co\\\/\",\"name\":\"ERT ESP\",\"description\":\"Te conecta a lo que quieres\",\"potentialAction\":[{\"@type\":\"SearchAction\",\"target\":{\"@type\":\"EntryPoint\",\"urlTemplate\":\"https:\\\/\\\/www.ert.com.co\\\/?s={search_term_string}\"},\"query-input\":{\"@type\":\"PropertyValueSpecification\",\"valueRequired\":true,\"valueName\":\"search_term_string\"}}],\"inLanguage\":\"es\"}]}<\/script>\n<!-- \/ Yoast SEO plugin. -->","yoast_head_json":{"title":"Criterio Diferencial de Accesibilidad - ERT ESP","robots":{"index":"index","follow":"follow","max-snippet":"max-snippet:-1","max-image-preview":"max-image-preview:large","max-video-preview":"max-video-preview:-1"},"canonical":"https:\/\/www.ert.com.co\/index.php\/criterio-diferencial-de-accesibilidad\/","og_locale":"es_ES","og_type":"article","og_title":"Criterio Diferencial de Accesibilidad - ERT ESP","og_description":"CRITERIO DIFERENCIAL DE ACCESIBILIDAD En concordancia con las funciones del Grupo de Discapacidad y en cumplimiento al art. 8\u00ba Criterio Diferencial de Accesibilidad de la Ley 1712 de 2014 \u201cTransparencia [&hellip;]","og_url":"https:\/\/www.ert.com.co\/index.php\/criterio-diferencial-de-accesibilidad\/","og_site_name":"ERT ESP","article_modified_time":"2019-08-15T16:52:53+00:00","og_image":[{"url":"http:\/\/www.ert.com.co\/wp-content\/uploads\/2019\/08\/accesibilidad-discapacidad.jpg","type":"","width":"","height":""}],"twitter_card":"summary_large_image","twitter_misc":{"Tiempo de lectura":"2 minutos"},"schema":{"@context":"https:\/\/schema.org","@graph":[{"@type":"WebPage","@id":"https:\/\/www.ert.com.co\/index.php\/criterio-diferencial-de-accesibilidad\/","url":"https:\/\/www.ert.com.co\/index.php\/criterio-diferencial-de-accesibilidad\/","name":"Criterio Diferencial de Accesibilidad - ERT ESP","isPartOf":{"@id":"https:\/\/www.ert.com.co\/#website"},"primaryImageOfPage":{"@id":"https:\/\/www.ert.com.co\/index.php\/criterio-diferencial-de-accesibilidad\/#primaryimage"},"image":{"@id":"https:\/\/www.ert.com.co\/index.php\/criterio-diferencial-de-accesibilidad\/#primaryimage"},"thumbnailUrl":"http:\/\/www.ert.com.co\/wp-content\/uploads\/2019\/08\/accesibilidad-discapacidad.jpg","datePublished":"2019-08-15T16:10:57+00:00","dateModified":"2019-08-15T16:52:53+00:00","breadcrumb":{"@id":"https:\/\/www.ert.com.co\/index.php\/criterio-diferencial-de-accesibilidad\/#breadcrumb"},"inLanguage":"es","potentialAction":[{"@type":"ReadAction","target":["https:\/\/www.ert.com.co\/index.php\/criterio-diferencial-de-accesibilidad\/"]}]},{"@type":"ImageObject","inLanguage":"es","@id":"https:\/\/www.ert.com.co\/index.php\/criterio-diferencial-de-accesibilidad\/#primaryimage","url":"http:\/\/www.ert.com.co\/wp-content\/uploads\/2019\/08\/accesibilidad-discapacidad.jpg","contentUrl":"http:\/\/www.ert.com.co\/wp-content\/uploads\/2019\/08\/accesibilidad-discapacidad.jpg"},{"@type":"BreadcrumbList","@id":"https:\/\/www.ert.com.co\/index.php\/criterio-diferencial-de-accesibilidad\/#breadcrumb","itemListElement":[{"@type":"ListItem","position":1,"name":"Portada","item":"https:\/\/www.ert.com.co\/"},{"@type":"ListItem","position":2,"name":"Criterio Diferencial de Accesibilidad"}]},{"@type":"WebSite","@id":"https:\/\/www.ert.com.co\/#website","url":"https:\/\/www.ert.com.co\/","name":"ERT ESP","description":"Te conecta a lo que quieres","potentialAction":[{"@type":"SearchAction","target":{"@type":"EntryPoint","urlTemplate":"https:\/\/www.ert.com.co\/?s={search_term_string}"},"query-input":{"@type":"PropertyValueSpecification","valueRequired":true,"valueName":"search_term_string"}}],"inLanguage":"es"}]}},"_links":{"self":[{"href":"https:\/\/www.ert.com.co\/index.php\/wp-json\/wp\/v2\/pages\/3473","targetHints":{"allow":["GET"]}}],"collection":[{"href":"https:\/\/www.ert.com.co\/index.php\/wp-json\/wp\/v2\/pages"}],"about":[{"href":"https:\/\/www.ert.com.co\/index.php\/wp-json\/wp\/v2\/types\/page"}],"author":[{"embeddable":true,"href":"https:\/\/www.ert.com.co\/index.php\/wp-json\/wp\/v2\/users\/1"}],"replies":[{"embeddable":true,"href":"https:\/\/www.ert.com.co\/index.php\/wp-json\/wp\/v2\/comments?post=3473"}],"version-history":[{"count":0,"href":"https:\/\/www.ert.com.co\/index.php\/wp-json\/wp\/v2\/pages\/3473\/revisions"}],"wp:attachment":[{"href":"https:\/\/www.ert.com.co\/index.php\/wp-json\/wp\/v2\/media?parent=3473"}],"curies":[{"name":"wp","href":"https:\/\/api.w.org\/{rel}","templated":true}]}}