{"id":4830,"date":"2022-02-21T14:29:26","date_gmt":"2022-02-21T19:29:26","guid":{"rendered":"https:\/\/www.ert.com.co\/?page_id=4830"},"modified":"2022-02-22T10:13:00","modified_gmt":"2022-02-22T15:13:00","slug":"portal-servicios","status":"publish","type":"page","link":"https:\/\/www.ert.com.co\/index.php\/portal-servicios\/","title":{"rendered":"Portal Servicios"},"content":{"rendered":"\t\t<div data-elementor-type=\"wp-page\" data-elementor-id=\"4830\" class=\"elementor elementor-4830\">\n\t\t\t\t\t\t<section class=\"elementor-section elementor-top-section elementor-element elementor-element-6bd686e elementor-section-boxed elementor-section-height-default elementor-section-height-default\" data-id=\"6bd686e\" data-element_type=\"section\">\n\t\t\t\t\t\t<div class=\"elementor-container elementor-column-gap-default\">\n\t\t\t\t\t<div class=\"elementor-column elementor-col-100 elementor-top-column elementor-element elementor-element-01f8090\" data-id=\"01f8090\" data-element_type=\"column\">\n\t\t\t<div class=\"elementor-widget-wrap elementor-element-populated\">\n\t\t\t\t\t\t<div class=\"elementor-element elementor-element-21d263e elementor-widget elementor-widget-heading\" data-id=\"21d263e\" data-element_type=\"widget\" data-widget_type=\"heading.default\">\n\t\t\t\t<div class=\"elementor-widget-container\">\n\t\t\t\t\t<h1 class=\"elementor-heading-title elementor-size-default\">PORTAL DE SERVICIOS<\/h1>\t\t\t\t<\/div>\n\t\t\t\t<\/div>\n\t\t\t\t<div class=\"elementor-element elementor-element-d74239b elementor-widget elementor-widget-text-editor\" data-id=\"d74239b\" data-element_type=\"widget\" data-widget_type=\"text-editor.default\">\n\t\t\t\t<div class=\"elementor-widget-container\">\n\t\t\t\t\t\t\t\t\t<p><span style=\"color: #000000;\">Bienvenidos al Portal de Servicios de ERT, para crear su cuenta de usuario por favor pulse el bot\u00f3n de <strong>Registro<\/strong> ubicado en la parte inferior de esta p\u00e1gina, si ya realiz\u00f3 su registro puede usar el bot\u00f3n <strong>Ingreso<\/strong> ubicado al final de esta p\u00e1gina.\u00a0<\/span><\/p><p><span style=\"color: #000000;\">Recuerde que para poder registrarse debe tener a la mano una factura de no m\u00e1s de dos meses de emitida, <strong>facturas m\u00e1s antiguas no servir\u00e1n<\/strong> para el registro.<\/span><\/p>\t\t\t\t\t\t\t\t<\/div>\n\t\t\t\t<\/div>\n\t\t\t\t\t<\/div>\n\t\t<\/div>\n\t\t\t\t\t<\/div>\n\t\t<\/section>\n\t\t\t\t<section class=\"elementor-section elementor-top-section elementor-element elementor-element-31e9785 elementor-section-boxed elementor-section-height-default elementor-section-height-default\" data-id=\"31e9785\" data-element_type=\"section\">\n\t\t\t\t\t\t<div class=\"elementor-container elementor-column-gap-default\">\n\t\t\t\t\t<div class=\"elementor-column elementor-col-33 elementor-top-column elementor-element elementor-element-9af34ac\" data-id=\"9af34ac\" data-element_type=\"column\">\n\t\t\t<div class=\"elementor-widget-wrap elementor-element-populated\">\n\t\t\t\t\t\t<div class=\"elementor-element elementor-element-a99b529 elementor-button-success elementor-align-center elementor-widget elementor-widget-button\" data-id=\"a99b529\" data-element_type=\"widget\" data-widget_type=\"button.default\">\n\t\t\t\t<div class=\"elementor-widget-container\">\n\t\t\t\t\t\t\t\t\t<div class=\"elementor-button-wrapper\">\n\t\t\t\t\t<a class=\"elementor-button elementor-size-sm\" role=\"button\">\n\t\t\t\t\t\t<span class=\"elementor-button-content-wrapper\">\n\t\t\t\t\t\t\t\t\t<span class=\"elementor-button-text\">PROCESO DE REGISTRO<\/span>\n\t\t\t\t\t<\/span>\n\t\t\t\t\t<\/a>\n\t\t\t\t<\/div>\n\t\t\t\t\t\t\t\t<\/div>\n\t\t\t\t<\/div>\n\t\t\t\t<div class=\"elementor-element elementor-element-8ae6013 elementor-widget elementor-widget-text-editor\" data-id=\"8ae6013\" data-element_type=\"widget\" data-widget_type=\"text-editor.default\">\n\t\t\t\t<div class=\"elementor-widget-container\">\n\t\t\t\t\t\t\t\t\t<p><span style=\"color: #000000;\">Recuerde solo se debe registrar una sola vez, el usuario de ingreso al portal ser\u00e1 el correo que escriba en el formulario de registro y la contrase\u00f1a se le env\u00eda a este correo para que luego la cambie.<\/span><\/p><p><span style=\"color: #000000;\">El proceso de registro consta de 2 pasos:<\/span><\/p><ol><li><span style=\"color: #000000;\">Ingresar Datos personales<\/span><\/li><li><span style=\"color: #000000;\">Digite el codigo de Verificaci\u00f3n <br \/><\/span><\/li><\/ol><p><span style=\"color: #000000;\">Solo despu\u00e9s de realizar estos dos pasos, su registro ser\u00e1 exitoso.<\/span><\/p>\t\t\t\t\t\t\t\t<\/div>\n\t\t\t\t<\/div>\n\t\t\t\t\t<\/div>\n\t\t<\/div>\n\t\t\t\t<div class=\"elementor-column elementor-col-33 elementor-top-column elementor-element elementor-element-b91f135\" data-id=\"b91f135\" data-element_type=\"column\">\n\t\t\t<div class=\"elementor-widget-wrap elementor-element-populated\">\n\t\t\t\t\t\t<div class=\"elementor-element elementor-element-b4e9588 elementor-button-success elementor-align-center elementor-widget elementor-widget-button\" data-id=\"b4e9588\" data-element_type=\"widget\" data-widget_type=\"button.default\">\n\t\t\t\t<div class=\"elementor-widget-container\">\n\t\t\t\t\t\t\t\t\t<div class=\"elementor-button-wrapper\">\n\t\t\t\t\t<a class=\"elementor-button elementor-size-sm\" role=\"button\">\n\t\t\t\t\t\t<span class=\"elementor-button-content-wrapper\">\n\t\t\t\t\t\t\t\t\t<span class=\"elementor-button-text\">\u00bfPARA QU\u00c9 REGISTRARME?<\/span>\n\t\t\t\t\t<\/span>\n\t\t\t\t\t<\/a>\n\t\t\t\t<\/div>\n\t\t\t\t\t\t\t\t<\/div>\n\t\t\t\t<\/div>\n\t\t\t\t<div class=\"elementor-element elementor-element-c18455c elementor-widget elementor-widget-text-editor\" data-id=\"c18455c\" data-element_type=\"widget\" data-widget_type=\"text-editor.default\">\n\t\t\t\t<div class=\"elementor-widget-container\">\n\t\t\t\t\t\t\t\t\t<p><span style=\"color: #000000;\">Despu\u00e9s de registrarse y tener su contrase\u00f1a debe dirigirse al bot\u00f3n <strong>Ingreso<\/strong> al final de esta p\u00e1gina, o a la opci\u00f3n de <strong>\u00abIniciar Sesi\u00f3n\u00bb<\/strong> en la parte superior derecha del portal.<\/span><\/p><p><span style=\"color: #000000;\">Una vez active su cuenta de usuario, podr\u00e1 acceder a los siguientes servicios:<\/span><\/p><ol><li><span style=\"color: #000000;\">Duplicados de sus facturas registradas<\/span><\/li><li><span style=\"color: #000000;\">Centros de atenci\u00f3n m\u00e1s cercanos<\/span><\/li><li><span style=\"color: #000000;\">Servicios de telecomunicaciones<\/span><\/li><li><span style=\"color: #000000;\">Registro de PQR&#8217;s de Telecomunicaciones<\/span><\/li><li><span style=\"color: #000000;\">Consulta del estado de una PQR- CUN<\/span><\/li><li><span style=\"color: #000000;\">Retiro de env\u00edo de factura digital en la secci\u00f3n Actualizar Perfil, Actualizar Perfil y Contratos.<\/span><\/li><li><span style=\"color: #000000;\">Pago de Facturas<\/span><\/li><li><span style=\"color: #000000;\">Verificacion de Velocidad de Upload\/Download<\/span><\/li><li><span style=\"color: #000000;\">Verificaci\u00f3n de Tipo de Contrato<\/span><\/li><li><span style=\"color: #000000;\">\u00a0<\/span><\/li><\/ol><p><span style=\"color: #000000;\">\u00a0<\/span><\/p><p><span style=\"color: #000000;\">El proceso de registro consta de 2 pasos:<\/span><\/p><ol><li><span style=\"color: #000000;\">Ingresar Datos personales<\/span><\/li><li><span style=\"color: #000000;\">Agregar Contratos<\/span><\/li><\/ol><p><span style=\"color: #000000;\">Solo despu\u00e9s de realizar estos dos pasos, su registro ser\u00e1 exitoso.<\/span><\/p>\t\t\t\t\t\t\t\t<\/div>\n\t\t\t\t<\/div>\n\t\t\t\t\t<\/div>\n\t\t<\/div>\n\t\t\t\t<div class=\"elementor-column elementor-col-33 elementor-top-column elementor-element elementor-element-ab62305\" data-id=\"ab62305\" data-element_type=\"column\">\n\t\t\t<div class=\"elementor-widget-wrap elementor-element-populated\">\n\t\t\t\t\t\t<div class=\"elementor-element elementor-element-a2b47b2 elementor-button-success elementor-align-center elementor-widget elementor-widget-button\" data-id=\"a2b47b2\" data-element_type=\"widget\" data-widget_type=\"button.default\">\n\t\t\t\t<div class=\"elementor-widget-container\">\n\t\t\t\t\t\t\t\t\t<div class=\"elementor-button-wrapper\">\n\t\t\t\t\t<a class=\"elementor-button elementor-size-sm\" role=\"button\">\n\t\t\t\t\t\t<span class=\"elementor-button-content-wrapper\">\n\t\t\t\t\t\t\t\t\t<span class=\"elementor-button-text\">\u00bfOLVID\u00d3 SU CONTRASE\u00d1A?<\/span>\n\t\t\t\t\t<\/span>\n\t\t\t\t\t<\/a>\n\t\t\t\t<\/div>\n\t\t\t\t\t\t\t\t<\/div>\n\t\t\t\t<\/div>\n\t\t\t\t<div class=\"elementor-element elementor-element-2945378 elementor-widget elementor-widget-text-editor\" data-id=\"2945378\" data-element_type=\"widget\" data-widget_type=\"text-editor.default\">\n\t\t\t\t<div class=\"elementor-widget-container\">\n\t\t\t\t\t\t\t\t\t<p><span style=\"color: #000000;\">Si estando registrado olvid\u00f3 su contrase\u00f1a realizar los siguientes pasos:<\/span><\/p>\n<ol>\n<li><span style=\"color: #000000;\">Pulse en el enlace <strong>\u00abIniciar Sesi\u00f3n\u201d<\/strong>, o en el bot\u00f3n <strong>Ingreso<\/strong> al final de esta p\u00e1gina.<\/span><\/li>\n<li><span style=\"color: #000000;\">Pulse sobre el enlace <strong>\u00abHe olvidado mi contrase\u00f1a\u00bb<\/strong>, escriba el correo con el que se registr\u00f3 y el texto de verificaci\u00f3n y se le enviar\u00e1 a su correo registrado un enlace para el cambio de contrase\u00f1a.<\/span><\/li>\n<\/ol><br>\t\t\t\t\t\t\t\t<\/div>\n\t\t\t\t<\/div>\n\t\t\t\t\t<\/div>\n\t\t<\/div>\n\t\t\t\t\t<\/div>\n\t\t<\/section>\n\t\t\t\t<section class=\"elementor-section elementor-top-section elementor-element elementor-element-a7b1e0e elementor-section-boxed elementor-section-height-default elementor-section-height-default\" data-id=\"a7b1e0e\" data-element_type=\"section\">\n\t\t\t\t\t\t<div class=\"elementor-container elementor-column-gap-default\">\n\t\t\t\t\t<div class=\"elementor-column elementor-col-50 elementor-top-column elementor-element elementor-element-8dc274d\" data-id=\"8dc274d\" data-element_type=\"column\">\n\t\t\t<div class=\"elementor-widget-wrap elementor-element-populated\">\n\t\t\t\t\t\t<div class=\"elementor-element elementor-element-6394b0e elementor-widget elementor-widget-image\" data-id=\"6394b0e\" data-element_type=\"widget\" data-widget_type=\"image.default\">\n\t\t\t\t<div class=\"elementor-widget-container\">\n\t\t\t\t\t\t\t\t\t\t\t\t\t\t\t\t<a href=\"https:\/\/contratovirtual.ert.com.co\/rwebd\/registro\">\n\t\t\t\t\t\t\t<img decoding=\"async\" width=\"125\" height=\"125\" src=\"https:\/\/www.ert.com.co\/wp-content\/uploads\/2022\/02\/registro.png\" class=\"elementor-animation-pulse-grow attachment-large size-large wp-image-4835\" alt=\"\" srcset=\"https:\/\/www.ert.com.co\/wp-content\/uploads\/2022\/02\/registro.png 125w, https:\/\/www.ert.com.co\/wp-content\/uploads\/2022\/02\/registro-100x100.png 100w\" sizes=\"(max-width: 125px) 100vw, 125px\" \/>\t\t\t\t\t\t\t\t<\/a>\n\t\t\t\t\t\t\t\t\t\t\t\t\t\t\t<\/div>\n\t\t\t\t<\/div>\n\t\t\t\t\t<\/div>\n\t\t<\/div>\n\t\t\t\t<div class=\"elementor-column elementor-col-50 elementor-top-column elementor-element elementor-element-96e2186\" data-id=\"96e2186\" data-element_type=\"column\">\n\t\t\t<div class=\"elementor-widget-wrap elementor-element-populated\">\n\t\t\t\t\t\t<div class=\"elementor-element elementor-element-53dc2f3 elementor-widget elementor-widget-image\" data-id=\"53dc2f3\" data-element_type=\"widget\" data-widget_type=\"image.default\">\n\t\t\t\t<div class=\"elementor-widget-container\">\n\t\t\t\t\t\t\t\t\t\t\t\t\t\t\t\t<a href=\"https:\/\/contratovirtual.ert.com.co\/rwebd\/#\">\n\t\t\t\t\t\t\t<img decoding=\"async\" width=\"125\" height=\"125\" src=\"https:\/\/www.ert.com.co\/wp-content\/uploads\/2022\/02\/ingreso.png\" class=\"elementor-animation-pulse-grow attachment-large size-large wp-image-4834\" alt=\"\" srcset=\"https:\/\/www.ert.com.co\/wp-content\/uploads\/2022\/02\/ingreso.png 125w, https:\/\/www.ert.com.co\/wp-content\/uploads\/2022\/02\/ingreso-100x100.png 100w\" sizes=\"(max-width: 125px) 100vw, 125px\" \/>\t\t\t\t\t\t\t\t<\/a>\n\t\t\t\t\t\t\t\t\t\t\t\t\t\t\t<\/div>\n\t\t\t\t<\/div>\n\t\t\t\t\t<\/div>\n\t\t<\/div>\n\t\t\t\t\t<\/div>\n\t\t<\/section>\n\t\t\t\t<\/div>\n\t\t","protected":false},"excerpt":{"rendered":"<p>PORTAL DE SERVICIOS Bienvenidos al Portal de Servicios de ERT, para crear su cuenta de usuario por favor pulse el bot\u00f3n de Registro ubicado en la parte inferior de esta [&hellip;]<\/p>\n","protected":false},"author":1,"featured_media":0,"parent":0,"menu_order":0,"comment_status":"closed","ping_status":"closed","template":"elementor_header_footer","meta":{"_EventAllDay":false,"_EventTimezone":"","_EventStartDate":"","_EventEndDate":"","_EventStartDateUTC":"","_EventEndDateUTC":"","_EventShowMap":false,"_EventShowMapLink":false,"_EventURL":"","_EventCost":"","_EventCostDescription":"","_EventCurrencySymbol":"","_EventCurrencyCode":"","_EventCurrencyPosition":"","_EventDateTimeSeparator":"","_EventTimeRangeSeparator":"","_EventOrganizerID":[],"_EventVenueID":[],"_OrganizerEmail":"","_OrganizerPhone":"","_OrganizerWebsite":"","_VenueAddress":"","_VenueCity":"","_VenueCountry":"","_VenueProvince":"","_VenueState":"","_VenueZip":"","_VenuePhone":"","_VenueURL":"","_VenueStateProvince":"","_VenueLat":"","_VenueLng":"","_VenueShowMap":false,"_VenueShowMapLink":false,"footnotes":""},"class_list":["post-4830","page","type-page","status-publish","hentry","entry"],"yoast_head":"<!-- This site is optimized with the Yoast SEO plugin v27.1.1 - https:\/\/yoast.com\/product\/yoast-seo-wordpress\/ -->\n<title>Portal Servicios - ERT ESP<\/title>\n<meta name=\"robots\" content=\"index, follow, max-snippet:-1, max-image-preview:large, max-video-preview:-1\" \/>\n<link rel=\"canonical\" href=\"https:\/\/www.ert.com.co\/index.php\/portal-servicios\/\" \/>\n<meta property=\"og:locale\" content=\"es_ES\" \/>\n<meta property=\"og:type\" content=\"article\" \/>\n<meta property=\"og:title\" content=\"Portal Servicios - ERT ESP\" \/>\n<meta property=\"og:description\" content=\"PORTAL DE SERVICIOS Bienvenidos al Portal de Servicios de ERT, para crear su cuenta de usuario por favor pulse el bot\u00f3n de Registro ubicado en la parte inferior de esta [&hellip;]\" \/>\n<meta property=\"og:url\" content=\"https:\/\/www.ert.com.co\/index.php\/portal-servicios\/\" \/>\n<meta property=\"og:site_name\" content=\"ERT ESP\" \/>\n<meta property=\"article:modified_time\" content=\"2022-02-22T15:13:00+00:00\" \/>\n<meta property=\"og:image\" content=\"https:\/\/www.ert.com.co\/wp-content\/uploads\/2022\/02\/registro.png\" \/>\n<meta name=\"twitter:card\" content=\"summary_large_image\" \/>\n<meta name=\"twitter:label1\" content=\"Tiempo de lectura\" \/>\n\t<meta name=\"twitter:data1\" content=\"2 minutos\" \/>\n<script type=\"application\/ld+json\" class=\"yoast-schema-graph\">{\"@context\":\"https:\/\/schema.org\",\"@graph\":[{\"@type\":\"WebPage\",\"@id\":\"https:\/\/www.ert.com.co\/index.php\/portal-servicios\/\",\"url\":\"https:\/\/www.ert.com.co\/index.php\/portal-servicios\/\",\"name\":\"Portal Servicios - ERT ESP\",\"isPartOf\":{\"@id\":\"https:\/\/www.ert.com.co\/#website\"},\"primaryImageOfPage\":{\"@id\":\"https:\/\/www.ert.com.co\/index.php\/portal-servicios\/#primaryimage\"},\"image\":{\"@id\":\"https:\/\/www.ert.com.co\/index.php\/portal-servicios\/#primaryimage\"},\"thumbnailUrl\":\"https:\/\/www.ert.com.co\/wp-content\/uploads\/2022\/02\/registro.png\",\"datePublished\":\"2022-02-21T19:29:26+00:00\",\"dateModified\":\"2022-02-22T15:13:00+00:00\",\"breadcrumb\":{\"@id\":\"https:\/\/www.ert.com.co\/index.php\/portal-servicios\/#breadcrumb\"},\"inLanguage\":\"es\",\"potentialAction\":[{\"@type\":\"ReadAction\",\"target\":[\"https:\/\/www.ert.com.co\/index.php\/portal-servicios\/\"]}]},{\"@type\":\"ImageObject\",\"inLanguage\":\"es\",\"@id\":\"https:\/\/www.ert.com.co\/index.php\/portal-servicios\/#primaryimage\",\"url\":\"https:\/\/www.ert.com.co\/wp-content\/uploads\/2022\/02\/registro.png\",\"contentUrl\":\"https:\/\/www.ert.com.co\/wp-content\/uploads\/2022\/02\/registro.png\",\"width\":125,\"height\":125},{\"@type\":\"BreadcrumbList\",\"@id\":\"https:\/\/www.ert.com.co\/index.php\/portal-servicios\/#breadcrumb\",\"itemListElement\":[{\"@type\":\"ListItem\",\"position\":1,\"name\":\"Portada\",\"item\":\"https:\/\/www.ert.com.co\/\"},{\"@type\":\"ListItem\",\"position\":2,\"name\":\"Portal Servicios\"}]},{\"@type\":\"WebSite\",\"@id\":\"https:\/\/www.ert.com.co\/#website\",\"url\":\"https:\/\/www.ert.com.co\/\",\"name\":\"ERT ESP\",\"description\":\"Te conecta a lo que quieres\",\"potentialAction\":[{\"@type\":\"SearchAction\",\"target\":{\"@type\":\"EntryPoint\",\"urlTemplate\":\"https:\/\/www.ert.com.co\/?s={search_term_string}\"},\"query-input\":{\"@type\":\"PropertyValueSpecification\",\"valueRequired\":true,\"valueName\":\"search_term_string\"}}],\"inLanguage\":\"es\"}]}<\/script>\n<!-- \/ Yoast SEO plugin. -->","yoast_head_json":{"title":"Portal Servicios - ERT ESP","robots":{"index":"index","follow":"follow","max-snippet":"max-snippet:-1","max-image-preview":"max-image-preview:large","max-video-preview":"max-video-preview:-1"},"canonical":"https:\/\/www.ert.com.co\/index.php\/portal-servicios\/","og_locale":"es_ES","og_type":"article","og_title":"Portal Servicios - ERT ESP","og_description":"PORTAL DE SERVICIOS Bienvenidos al Portal de Servicios de ERT, para crear su cuenta de usuario por favor pulse el bot\u00f3n de Registro ubicado en la parte inferior de esta [&hellip;]","og_url":"https:\/\/www.ert.com.co\/index.php\/portal-servicios\/","og_site_name":"ERT ESP","article_modified_time":"2022-02-22T15:13:00+00:00","og_image":[{"url":"https:\/\/www.ert.com.co\/wp-content\/uploads\/2022\/02\/registro.png","type":"","width":"","height":""}],"twitter_card":"summary_large_image","twitter_misc":{"Tiempo de lectura":"2 minutos"},"schema":{"@context":"https:\/\/schema.org","@graph":[{"@type":"WebPage","@id":"https:\/\/www.ert.com.co\/index.php\/portal-servicios\/","url":"https:\/\/www.ert.com.co\/index.php\/portal-servicios\/","name":"Portal Servicios - ERT ESP","isPartOf":{"@id":"https:\/\/www.ert.com.co\/#website"},"primaryImageOfPage":{"@id":"https:\/\/www.ert.com.co\/index.php\/portal-servicios\/#primaryimage"},"image":{"@id":"https:\/\/www.ert.com.co\/index.php\/portal-servicios\/#primaryimage"},"thumbnailUrl":"https:\/\/www.ert.com.co\/wp-content\/uploads\/2022\/02\/registro.png","datePublished":"2022-02-21T19:29:26+00:00","dateModified":"2022-02-22T15:13:00+00:00","breadcrumb":{"@id":"https:\/\/www.ert.com.co\/index.php\/portal-servicios\/#breadcrumb"},"inLanguage":"es","potentialAction":[{"@type":"ReadAction","target":["https:\/\/www.ert.com.co\/index.php\/portal-servicios\/"]}]},{"@type":"ImageObject","inLanguage":"es","@id":"https:\/\/www.ert.com.co\/index.php\/portal-servicios\/#primaryimage","url":"https:\/\/www.ert.com.co\/wp-content\/uploads\/2022\/02\/registro.png","contentUrl":"https:\/\/www.ert.com.co\/wp-content\/uploads\/2022\/02\/registro.png","width":125,"height":125},{"@type":"BreadcrumbList","@id":"https:\/\/www.ert.com.co\/index.php\/portal-servicios\/#breadcrumb","itemListElement":[{"@type":"ListItem","position":1,"name":"Portada","item":"https:\/\/www.ert.com.co\/"},{"@type":"ListItem","position":2,"name":"Portal Servicios"}]},{"@type":"WebSite","@id":"https:\/\/www.ert.com.co\/#website","url":"https:\/\/www.ert.com.co\/","name":"ERT ESP","description":"Te conecta a lo que quieres","potentialAction":[{"@type":"SearchAction","target":{"@type":"EntryPoint","urlTemplate":"https:\/\/www.ert.com.co\/?s={search_term_string}"},"query-input":{"@type":"PropertyValueSpecification","valueRequired":true,"valueName":"search_term_string"}}],"inLanguage":"es"}]}},"_links":{"self":[{"href":"https:\/\/www.ert.com.co\/index.php\/wp-json\/wp\/v2\/pages\/4830","targetHints":{"allow":["GET"]}}],"collection":[{"href":"https:\/\/www.ert.com.co\/index.php\/wp-json\/wp\/v2\/pages"}],"about":[{"href":"https:\/\/www.ert.com.co\/index.php\/wp-json\/wp\/v2\/types\/page"}],"author":[{"embeddable":true,"href":"https:\/\/www.ert.com.co\/index.php\/wp-json\/wp\/v2\/users\/1"}],"replies":[{"embeddable":true,"href":"https:\/\/www.ert.com.co\/index.php\/wp-json\/wp\/v2\/comments?post=4830"}],"version-history":[{"count":0,"href":"https:\/\/www.ert.com.co\/index.php\/wp-json\/wp\/v2\/pages\/4830\/revisions"}],"wp:attachment":[{"href":"https:\/\/www.ert.com.co\/index.php\/wp-json\/wp\/v2\/media?parent=4830"}],"curies":[{"name":"wp","href":"https:\/\/api.w.org\/{rel}","templated":true}]}}